{"id":9512,"date":"2021-11-20T10:43:18","date_gmt":"2021-11-20T07:43:18","guid":{"rendered":"https:\/\/atabeymakina.com\/spider-boom\/"},"modified":"2025-12-08T14:26:14","modified_gmt":"2025-12-08T11:26:14","slug":"distribuidores-hidraulicos","status":"publish","type":"page","link":"https:\/\/atabeymakina.com\/es\/distribuidores-de-hormigon\/distribuidores-hidraulicos\/","title":{"rendered":"Distribuidores Hidr\u00e1ulicos"},"content":{"rendered":"<div class=\"wpb-content-wrapper\"><p>[vc_row css=&#8221;.vc_custom_1637578846052{margin-bottom: 80px !important;}&#8221;][vc_column width=&#8221;1\/2&#8243;]<div class=\"video-container play-button-center\" ><img loading=\"lazy\" decoding=\"async\" width=\"1024\" height=\"1024\" src=\"https:\/\/atabeymakina.com\/wp-content\/uploads\/2021\/11\/b-series-08.jpg\" class=\"attachment-full\" alt=\"\" title=\"b-series-08\" srcset=\"https:\/\/atabeymakina.com\/wp-content\/uploads\/2021\/11\/b-series-08.jpg 1024w, https:\/\/atabeymakina.com\/wp-content\/uploads\/2021\/11\/b-series-08-800x800.jpg 800w, https:\/\/atabeymakina.com\/wp-content\/uploads\/2021\/11\/b-series-08-300x300.jpg 300w, https:\/\/atabeymakina.com\/wp-content\/uploads\/2021\/11\/b-series-08-150x150.jpg 150w, https:\/\/atabeymakina.com\/wp-content\/uploads\/2021\/11\/b-series-08-768x768.jpg 768w, https:\/\/atabeymakina.com\/wp-content\/uploads\/2021\/11\/b-series-08-320x320.jpg 320w\" sizes=\"auto, (max-width: 1024px) 100vw, 1024px\" \/><a data-toggle=\"modal\" data-target=\"#video-modal-kd-video-modal-69e8a8c49bf05\" data-src=\"\" data-backdrop=\"true\" class=\"\"><span class=\"play-video\"><span class=\"fas fa-play\"><\/span><\/span><\/a><\/div><div class=\"modal fade video-modal\" id=\"video-modal-kd-video-modal-69e8a8c49bf05\" role=\"dialog\">\n                            <div class=\"modal-content\">\n                            <button type=\"button\" class=\"close\" data-dismiss=\"modal\">\u00d7<\/button>\n                            <div class=\"row\"><video class=\"video-modal-local\" title=\"\" poster=\"\" height=\"400px\" controls>\n                              <source src=\"https:\/\/atabeymakina.com\/video\/en\/b-series-podium-avm.mp4\" type=\"video\/mp4\"><img decoding=\"async\" alt=\"\" src=\"\" title=\"Video playback is not supported by your browser\" \/>\n                              <\/video><\/div>\n                            <\/div>\n                        <\/div>[\/vc_column][vc_column width=&#8221;1\/2&#8243;][vc_custom_heading text=&#8221;Caracter\u00edsticas Generales de la Serie B&#8221; google_fonts=&#8221;font_family:Source%20Serif%20Pro%3A400%2C600%2C700|font_style:700%20bold%20regular%3A700%3Anormal&#8221;][vc_column_text css=&#8221;.vc_custom_1686064722409{margin-bottom: 20px !important;}&#8221;]<\/p>\n<ul>\n<li><span class=\"tlid-translation translation\" lang=\"es\"><span class=\"\" title=\"\">La pluma y el chasis se pueden levantar y mover por separado<\/span><\/span><\/li>\n<li><span class=\"tlid-translation translation\" lang=\"es\"><span class=\"\" title=\"\">Reduce el costo de colocar concreto con un uso f\u00e1cil en menos tiempo<\/span><\/span><\/li>\n<li><span class=\"tlid-translation translation\" lang=\"es\"><span class=\"alt-edited\" title=\"\">Simplificada split system permite la extracci\u00f3n de la unidad de soporte es muy f\u00e1cil<\/span><\/span>.\u00a0<span class=\"tlid-translation translation\" lang=\"es\"><span class=\"\" title=\"\">Cuando la capacidad de la gr\u00faa es limitada, la pluma y el chasis desmontables se pueden levantar y mover por separado<\/span><\/span><\/li>\n<li><span class=\"tlid-translation translation\" lang=\"es\"><span class=\"alt-edited\" title=\"\">Resulta infinitamente, utilizando el sistema central giratorio unico<\/span><\/span><\/li>\n<li><span class=\"tlid-translation translation\" lang=\"es\"><span class=\"\" title=\"\">M\u00e1s ligero y m\u00e1s fuerte en su clase gracias a la estructura unica<\/span><\/span><\/li>\n<li><span class=\"tlid-translation translation\" lang=\"es\"><span class=\"\" title=\"\">Soluci\u00f3n ideal para hormigonado en edificios de gran altura<\/span><\/span><\/li>\n<li><span class=\"tlid-translation translation\" lang=\"es\"><span class=\"\" title=\"\">F\u00e1cil limpieza y mantenimiento<\/span><\/span><\/li>\n<\/ul>\n<p>[\/vc_column_text]<a  href=\"https:\/\/atabeymakina.com\/pdf\/en\/251208_b_serisi_en.pdf\"  target=\"_blank\"  title=\"\" class=\"tt_button tt_primary_button btn_primary_color hover_solid_secondary pull-left button-action-link\" ><span class=\"prim_text\">Cat\u00e1logo de la Serie B<\/span><\/a>[\/vc_column][\/vc_row][vc_row][vc_column width=&#8221;1\/3&#8243;][vc_single_image image=&#8221;9153&#8243; alignment=&#8221;center&#8221;][vc_custom_heading text=&#8221;B 21&#8243; font_container=&#8221;tag:h3|text_align:center&#8221; google_fonts=&#8221;font_family:Source%20Serif%20Pro%3A400%2C600%2C700|font_style:700%20bold%20regular%3A700%3Anormal&#8221;][vc_column_text css=&#8221;.vc_custom_1686064752292{margin-bottom: 20px !important;}&#8221;]<\/p>\n<p style=\"text-align: center;\"><strong>Especificaciones Principales<\/strong><br \/>\nPluma de 3 elementos con marco de cola elevado<br \/>\n<strong>Alcance horizontal de 21 m<\/strong><\/p>\n<p>[\/vc_column_text][\/vc_column][vc_column width=&#8221;1\/3&#8243;][vc_single_image image=&#8221;9159&#8243; alignment=&#8221;center&#8221;][vc_custom_heading text=&#8221;B 308 &#8211; 312 &#8211; 15 &#8211; 17 &#8211; 18&#8243; font_container=&#8221;tag:h3|text_align:center&#8221; google_fonts=&#8221;font_family:Source%20Serif%20Pro%3A400%2C600%2C700|font_style:700%20bold%20regular%3A700%3Anormal&#8221;][vc_column_text css=&#8221;.vc_custom_1686125091714{margin-bottom: 20px !important;}&#8221;]<\/p>\n<p style=\"text-align: center;\"><strong>Especificaciones Principales<\/strong><br \/>\nPluma de 3 elementos<br \/>\n<strong>Alcance horizontal de 8 a 18 m\u00a0<\/strong><\/p>\n<p>[\/vc_column_text][\/vc_column][vc_column width=&#8221;1\/3&#8243;][vc_single_image image=&#8221;9166&#8243; alignment=&#8221;center&#8221;][vc_custom_heading text=&#8221;B 212&#8243; font_container=&#8221;tag:h3|text_align:center&#8221; google_fonts=&#8221;font_family:Source%20Serif%20Pro%3A400%2C600%2C700|font_style:700%20bold%20regular%3A700%3Anormal&#8221;][vc_column_text css=&#8221;.vc_custom_1686124964205{margin-bottom: 20px !important;}&#8221;]<\/p>\n<p style=\"text-align: center;\"><strong>Especificaciones Principales<\/strong><br \/>\nPluma de 3 elementos<br \/>\n<strong>Alcance horizontal de 12 m<\/strong><\/p>\n<p>[\/vc_column_text][\/vc_column][\/vc_row][vc_row full_width=&#8221;stretch_row&#8221; css_animation=&#8221;fadeIn&#8221; css=&#8221;.vc_custom_1719914837049{margin-top: 50px !important;background-color: #f5f5f5 !important;border-radius: 5px !important;}&#8221;][vc_column][vc_empty_space height=&#8221;20px&#8221;]<header class=\"kd-section-title col-lg-12 text-center    \" ><h2 class=\"separator_off\" >Caracter\u00edsticas ventajosas destacadas de las Ara\u00f1as Atabey<\/h2><h6 class=\"subtitle \" >Serie B<\/h6><\/header>[vc_empty_space height=&#8221;20px&#8221;][vc_row_inner][vc_column_inner width=&#8221;1\/3&#8243; css=&#8221;.vc_custom_1719914341843{margin-top: 10px !important;margin-right: 10px !important;margin-bottom: 10px !important;margin-left: 10px !important;}&#8221;][vc_single_image image=&#8221;11355&#8243; img_size=&#8221;250&#215;250&#8243; alignment=&#8221;center&#8221; css=&#8221;.vc_custom_1719914406097{margin-top: 10px !important;margin-right: 10px !important;margin-bottom: 10px !important;margin-left: 10px !important;}&#8221;][vc_custom_heading text=&#8221;Sistema de Engranajes de Servicio Pesado&#8221; font_container=&#8221;tag:h4|text_align:left&#8221; google_fonts=&#8221;font_family:Source%20Serif%20Pro%3A400%2C600%2C700|font_style:600%20bold%20regular%3A600%3Anormal&#8221;][vc_column_text]Los distribuidores de hormig\u00f3n de la serie B de Atabey tienen engranajes de rotaci\u00f3n de alta resistencia integrados con la caja de cambios reductora. El sistema es mucho m\u00e1s confiable en comparaci\u00f3n con los reductores de tornillo sin fin de uso com\u00fan.[\/vc_column_text][\/vc_column_inner][vc_column_inner width=&#8221;1\/3&#8243; css=&#8221;.vc_custom_1719914353411{margin-top: 10px !important;margin-right: 10px !important;margin-bottom: 10px !important;margin-left: 10px !important;}&#8221;][vc_single_image image=&#8221;11360&#8243; img_size=&#8221;250&#215;250&#8243; alignment=&#8221;center&#8221; css=&#8221;.vc_custom_1719914420545{margin-top: 10px !important;margin-right: 10px !important;margin-bottom: 10px !important;margin-left: 10px !important;}&#8221;][vc_custom_heading text=&#8221;Rotaci\u00f3n Real Infinita&#8221; font_container=&#8221;tag:h4|text_align:left&#8221; google_fonts=&#8221;font_family:Source%20Serif%20Pro%3A400%2C600%2C700|font_style:600%20bold%20regular%3A600%3Anormal&#8221;][vc_column_text]No hay l\u00edmite para el n\u00famero de rondas en nuestras m\u00e1quinas de la Serie B. Y cuando su m\u00e1quina hace una rotaci\u00f3n completa (360\u00ba), es un \u00abgiro infinito\u00bb, el verdadero sistema de rotaci\u00f3n sin fin solo est\u00e1 disponible en la Serie B de Atabey.[\/vc_column_text][\/vc_column_inner][vc_column_inner width=&#8221;1\/3&#8243; css=&#8221;.vc_custom_1719914449179{margin-top: 10px !important;margin-right: 10px !important;margin-bottom: 10px !important;margin-left: 10px !important;}&#8221;][vc_single_image image=&#8221;11365&#8243; img_size=&#8221;250&#215;250&#8243; alignment=&#8221;center&#8221; css=&#8221;.vc_custom_1719914443737{margin-top: 10px !important;margin-right: 10px !important;margin-bottom: 10px !important;margin-left: 10px !important;}&#8221;][vc_custom_heading text=&#8221;Copia de Seguridad en Caso de Fallo El\u00e9ctrico: Bomba Manual de Emergencia&#8221; font_container=&#8221;tag:h4|text_align:left&#8221; google_fonts=&#8221;font_family:Source%20Serif%20Pro%3A400%2C600%2C700|font_style:600%20bold%20regular%3A600%3Anormal&#8221;][vc_column_text]La bomba manual de emergencia es est\u00e1ndar en todos los equipos de la Serie B de Atabey. Nunca deje de verter hormig\u00f3n; incluso en caso de corte de energ\u00eda, puede terminar el vertido de hormig\u00f3n con una bomba manual manual. No hay problema de \u00abjuntas fr\u00edas\u00bb con la Serie B de Atabey.[\/vc_column_text][\/vc_column_inner][\/vc_row_inner][vc_row_inner][vc_column_inner width=&#8221;1\/3&#8243; css=&#8221;.vc_custom_1719914341843{margin-top: 10px !important;margin-right: 10px !important;margin-bottom: 10px !important;margin-left: 10px !important;}&#8221;][vc_single_image image=&#8221;11370&#8243; img_size=&#8221;250&#215;250&#8243; alignment=&#8221;center&#8221; css=&#8221;.vc_custom_1719914536266{margin-top: 10px !important;margin-right: 10px !important;margin-bottom: 10px !important;margin-left: 10px !important;}&#8221;][vc_custom_heading text=&#8221;TW: Sistema de Columna M\u00f3vil (Opcional)&#8221; font_container=&#8221;tag:h4|text_align:left&#8221; google_fonts=&#8221;font_family:Source%20Serif%20Pro%3A400%2C600%2C700|font_style:600%20bold%20regular%3A600%3Anormal&#8221;][vc_column_text]Es una caracter\u00edstica \u00fanica en el mercado. Esta opci\u00f3n proporciona una aplicaci\u00f3n m\u00e1s f\u00e1cil en proyectos con muchas paredes y columnas que causan limitaciones de posicionamiento en los pisos. A diferencia del sistema de columna autocontrol, este es un sistema m\u00f3vil que permite que una unidad se use en varios edificios y ubicaciones en el mismo sitio de trabajo. Durante la fase de construcci\u00f3n de la catedral m\u00e1s grande del mundo en Bucarest\/Rumania, esta opci\u00f3n jug\u00f3 un papel clave en la resoluci\u00f3n de los requisitos de casting de concreto.[\/vc_column_text][\/vc_column_inner][vc_column_inner width=&#8221;1\/3&#8243; css=&#8221;.vc_custom_1719914353411{margin-top: 10px !important;margin-right: 10px !important;margin-bottom: 10px !important;margin-left: 10px !important;}&#8221;][vc_single_image image=&#8221;11375&#8243; img_size=&#8221;250&#215;250&#8243; alignment=&#8221;center&#8221; css=&#8221;.vc_custom_1719914544653{margin-top: 10px !important;margin-right: 10px !important;margin-bottom: 10px !important;margin-left: 10px !important;}&#8221;][vc_custom_heading text=&#8221;Opci\u00f3n K: Soporte de Ruedas Para Esparcidores Hidr\u00e1ulicos de Hormig\u00f3n de la Serie B (Opci\u00f3n)&#8221; font_container=&#8221;tag:h4|text_align:left&#8221; google_fonts=&#8221;font_family:Source%20Serif%20Pro%3A400%2C600%2C700|font_style:600%20bold%20regular%3A600%3Anormal&#8221;][vc_column_text]\u00a1Otra soluci\u00f3n \u00fanica de Atabey! Este sistema de carro es ideal para la movilizaci\u00f3n cuando el acceso de la gr\u00faa torre est\u00e1 limitado en los pisos. Tiene cuatro puntales hidr\u00e1ulicos y 2 barras de tiro (delantera y trasera), cada una de las cuales puede dirigir el autom\u00f3vil. Disponible en versiones de remolque con barra de tiro o autopropulsadas (4\u00d72 o 4\u00d74 de potencia hidrost\u00e1tica impulsada).[\/vc_column_text][\/vc_column_inner][vc_column_inner width=&#8221;1\/3&#8243; css=&#8221;.vc_custom_1719914449179{margin-top: 10px !important;margin-right: 10px !important;margin-bottom: 10px !important;margin-left: 10px !important;}&#8221;][vc_single_image image=&#8221;11380&#8243; img_size=&#8221;250&#215;250&#8243; alignment=&#8221;center&#8221; css=&#8221;.vc_custom_1719914552634{margin-top: 10px !important;margin-right: 10px !important;margin-bottom: 10px !important;margin-left: 10px !important;}&#8221;][vc_custom_heading text=&#8221;Los Moldes de Balasto se Suministran Gratis Para Una R\u00e1pida Puesta en Marcha&#8221; font_container=&#8221;tag:h4|text_align:left&#8221; google_fonts=&#8221;font_family:Source%20Serif%20Pro%3A400%2C600%2C700|font_style:600%20bold%20regular%3A600%3Anormal&#8221;][vc_column_text]Instalaci\u00f3n r\u00e1pida con moldes de piedra de equilibrio preparados suministrados con el equipo. Simplemente llene el concreto y comience; En la serie Atabey B, Formwork, etc. para construir lastre. No hay necesidad de hacerlo.\u00bfQu\u00e9 hacen los competidores?<br \/>\nSolo proporcionan dibujos de los balastos. Antes de comenzar a verter concreto, el cliente debe llevar a cabo un trabajo preparatorio para obtener los balastos necesarios.[\/vc_column_text][\/vc_column_inner][\/vc_row_inner][\/vc_column][\/vc_row][vc_row css=&#8221;.vc_custom_1637576008203{margin-top: 20px !important;}&#8221;][vc_column][vc_custom_heading text=&#8221;Opciones&#8221; font_container=&#8221;tag:h2|text_align:center&#8221; google_fonts=&#8221;font_family:Source%20Serif%20Pro%3A400%2C600%2C700|font_style:700%20bold%20regular%3A700%3Anormal&#8221; css=&#8221;.vc_custom_1674560079777{margin-top: 20px !important;}&#8221;][\/vc_column][\/vc_row][vc_row css=&#8221;.vc_custom_1637585227970{margin-top: 20px !important;margin-bottom: 20px !important;}&#8221;][vc_column][vc_custom_heading text=&#8221;Opciones de Carro de 4 Ruedas&#8221; font_container=&#8221;tag:h3|font_size:24|text_align:left&#8221; google_fonts=&#8221;font_family:Source%20Serif%20Pro%3A400%2C600%2C700|font_style:700%20bold%20regular%3A700%3Anormal&#8221;][vc_row_inner][vc_column_inner width=&#8221;1\/3&#8243;][vc_single_image image=&#8221;9173&#8243; img_size=&#8221;400&#215;400&#8243;][\/vc_column_inner][vc_column_inner width=&#8221;2\/3&#8243;][vc_column_text]<\/p>\n<ul>\n<li><span class=\"tlid-translation translation\" lang=\"es\"><span class=\"\" title=\"\">Con o sin tracci\u00f3n<\/span><\/span><\/li>\n<li><span class=\"tlid-translation translation\" lang=\"es\"><span class=\"\" title=\"\">Estabilizadores hidr\u00e1ulicos<\/span><\/span><\/li>\n<li><span class=\"tlid-translation translation\" lang=\"es\"><span class=\"\" title=\"\">Control remoto para auto-viaje y direcci\u00f3n<\/span><\/span><\/li>\n<\/ul>\n<p>[\/vc_column_text][vc_gallery type=&#8221;image_grid&#8221; images=&#8221;9179,9185,9190&#8243; img_size=&#8221;250&#215;250&#8243; css=&#8221;.vc_custom_1672308972500{margin-top: 20px !important;margin-left: 20px !important;}&#8221;][\/vc_column_inner][\/vc_row_inner][\/vc_column][\/vc_row][vc_row css=&#8221;.vc_custom_1637577831440{margin-top: 20px !important;margin-bottom: 20px !important;}&#8221;][vc_column][vc_custom_heading text=&#8221;Opciones de Torre de Elevaci\u00f3n<br \/>\n<small>Soluciones de dise\u00f1o est\u00e1ndar o personalizadas<\/small>&#8221; font_container=&#8221;tag:h3|font_size:24|text_align:left&#8221; google_fonts=&#8221;font_family:Source%20Serif%20Pro%3A400%2C600%2C700|font_style:700%20bold%20regular%3A700%3Anormal&#8221;][vc_row_inner css=&#8221;.vc_custom_1637577617407{margin-top: 20px !important;margin-bottom: 20px !important;}&#8221;][vc_column_inner width=&#8221;1\/4&#8243;][vc_single_image image=&#8221;9213&#8243; img_size=&#8221;300&#215;300&#8243;][\/vc_column_inner][vc_column_inner width=&#8221;1\/4&#8243;][vc_single_image image=&#8221;9196&#8243; img_size=&#8221;200&#215;200&#8243; alignment=&#8221;center&#8221; css=&#8221;.vc_custom_1672310085158{margin-bottom: 20px !important;}&#8221;][vc_column_text css=&#8221;.vc_custom_1686144802912{margin-top: 10px !important;}&#8221;]<\/p>\n<p class=\"sppb-addon-title\" style=\"text-align: center;\"><strong>Estabilizadores est\u00e1ndar <\/strong><br \/>\n(De pie)<\/p>\n<p>[\/vc_column_text][\/vc_column_inner][vc_column_inner width=&#8221;1\/4&#8243;][vc_single_image image=&#8221;9208&#8243; img_size=&#8221;200&#215;200&#8243; alignment=&#8221;center&#8221; css=&#8221;.vc_custom_1672310044186{margin-bottom: 20px !important;}&#8221;][vc_column_text css=&#8221;.vc_custom_1686144829695{margin-top: 10px !important;}&#8221;]<\/p>\n<p class=\"sppb-addon-title\" style=\"text-align: center;\"><strong>Estabilizadores cortos con pesas de lastre <\/strong>(De pie)<\/p>\n<p>[\/vc_column_text][\/vc_column_inner][vc_column_inner width=&#8221;1\/4&#8243;][vc_single_image image=&#8221;9219&#8243; img_size=&#8221;200&#215;200&#8243; alignment=&#8221;center&#8221; css=&#8221;.vc_custom_1672310366624{margin-bottom: 20px !important;}&#8221;][vc_column_text css=&#8221;.vc_custom_1686064914475{margin-top: 10px !important;}&#8221;]<\/p>\n<p class=\"sppb-addon-title\" style=\"text-align: center;\"><strong>Base de la torre anclada a cubierta <\/strong>(Anclada)<\/p>\n<p>[\/vc_column_text][\/vc_column_inner][\/vc_row_inner][\/vc_column][\/vc_row][vc_row][vc_column][vc_custom_heading text=&#8221;Accesorios&#8221; font_container=&#8221;tag:h2|text_align:center&#8221; google_fonts=&#8221;font_family:Source%20Serif%20Pro%3A400%2C600%2C700|font_style:700%20bold%20regular%3A700%3Anormal&#8221; css=&#8221;.vc_custom_1674560165949{margin-top: 20px !important;}&#8221;][\/vc_column][\/vc_row][vc_row][vc_column width=&#8221;1\/3&#8243;][vc_single_image image=&#8221;9070&#8243; alignment=&#8221;center&#8221;][vc_column_text]<\/p>\n<p style=\"text-align: center;\"><strong>V\u00e1lvulas de desviaci\u00f3n hidr\u00e1ulicos<\/strong><br \/>\n(con bomba de mano y\/o conexi\u00f3n de la l\u00ednea hidr\u00e1ulica externa)<\/p>\n<p>[\/vc_column_text][\/vc_column][vc_column width=&#8221;1\/3&#8243;][vc_single_image image=&#8221;9059&#8243; alignment=&#8221;center&#8221;][vc_column_text]<\/p>\n<p style=\"text-align: center;\"><strong>Paquetes de energ\u00eda para v\u00e1lvulas de desv\u00edo<\/strong><br \/>\n(accionado el\u00e9ctrico o diesel)<\/p>\n<p>[\/vc_column_text][\/vc_column][vc_column width=&#8221;1\/3&#8243;][vc_single_image image=&#8221;9052&#8243; alignment=&#8221;center&#8221;][vc_column_text]<\/p>\n<p style=\"text-align: center;\"><strong>Tijeras de tuber\u00edas<\/strong><br \/>\n(conexi\u00f3n de la tuber\u00eda encofrado deslizante)<\/p>\n<p>[\/vc_column_text][\/vc_column][\/vc_row][vc_row full_width=&#8221;stretch_row&#8221; gap=&#8221;5&#8243;][vc_column][vc_empty_space][vc_custom_heading text=&#8221;Galer\u00eda de Fotos&#8221; font_container=&#8221;tag:h2|text_align:center&#8221; google_fonts=&#8221;font_family:Source%20Serif%20Pro%3A400%2C600%2C700|font_style:700%20bold%20regular%3A700%3Anormal&#8221; css=&#8221;.vc_custom_1674560185751{margin-top: 20px !important;}&#8221;][vc_gallery type=&#8221;image_grid&#8221; images=&#8221;8234,8222,11678,8238,8242,8206,11673,8210,8254,8282,8270,8258,8250,8230&#8243; css_animation=&#8221;fadeInUp&#8221; css=&#8221;&#8221;][\/vc_column][\/vc_row]<\/p>\n<\/div>","protected":false},"excerpt":{"rendered":"<p>[vc_row css=&#8221;.vc_custom_1637578846052{margin-bottom: 80px !important;}&#8221;][vc_column width=&#8221;1\/2&#8243;][\/vc_column][vc_column width=&#8221;1\/2&#8243;][vc_custom_heading text=&#8221;Caracter\u00edsticas Generales de la Serie B&#8221; google_fonts=&#8221;font_family:Source%20Serif%20Pro%3A400%2C600%2C700|font_style:700%20bold%20regular%3A700%3Anormal&#8221;][vc_column_text css=&#8221;.vc_custom_1686064722409{margin-bottom: 20px !important;}&#8221;] La pluma y el [&hellip;]<\/p>\n","protected":false},"author":1,"featured_media":0,"parent":9513,"menu_order":0,"comment_status":"closed","ping_status":"closed","template":"","meta":{"sfsi_plus_gutenberg_text_before_share":"","sfsi_plus_gutenberg_show_text_before_share":"","sfsi_plus_gutenberg_icon_type":"","sfsi_plus_gutenberg_icon_alignemt":"","sfsi_plus_gutenburg_max_per_row":"","footnotes":""},"class_list":["post-9512","page","type-page","status-publish","hentry"],"_links":{"self":[{"href":"https:\/\/atabeymakina.com\/es\/wp-json\/wp\/v2\/pages\/9512","targetHints":{"allow":["GET"]}}],"collection":[{"href":"https:\/\/atabeymakina.com\/es\/wp-json\/wp\/v2\/pages"}],"about":[{"href":"https:\/\/atabeymakina.com\/es\/wp-json\/wp\/v2\/types\/page"}],"author":[{"embeddable":true,"href":"https:\/\/atabeymakina.com\/es\/wp-json\/wp\/v2\/users\/1"}],"replies":[{"embeddable":true,"href":"https:\/\/atabeymakina.com\/es\/wp-json\/wp\/v2\/comments?post=9512"}],"version-history":[{"count":11,"href":"https:\/\/atabeymakina.com\/es\/wp-json\/wp\/v2\/pages\/9512\/revisions"}],"predecessor-version":[{"id":12346,"href":"https:\/\/atabeymakina.com\/es\/wp-json\/wp\/v2\/pages\/9512\/revisions\/12346"}],"up":[{"embeddable":true,"href":"https:\/\/atabeymakina.com\/es\/wp-json\/wp\/v2\/pages\/9513"}],"wp:attachment":[{"href":"https:\/\/atabeymakina.com\/es\/wp-json\/wp\/v2\/media?parent=9512"}],"curies":[{"name":"wp","href":"https:\/\/api.w.org\/{rel}","templated":true}]}}