{"id":9687,"date":"2021-11-22T16:38:46","date_gmt":"2021-11-22T13:38:46","guid":{"rendered":"https:\/\/atabeymakina.com\/epandeurs-de-beton\/mast-placing-boom\/"},"modified":"2025-07-02T13:51:08","modified_gmt":"2025-07-02T10:51:08","slug":"mates-de-distribution-stationnaires","status":"publish","type":"page","link":"https:\/\/atabeymakina.com\/fr\/epandeurs-de-beton\/mates-de-distribution-stationnaires\/","title":{"rendered":"M\u00e2tes de Distribution Stationnaires"},"content":{"rendered":"<div class=\"wpb-content-wrapper\"><p>[vc_row css=&#8221;.vc_custom_1637578846052{margin-bottom: 80px !important;}&#8221;][vc_column width=&#8221;1\/2&#8243;][vc_single_image image=&#8221;532&#8243; img_size=&#8221;512&#215;512&#8243; alignment=&#8221;center&#8221; style=&#8221;vc_box_rounded&#8221;][\/vc_column][vc_column width=&#8221;1\/2&#8243;][vc_custom_heading text=&#8221;M S\u00e9rie Caract\u00e9ristiques G\u00e9n\u00e9rales&#8221; google_fonts=&#8221;font_family:Source%20Serif%20Pro%3A400%2C600%2C700|font_style:700%20bold%20regular%3A700%3Anormal&#8221;][vc_column_text]<\/p>\n<ul>\n<li>\u00c9pandeur hydraulique en trois morceaux<\/li>\n<li>Haute r\u00e9sistance en acier sp\u00e9cial<\/li>\n<li>Montage et d\u00e9montage facile avec la capacit\u00e9 &#8220;Split Frame&#8221;<\/li>\n<li>Utilisation s\u00fbre et confortable avec le syst\u00e8me avanc\u00e9 de commande hydraulique proportionnelle<\/li>\n<\/ul>\n<p><strong>3 \u00e9l\u00e9ments, R mod\u00e8les hydrauliques incurv\u00e9s:<\/strong>\u00a0M21 &#8211; M24 &#8211; M26<\/p>\n<p><strong>4 \u00e9l\u00e9ments, Z mod\u00e8les hydrauliques incurv\u00e9s:<\/strong>\u00a0M29 &#8211; M32[\/vc_column_text]<a  href=\"https:\/\/atabeymakina.com\/pdf\/en\/250407_m_series_en.pdf\"  target=\"_blank\"  title=\"\" class=\"tt_button tt_primary_button btn_primary_color hover_solid_secondary pull-left button-action-link\" ><span class=\"prim_text\">Catalogue de la S\u00e9rie M<\/span><\/a>[\/vc_column][\/vc_row][vc_row][vc_column width=&#8221;1\/4&#8243;][\/vc_column][vc_column width=&#8221;1\/4&#8243;][vc_single_image image=&#8221;9147&#8243; alignment=&#8221;center&#8221;][vc_custom_heading text=&#8221;M 29 &#8211; 32&#8243; font_container=&#8221;tag:h3|text_align:center&#8221; google_fonts=&#8221;font_family:Source%20Serif%20Pro%3A400%2C600%2C700|font_style:700%20bold%20regular%3A700%3Anormal&#8221;][vc_column_text css=&#8221;.vc_custom_1686052914889{margin-bottom: 20px !important;}&#8221;]<\/p>\n<p style=\"text-align: center;\"><strong>Sp\u00e9cification Principale<\/strong><br \/>\nBooms \u00e0 4 \u00e9l\u00e9ments avec design Z<br \/>\n<strong>29 m, 32 m Port\u00e9e horizontale<\/strong><br \/>\n4 m fin tuyau<\/p>\n<p>[\/vc_column_text][\/vc_column][vc_column width=&#8221;1\/4&#8243;][vc_single_image image=&#8221;9141&#8243; alignment=&#8221;center&#8221;][vc_custom_heading text=&#8221;M 21 &#8211; 24 &#8211; 26&#8243; font_container=&#8221;tag:h3|text_align:center&#8221; google_fonts=&#8221;font_family:Source%20Serif%20Pro%3A400%2C600%2C700|font_style:700%20bold%20regular%3A700%3Anormal&#8221;][vc_column_text css=&#8221;.vc_custom_1686052942623{margin-bottom: 20px !important;}&#8221;]<\/p>\n<p style=\"text-align: center;\"><strong>Sp\u00e9cification Principale<\/strong><br \/>\nBooms \u00e0 3 \u00e9l\u00e9ments avec design R<br \/>\n<strong>21 m, 24 m, 26 m Port\u00e9e horizontale<\/strong><br \/>\n3 m fin tuyau<\/p>\n<p>[\/vc_column_text][\/vc_column][vc_column width=&#8221;1\/4&#8243;][\/vc_column][\/vc_row][vc_row full_width=&#8221;stretch_row&#8221; gap=&#8221;5&#8243;][vc_column][vc_empty_space][vc_custom_heading text=&#8221;Galerie de Photos&#8221; font_container=&#8221;tag:h2|text_align:center&#8221; google_fonts=&#8221;font_family:Source%20Serif%20Pro%3A400%2C600%2C700|font_style:700%20bold%20regular%3A700%3Anormal&#8221; css=&#8221;.vc_custom_1674565863201{margin-top: 20px !important;}&#8221;][vc_gallery type=&#8221;image_grid&#8221; images=&#8221;8404,8816,8396,8820,8380,8372,8392&#8243; css_animation=&#8221;fadeInUp&#8221; css=&#8221;&#8221;][\/vc_column][\/vc_row]<\/p>\n<\/div>","protected":false},"excerpt":{"rendered":"<p>[vc_row css=&#8221;.vc_custom_1637578846052{margin-bottom: 80px !important;}&#8221;][vc_column width=&#8221;1\/2&#8243;][vc_single_image image=&#8221;532&#8243; img_size=&#8221;512&#215;512&#8243; alignment=&#8221;center&#8221; style=&#8221;vc_box_rounded&#8221;][\/vc_column][vc_column width=&#8221;1\/2&#8243;][vc_custom_heading text=&#8221;M S\u00e9rie Caract\u00e9ristiques G\u00e9n\u00e9rales&#8221; google_fonts=&#8221;font_family:Source%20Serif%20Pro%3A400%2C600%2C700|font_style:700%20bold%20regular%3A700%3Anormal&#8221;][vc_column_text] \u00c9pandeur hydraulique en trois morceaux [&hellip;]<\/p>\n","protected":false},"author":1,"featured_media":0,"parent":9685,"menu_order":0,"comment_status":"closed","ping_status":"closed","template":"","meta":{"sfsi_plus_gutenberg_text_before_share":"","sfsi_plus_gutenberg_show_text_before_share":"","sfsi_plus_gutenberg_icon_type":"","sfsi_plus_gutenberg_icon_alignemt":"","sfsi_plus_gutenburg_max_per_row":"","footnotes":""},"class_list":["post-9687","page","type-page","status-publish","hentry"],"_links":{"self":[{"href":"https:\/\/atabeymakina.com\/fr\/wp-json\/wp\/v2\/pages\/9687","targetHints":{"allow":["GET"]}}],"collection":[{"href":"https:\/\/atabeymakina.com\/fr\/wp-json\/wp\/v2\/pages"}],"about":[{"href":"https:\/\/atabeymakina.com\/fr\/wp-json\/wp\/v2\/types\/page"}],"author":[{"embeddable":true,"href":"https:\/\/atabeymakina.com\/fr\/wp-json\/wp\/v2\/users\/1"}],"replies":[{"embeddable":true,"href":"https:\/\/atabeymakina.com\/fr\/wp-json\/wp\/v2\/comments?post=9687"}],"version-history":[{"count":5,"href":"https:\/\/atabeymakina.com\/fr\/wp-json\/wp\/v2\/pages\/9687\/revisions"}],"predecessor-version":[{"id":12218,"href":"https:\/\/atabeymakina.com\/fr\/wp-json\/wp\/v2\/pages\/9687\/revisions\/12218"}],"up":[{"embeddable":true,"href":"https:\/\/atabeymakina.com\/fr\/wp-json\/wp\/v2\/pages\/9685"}],"wp:attachment":[{"href":"https:\/\/atabeymakina.com\/fr\/wp-json\/wp\/v2\/media?parent=9687"}],"curies":[{"name":"wp","href":"https:\/\/api.w.org\/{rel}","templated":true}]}}