{"id":9688,"date":"2021-11-22T16:48:08","date_gmt":"2021-11-22T13:48:08","guid":{"rendered":"https:\/\/atabeymakina.com\/epandeurs-de-beton\/mini-spider-boom-on-trolley\/"},"modified":"2025-09-19T11:44:16","modified_gmt":"2025-09-19T08:44:16","slug":"distributeur-en-beton-compact-a-roues","status":"publish","type":"page","link":"https:\/\/atabeymakina.com\/fr\/epandeurs-de-beton\/distributeur-en-beton-compact-a-roues\/","title":{"rendered":"Distributeur en B\u00e9ton Compact \u00e0 Roues"},"content":{"rendered":"<div class=\"wpb-content-wrapper\"><p>[vc_row css=&#8221;.vc_custom_1637578846052{margin-bottom: 80px !important;}&#8221;][vc_column width=&#8221;1\/2&#8243;][vc_single_image image=&#8221;11943&#8243; img_size=&#8221;512&#215;512&#8243; alignment=&#8221;center&#8221; style=&#8221;vc_box_rounded&#8221; css=&#8221;&#8221;][\/vc_column][vc_column width=&#8221;1\/2&#8243;][vc_custom_heading text=&#8221;Caract\u00e9ristiques Exceptionnelles de la S\u00e9rie ALZ&#8221; google_fonts=&#8221;font_family:Source%20Serif%20Pro%3A400%2C600%2C700|font_style:700%20bold%20regular%3A700%3Anormal&#8221;][vc_column_text css=&#8221;.vc_custom_1722262701571{margin-bottom: 20px !important;}&#8221;]<\/p>\n<ul>\n<li>Rotation infinie de la fl\u00e8che<\/li>\n<li>Le pliage et le pivotement de la fl\u00e8che sont \u00e0 commande hydraulique<\/li>\n<li>Le syst\u00e8me hydraulique est aliment\u00e9 par un moteur \u00e9lectrique ou un moteur, une pompe manuelle existe \u00e9galement en secours<\/li>\n<li>Les 4 roues facilitent le positionnement<\/li>\n<li>Les stabilisateurs repliables avec pieds repliables hydrauliquement facilitent le repositionnement<\/li>\n<\/ul>\n<p>[\/vc_column_text]<a  href=\"https:\/\/atabeymakina.com\/pdf\/en\/250409_alz_series_en.pdf\"  target=\"_blank\"  title=\"\" class=\"tt_button tt_primary_button btn_primary_color hover_solid_secondary pull-left button-action-link\" ><span class=\"prim_text\">Catalogue de la S\u00e9rie ALZ<\/span><\/a>[vc_empty_space height=&#8221;20px&#8221;][vc_custom_heading text=&#8221;Caract\u00e9ristiques Exceptionnelles de la S\u00e9rie PS&#8221; google_fonts=&#8221;font_family:Source%20Serif%20Pro%3A400%2C600%2C700|font_style:700%20bold%20regular%3A700%3Anormal&#8221;][vc_column_text css=&#8221;.vc_custom_1722262591115{margin-bottom: 20px !important;}&#8221;]<\/p>\n<ul>\n<li>Rotation infinie de la fl\u00e8che<\/li>\n<li>Le pliage et le pivotement de la fl\u00e8che sont \u00e0 commande hydraulique<\/li>\n<li>Le syst\u00e8me hydraulique est aliment\u00e9 par un moteur \u00e9lectrique ou un moteur , une pompe manuelle existe \u00e9galement en secours<\/li>\n<li>Les 4 roues facilitent le positionnement<\/li>\n<li>Les stabilisateurs repliables avec v\u00e9rins m\u00e9caniques contribuent \u00e0 une taille id\u00e9alement compacte pour faciliter le positionnement<\/li>\n<\/ul>\n<p>[\/vc_column_text]<a  href=\"https:\/\/atabeymakina.com\/pdf\/en\/250407_ps_series_en.pdf\"  target=\"_blank\"  title=\"\" class=\"tt_button tt_primary_button btn_primary_color hover_solid_secondary pull-left button-action-link\" ><span class=\"prim_text\">Catalogue de la S\u00e9rie PS<\/span><\/a>[\/vc_column][\/vc_row][vc_row][vc_column width=&#8221;1\/4&#8243;][vc_single_image image=&#8221;9111&#8243; alignment=&#8221;center&#8221;][vc_custom_heading text=&#8221;PS 05&#8243; font_container=&#8221;tag:h3|text_align:center&#8221; google_fonts=&#8221;font_family:Source%20Serif%20Pro%3A400%2C600%2C700|font_style:700%20bold%20regular%3A700%3Anormal&#8221;][vc_column_text css=&#8221;.vc_custom_1722248782519{margin-bottom: 20px !important;}&#8221;]<\/p>\n<p style=\"text-align: center;\"><strong>Sp\u00e9cification Principale<\/strong><br \/>\n<strong>Hauteur de livraison:<\/strong><br \/>\nMaximum 7.5 m<br \/>\n<strong>Rayon horizontal:<\/strong> 5 m<br \/>\n(+2 m\u00a0 tuyau flexible)<br \/>\nTaille compacte avec faible fonctionnement<br \/>\n<strong>Poids:<\/strong>\u00a0980 kg<\/p>\n<p>[\/vc_column_text][\/vc_column][vc_column width=&#8221;1\/4&#8243;][vc_single_image image=&#8221;9117&#8243; alignment=&#8221;center&#8221;][vc_custom_heading text=&#8221;PS 07&#8243; font_container=&#8221;tag:h3|text_align:center&#8221; google_fonts=&#8221;font_family:Source%20Serif%20Pro%3A400%2C600%2C700|font_style:700%20bold%20regular%3A700%3Anormal&#8221;][vc_column_text css=&#8221;.vc_custom_1722248793654{margin-bottom: 20px !important;}&#8221;]<\/p>\n<p style=\"text-align: center;\"><strong>Sp\u00e9cification Principale<\/strong><br \/>\n<strong>Hauteur de livraison:<\/strong><br \/>\nMaximum 9.5 m<br \/>\n<strong>Rayon horizontal:<\/strong> 7 m<br \/>\n(+2 m tuyau flexible)<br \/>\nTaille compacte avec faible fonctionnement<br \/>\n<strong>Poids:<\/strong>\u00a01500 kg<\/p>\n<p>[\/vc_column_text][\/vc_column][vc_column width=&#8221;1\/4&#8243;][vc_single_image image=&#8221;11555&#8243; alignment=&#8221;center&#8221;][vc_custom_heading text=&#8221;ALZ 07&#8243; font_container=&#8221;tag:h3|text_align:center&#8221; google_fonts=&#8221;font_family:Source%20Serif%20Pro%3A400%2C600%2C700|font_style:700%20bold%20regular%3A700%3Anormal&#8221;][vc_column_text css=&#8221;.vc_custom_1744198698551{margin-bottom: 20px !important;}&#8221;]<\/p>\n<p style=\"text-align: center;\"><strong>Sp\u00e9cification Principale<\/strong><br \/>\n<strong>Hauteur de livraison:<\/strong><br \/>\nMaximum 8.5 m<br \/>\n<strong>Rayon horizontal:<\/strong> 7 m<br \/>\n(+2 m tuyau flexible)<br \/>\nTaille compacte avec faible fonctionnement<br \/>\n<strong>Poids:<\/strong> 1360 kg<\/p>\n<p>[\/vc_column_text][\/vc_column][vc_column width=&#8221;1\/4&#8243;][vc_single_image image=&#8221;11555&#8243; alignment=&#8221;center&#8221;][vc_custom_heading text=&#8221;ALZ 09&#8243; font_container=&#8221;tag:h3|text_align:center&#8221; google_fonts=&#8221;font_family:Source%20Serif%20Pro%3A400%2C600%2C700|font_style:700%20bold%20regular%3A700%3Anormal&#8221;][vc_column_text css=&#8221;.vc_custom_1744198707704{margin-bottom: 20px !important;}&#8221;]<\/p>\n<p style=\"text-align: center;\"><strong>Sp\u00e9cification Principale<\/strong><br \/>\n<strong>Hauteur de livraison:<\/strong><br \/>\nMaximum 10.5 m<br \/>\n<strong>Rayon horizontal:<\/strong> 9 m<br \/>\n(+2 m tuyau flexible)<br \/>\nTaille compacte avec faible fonctionnement<br \/>\n<strong>Poids:<\/strong> 1480 kg<\/p>\n<p>[\/vc_column_text][\/vc_column][\/vc_row][vc_row full_width=&#8221;stretch_row&#8221; gap=&#8221;5&#8243;][vc_column][vc_empty_space][vc_custom_heading text=&#8221;Galerie de Photos&#8221; font_container=&#8221;tag:h2|text_align:center&#8221; google_fonts=&#8221;font_family:Source%20Serif%20Pro%3A400%2C600%2C700|font_style:700%20bold%20regular%3A700%3Anormal&#8221; css=&#8221;.vc_custom_1674564124410{margin-top: 20px !important;}&#8221;][vc_gallery type=&#8221;image_grid&#8221; images=&#8221;11953,11548,11538,11943,11933,11948,11528&#8243; css_animation=&#8221;fadeInUp&#8221; css=&#8221;&#8221;][vc_gallery type=&#8221;image_grid&#8221; images=&#8221;8572,8564,8548,8552,8528,8580,8556&#8243; css_animation=&#8221;fadeInUp&#8221; css=&#8221;&#8221;][\/vc_column][\/vc_row]<\/p>\n<\/div>","protected":false},"excerpt":{"rendered":"<p>[vc_row css=&#8221;.vc_custom_1637578846052{margin-bottom: 80px !important;}&#8221;][vc_column width=&#8221;1\/2&#8243;][vc_single_image image=&#8221;11943&#8243; img_size=&#8221;512&#215;512&#8243; alignment=&#8221;center&#8221; style=&#8221;vc_box_rounded&#8221; css=&#8221;&#8221;][\/vc_column][vc_column width=&#8221;1\/2&#8243;][vc_custom_heading text=&#8221;Caract\u00e9ristiques Exceptionnelles de la S\u00e9rie ALZ&#8221; google_fonts=&#8221;font_family:Source%20Serif%20Pro%3A400%2C600%2C700|font_style:700%20bold%20regular%3A700%3Anormal&#8221;][vc_column_text css=&#8221;.vc_custom_1722262701571{margin-bottom: 20px [&hellip;]<\/p>\n","protected":false},"author":1,"featured_media":0,"parent":9685,"menu_order":0,"comment_status":"closed","ping_status":"closed","template":"","meta":{"sfsi_plus_gutenberg_text_before_share":"","sfsi_plus_gutenberg_show_text_before_share":"","sfsi_plus_gutenberg_icon_type":"","sfsi_plus_gutenberg_icon_alignemt":"","sfsi_plus_gutenburg_max_per_row":"","footnotes":""},"class_list":["post-9688","page","type-page","status-publish","hentry"],"_links":{"self":[{"href":"https:\/\/atabeymakina.com\/fr\/wp-json\/wp\/v2\/pages\/9688","targetHints":{"allow":["GET"]}}],"collection":[{"href":"https:\/\/atabeymakina.com\/fr\/wp-json\/wp\/v2\/pages"}],"about":[{"href":"https:\/\/atabeymakina.com\/fr\/wp-json\/wp\/v2\/types\/page"}],"author":[{"embeddable":true,"href":"https:\/\/atabeymakina.com\/fr\/wp-json\/wp\/v2\/users\/1"}],"replies":[{"embeddable":true,"href":"https:\/\/atabeymakina.com\/fr\/wp-json\/wp\/v2\/comments?post=9688"}],"version-history":[{"count":16,"href":"https:\/\/atabeymakina.com\/fr\/wp-json\/wp\/v2\/pages\/9688\/revisions"}],"predecessor-version":[{"id":12325,"href":"https:\/\/atabeymakina.com\/fr\/wp-json\/wp\/v2\/pages\/9688\/revisions\/12325"}],"up":[{"embeddable":true,"href":"https:\/\/atabeymakina.com\/fr\/wp-json\/wp\/v2\/pages\/9685"}],"wp:attachment":[{"href":"https:\/\/atabeymakina.com\/fr\/wp-json\/wp\/v2\/media?parent=9688"}],"curies":[{"name":"wp","href":"https:\/\/api.w.org\/{rel}","templated":true}]}}