{"id":9690,"date":"2021-11-20T10:43:18","date_gmt":"2021-11-20T07:43:18","guid":{"rendered":"https:\/\/atabeymakina.com\/epandeurs-de-beton\/spider-boom\/"},"modified":"2025-12-08T14:17:23","modified_gmt":"2025-12-08T11:17:23","slug":"distributeurs-de-beton-hydrauliques","status":"publish","type":"page","link":"https:\/\/atabeymakina.com\/fr\/epandeurs-de-beton\/distributeurs-de-beton-hydrauliques\/","title":{"rendered":"Distributeurs de B\u00e9ton Hydrauliques"},"content":{"rendered":"<div class=\"wpb-content-wrapper\"><p>[vc_row css=&#8221;.vc_custom_1637578846052{margin-bottom: 80px !important;}&#8221;][vc_column width=&#8221;1\/2&#8243;]<div class=\"video-container play-button-center\" ><img loading=\"lazy\" decoding=\"async\" width=\"1024\" height=\"1024\" src=\"https:\/\/atabeymakina.com\/wp-content\/uploads\/2021\/11\/b-series-08.jpg\" class=\"attachment-full\" alt=\"\" title=\"b-series-08\" srcset=\"https:\/\/atabeymakina.com\/wp-content\/uploads\/2021\/11\/b-series-08.jpg 1024w, https:\/\/atabeymakina.com\/wp-content\/uploads\/2021\/11\/b-series-08-800x800.jpg 800w, https:\/\/atabeymakina.com\/wp-content\/uploads\/2021\/11\/b-series-08-300x300.jpg 300w, https:\/\/atabeymakina.com\/wp-content\/uploads\/2021\/11\/b-series-08-150x150.jpg 150w, https:\/\/atabeymakina.com\/wp-content\/uploads\/2021\/11\/b-series-08-768x768.jpg 768w, https:\/\/atabeymakina.com\/wp-content\/uploads\/2021\/11\/b-series-08-320x320.jpg 320w\" sizes=\"auto, (max-width: 1024px) 100vw, 1024px\" \/><a data-toggle=\"modal\" data-target=\"#video-modal-kd-video-modal-69e49a8fe6a96\" data-src=\"\" data-backdrop=\"true\" class=\"\"><span class=\"play-video\"><span class=\"fas fa-play\"><\/span><\/span><\/a><\/div><div class=\"modal fade video-modal\" id=\"video-modal-kd-video-modal-69e49a8fe6a96\" role=\"dialog\">\n                            <div class=\"modal-content\">\n                            <button type=\"button\" class=\"close\" data-dismiss=\"modal\">\u00d7<\/button>\n                            <div class=\"row\"><video class=\"video-modal-local\" title=\"\" poster=\"\" height=\"400px\" controls>\n                              <source src=\"https:\/\/atabeymakina.com\/video\/en\/b-series-podium-avm.mp4\" type=\"video\/mp4\"><img decoding=\"async\" alt=\"\" src=\"\" title=\"Video playback is not supported by your browser\" \/>\n                              <\/video><\/div>\n                            <\/div>\n                        <\/div>[\/vc_column][vc_column width=&#8221;1\/2&#8243;][vc_custom_heading text=&#8221;B S\u00e9rie Caract\u00e9ristiques G\u00e9n\u00e9rales&#8221; google_fonts=&#8221;font_family:Source%20Serif%20Pro%3A400%2C600%2C700|font_style:700%20bold%20regular%3A700%3Anormal&#8221;][vc_column_text css=&#8221;.vc_custom_1686738039640{margin-bottom: 20px !important;}&#8221;]<\/p>\n<ul>\n<li>Le m\u00e9canisme &#8220;Slip-Ring&#8221; fournit une rotation infinie. Pas besoin de se soucier du positionnement du point de d\u00e9part<\/li>\n<li>La structure d\u00e9tachable avec une fl\u00e8che \u00abFacile \u00e0 \u00c9clater\u00bb via une connexion \u00e0 une seule broche permet une utilisation la plus polyvalente de l&#8217;\u00e9quipement, en particulier lorsque la capacit\u00e9 de grue \u00e0 tenir est limit\u00e9e<\/li>\n<li>Les bo\u00eetes \u00e0 ballast sont fournies en standard; pas besoin de pr\u00e9parer les ballasts, l&#8217;\u00e9quipement est juste pr\u00eat pour \u00abLe plug-in et la course\u00bb<\/li>\n<li>L&#8217;engrenage rotatif robuste est la norme pour assurer une dur\u00e9e de vie plus puissante et plus longue par rapport \u00e0 l&#8217;engrenage standard.<\/li>\n<\/ul>\n<p>[\/vc_column_text]<a  href=\"https:\/\/atabeymakina.com\/pdf\/en\/251208_b_serisi_en.pdf\"  target=\"_blank\"  title=\"\" class=\"tt_button tt_primary_button btn_primary_color hover_solid_secondary pull-left button-action-link\" ><span class=\"prim_text\">Catalogue de la S\u00e9rie B<\/span><\/a>[\/vc_column][\/vc_row][vc_row][vc_column width=&#8221;1\/3&#8243;][vc_single_image image=&#8221;9153&#8243; alignment=&#8221;center&#8221;][vc_custom_heading text=&#8221;B 21&#8243; font_container=&#8221;tag:h3|text_align:center&#8221; google_fonts=&#8221;font_family:Source%20Serif%20Pro%3A400%2C600%2C700|font_style:700%20bold%20regular%3A700%3Anormal&#8221;][vc_column_text css=&#8221;.vc_custom_1685973923705{margin-bottom: 20px !important;}&#8221;]<\/p>\n<p style=\"text-align: center;\"><strong>Sp\u00e9cification Principale<\/strong><br \/>\nBoom \u00e0 3 \u00e9l\u00e9ments avec cadre de queue sur\u00e9lev\u00e9<br \/>\n<strong>Port\u00e9e horizontale de 21 m<\/strong><\/p>\n<p>[\/vc_column_text][\/vc_column][vc_column width=&#8221;1\/3&#8243;][vc_single_image image=&#8221;9159&#8243; alignment=&#8221;center&#8221;][vc_custom_heading text=&#8221;B 308 &#8211; 312 &#8211; 15 &#8211; 17 &#8211; 18&#8243; font_container=&#8221;tag:h3|text_align:center&#8221; google_fonts=&#8221;font_family:Source%20Serif%20Pro%3A400%2C600%2C700|font_style:700%20bold%20regular%3A700%3Anormal&#8221;][vc_column_text css=&#8221;.vc_custom_1685973944313{margin-bottom: 20px !important;}&#8221;]<\/p>\n<p style=\"text-align: center;\"><strong>Sp\u00e9cification Principale<\/strong><br \/>\nBoom de 3 \u00e9l\u00e9ments<br \/>\n<strong>Port\u00e9e horizontale de 8 \u00e0 18 m<\/strong><\/p>\n<p>[\/vc_column_text][\/vc_column][vc_column width=&#8221;1\/3&#8243;][vc_single_image image=&#8221;9166&#8243; alignment=&#8221;center&#8221;][vc_custom_heading text=&#8221;B 212&#8243; font_container=&#8221;tag:h3|text_align:center&#8221; google_fonts=&#8221;font_family:Source%20Serif%20Pro%3A400%2C600%2C700|font_style:700%20bold%20regular%3A700%3Anormal&#8221;][vc_column_text css=&#8221;.vc_custom_1685973961217{margin-bottom: 20px !important;}&#8221;]<\/p>\n<p style=\"text-align: center;\"><strong>Sp\u00e9cification Principale<\/strong><br \/>\nBoom de 2 \u00e9l\u00e9ments<br \/>\n<strong>Port\u00e9e horizontale de 12 m<\/strong><\/p>\n<p>[\/vc_column_text][\/vc_column][\/vc_row][vc_row full_width=&#8221;stretch_row&#8221; css_animation=&#8221;fadeIn&#8221; css=&#8221;.vc_custom_1719910186847{margin-top: 50px !important;background-color: #f5f5f5 !important;border-radius: 5px !important;}&#8221;][vc_column][vc_empty_space height=&#8221;20px&#8221;]<header class=\"kd-section-title col-lg-12 text-center    \" ><h2 class=\"separator_off\" >Caract\u00e9ristiques avantageuses exceptionnelles des Araign\u00e9es d\u2019Atabey<\/h2><h6 class=\"subtitle \" >S\u00e9rie B<\/h6><\/header>[vc_empty_space height=&#8221;20px&#8221;][vc_row_inner][vc_column_inner width=&#8221;1\/3&#8243; css=&#8221;.vc_custom_1719905090840{margin-top: 10px !important;margin-right: 10px !important;margin-bottom: 10px !important;margin-left: 10px !important;}&#8221;][vc_single_image image=&#8221;11353&#8243; img_size=&#8221;250&#215;250&#8243; alignment=&#8221;center&#8221; css=&#8221;.vc_custom_1719905556158{margin-top: 10px !important;margin-right: 10px !important;margin-bottom: 10px !important;margin-left: 10px !important;}&#8221;][vc_custom_heading text=&#8221;\u00c9quipement de Balle Robuste&#8221; font_container=&#8221;tag:h4|text_align:left&#8221; google_fonts=&#8221;font_family:Source%20Serif%20Pro%3A400%2C600%2C700|font_style:600%20bold%20regular%3A600%3Anormal&#8221;][vc_column_text]Les distributeurs de b\u00e9ton de la S\u00e9rie Atabey B ont des engrenages de rotation lourds int\u00e9gr\u00e9s \u00e0 la bo\u00eete de vitesses r\u00e9ductrice. Le syst\u00e8me est beaucoup plus fiable par rapport aux r\u00e9ducteurs d\u2019engrenages \u00e0 vers couramment utilis\u00e9s.[\/vc_column_text][\/vc_column_inner][vc_column_inner width=&#8221;1\/3&#8243; css=&#8221;.vc_custom_1719905094216{margin-top: 10px !important;margin-right: 10px !important;margin-bottom: 10px !important;margin-left: 10px !important;}&#8221;][vc_single_image image=&#8221;11358&#8243; img_size=&#8221;250&#215;250&#8243; alignment=&#8221;center&#8221; css=&#8221;.vc_custom_1719905561482{margin-top: 10px !important;margin-right: 10px !important;margin-bottom: 10px !important;margin-left: 10px !important;}&#8221;][vc_custom_heading text=&#8221;Rotaci\u00f3n Real Infinita&#8221; font_container=&#8221;tag:h4|text_align:left&#8221; google_fonts=&#8221;font_family:Source%20Serif%20Pro%3A400%2C600%2C700|font_style:600%20bold%20regular%3A600%3Anormal&#8221;][vc_column_text]Il n\u2019y a pas de limite au nombre de tours sur nos machines de la S\u00e9rie B. Toutes les autres marques ont un nombre limit\u00e9 de tours. Et ils affirment que lorsque leur machine fait une rotation compl\u00e8te (360\u00ba), il s\u2019agit d\u2019une \u00ab\u00a0rotation infinie\u00a0\u00bb.<br \/>\nLe syst\u00e8me de rotation sans fin est uniquement disponible dans la S\u00e9rie Atabey B.[\/vc_column_text][\/vc_column_inner][vc_column_inner width=&#8221;1\/3&#8243; css=&#8221;.vc_custom_1719905098672{margin-top: 10px !important;margin-right: 10px !important;margin-bottom: 10px !important;margin-left: 10px !important;}&#8221;][vc_single_image image=&#8221;11363&#8243; img_size=&#8221;250&#215;250&#8243; alignment=&#8221;center&#8221; css=&#8221;.vc_custom_1719905567613{margin-top: 10px !important;margin-right: 10px !important;margin-bottom: 10px !important;margin-left: 10px !important;}&#8221;][vc_custom_heading text=&#8221;Sauvegarde En Cas de Panne de Courant : Pompe \u00e0 Main D&#8217;urgence&#8221; font_container=&#8221;tag:h4|text_align:left&#8221; google_fonts=&#8221;font_family:Source%20Serif%20Pro%3A400%2C600%2C700|font_style:600%20bold%20regular%3A600%3Anormal&#8221;][vc_column_text]La pompe \u00e0 main d\u2019urgence est standard dans tous les \u00e9quipements de la S\u00e9rie Atabey B. N\u2019arr\u00eatez jamais de verser du b\u00e9ton; m\u00eame en cas de coupe de puissance, vous pouvez terminer le b\u00e9ton versant avec une pompe manuelle \u00e0 main. Il n\u2019y a pas de probl\u00e8me de \u00ab\u00a0joint froid\u00a0\u00bb avec la S\u00e9rie Atabey B.[\/vc_column_text][\/vc_column_inner][\/vc_row_inner][vc_row_inner][vc_column_inner width=&#8221;1\/3&#8243; css=&#8221;.vc_custom_1719905090840{margin-top: 10px !important;margin-right: 10px !important;margin-bottom: 10px !important;margin-left: 10px !important;}&#8221;][vc_single_image image=&#8221;11368&#8243; img_size=&#8221;250&#215;250&#8243; alignment=&#8221;center&#8221; css=&#8221;.vc_custom_1719905573942{margin-top: 10px !important;margin-right: 10px !important;margin-bottom: 10px !important;margin-left: 10px !important;}&#8221;][vc_custom_heading text=&#8221;TW: Syst\u00e8me de Colonnes Mobiles (en Option)&#8221; font_container=&#8221;tag:h4|text_align:left&#8221; google_fonts=&#8221;font_family:Source%20Serif%20Pro%3A400%2C600%2C700|font_style:600%20bold%20regular%3A600%3Anormal&#8221;][vc_column_text]C\u2019est une fonctionnalit\u00e9 unique sur le march\u00e9. Cette option fournit une application plus facile dans des projets avec de nombreux murs et colonnes qui provoquent des limitations de positionnement dans les \u00e9tages. Contrairement au syst\u00e8me de colonnes auto-augmentant, il s\u2019agit d\u2019un syst\u00e8me mobile qui permet d\u2019utiliser une unit\u00e9 dans plusieurs b\u00e2timents et emplacements sur le m\u00eame site. Pendant la phase de construction de la plus grande cath\u00e9drale mondiale de Bucarest \/ Roumanie, cette option a jou\u00e9 un r\u00f4le cl\u00e9 dans la r\u00e9solution des exigences de coul\u00e9e en b\u00e9ton.[\/vc_column_text][\/vc_column_inner][vc_column_inner width=&#8221;1\/3&#8243; css=&#8221;.vc_custom_1719905094216{margin-top: 10px !important;margin-right: 10px !important;margin-bottom: 10px !important;margin-left: 10px !important;}&#8221;][vc_single_image image=&#8221;11373&#8243; img_size=&#8221;250&#215;250&#8243; alignment=&#8221;center&#8221; css=&#8221;.vc_custom_1719905579445{margin-top: 10px !important;margin-right: 10px !important;margin-bottom: 10px !important;margin-left: 10px !important;}&#8221;][vc_custom_heading text=&#8221;K-Option: Chariot Porte-Roues Pour Distributeurs de B\u00e9ton Hydrauliques S\u00e9ries-B (Option)&#8221; font_container=&#8221;tag:h4|text_align:left&#8221; google_fonts=&#8221;font_family:Source%20Serif%20Pro%3A400%2C600%2C700|font_style:600%20bold%20regular%3A600%3Anormal&#8221;][vc_column_text]Une autre solution unique d\u2019Atabey! Ce syst\u00e8me de chariot est id\u00e9al pour la mobilisation lorsque l\u2019acc\u00e8s aux grues \u00e0 tour est limit\u00e9 aux \u00e9tages. Il dispose de quatre jambes de force hydrauliques et de 2 barres d\u2019attelage (avant-arri\u00e8re), chacune pouvant diriger la voiture. Disponible en version tract\u00e9e par timon ou automotrice (4\u00d72 ou 4\u00d74 \u00e0 traction hydrostatique).[\/vc_column_text][\/vc_column_inner][vc_column_inner width=&#8221;1\/3&#8243; css=&#8221;.vc_custom_1719905098672{margin-top: 10px !important;margin-right: 10px !important;margin-bottom: 10px !important;margin-left: 10px !important;}&#8221;][vc_single_image image=&#8221;11378&#8243; img_size=&#8221;250&#215;250&#8243; alignment=&#8221;center&#8221; css=&#8221;.vc_custom_1719905586017{margin-top: 10px !important;margin-right: 10px !important;margin-bottom: 10px !important;margin-left: 10px !important;}&#8221;][vc_custom_heading text=&#8221;Les Formes de Ballast Sont Fournies Gratuitement Pour Un D\u00e9marrage Rapide&#8221; font_container=&#8221;tag:h4|text_align:left&#8221; google_fonts=&#8221;font_family:Source%20Serif%20Pro%3A400%2C600%2C700|font_style:600%20bold%20regular%3A600%3Anormal&#8221;][vc_column_text]Installation rapide avec des moules en pierre d\u2019\u00e9quilibre pr\u00eats \u00e0 l\u2019emploi fournis avec l\u2019\u00e9quipement. Il suffit de remplir le b\u00e9ton et de commencer; dans la s\u00e9rie Atabey B, coffrage, etc. pour construire des ballasts. Il n\u2019y a pas besoin de le faire. Que font les concurrents ?[\/vc_column_text][\/vc_column_inner][\/vc_row_inner][\/vc_column][\/vc_row][vc_row css=&#8221;.vc_custom_1637576008203{margin-top: 20px !important;}&#8221;][vc_column][vc_custom_heading text=&#8221;Options&#8221; font_container=&#8221;tag:h2|text_align:center&#8221; google_fonts=&#8221;font_family:Source%20Serif%20Pro%3A400%2C600%2C700|font_style:700%20bold%20regular%3A700%3Anormal&#8221; css=&#8221;.vc_custom_1674564539844{margin-top: 20px !important;}&#8221;][\/vc_column][\/vc_row][vc_row css=&#8221;.vc_custom_1637585227970{margin-top: 20px !important;margin-bottom: 20px !important;}&#8221;][vc_column][vc_custom_heading text=&#8221;Options de Chariot \u00e0 4 Roues&#8221; font_container=&#8221;tag:h3|font_size:24|text_align:left&#8221; google_fonts=&#8221;font_family:Source%20Serif%20Pro%3A400%2C600%2C700|font_style:700%20bold%20regular%3A700%3Anormal&#8221;][vc_row_inner][vc_column_inner width=&#8221;1\/3&#8243;][vc_single_image image=&#8221;9173&#8243; img_size=&#8221;400&#215;400&#8243;][\/vc_column_inner][vc_column_inner width=&#8221;2\/3&#8243;][vc_column_text]<\/p>\n<ul>\n<li>Avec ou sans traction<\/li>\n<li>Stabilisateurs hydrauliques<\/li>\n<li>T\u00e9l\u00e9commande pour l&#8217;auto-voyage et la direction<\/li>\n<\/ul>\n<p>[\/vc_column_text][vc_gallery type=&#8221;image_grid&#8221; images=&#8221;9179,9185,9190&#8243; img_size=&#8221;250&#215;250&#8243; css=&#8221;.vc_custom_1672308972500{margin-top: 20px !important;margin-left: 20px !important;}&#8221;][\/vc_column_inner][\/vc_row_inner][\/vc_column][\/vc_row][vc_row css=&#8221;.vc_custom_1637577831440{margin-top: 20px !important;margin-bottom: 20px !important;}&#8221;][vc_column][vc_custom_heading text=&#8221;Options de la Tour D&#8217;altitude<br \/>\n<small>Solutions standard ou sp\u00e9cialement con\u00e7ues<\/small>&#8221; font_container=&#8221;tag:h3|font_size:24|text_align:left&#8221; google_fonts=&#8221;font_family:Source%20Serif%20Pro%3A400%2C600%2C700|font_style:700%20bold%20regular%3A700%3Anormal&#8221;][vc_row_inner css=&#8221;.vc_custom_1637577617407{margin-top: 20px !important;margin-bottom: 20px !important;}&#8221;][vc_column_inner width=&#8221;1\/4&#8243;][vc_single_image image=&#8221;9213&#8243; img_size=&#8221;300&#215;300&#8243;][\/vc_column_inner][vc_column_inner width=&#8221;1\/4&#8243;][vc_single_image image=&#8221;9196&#8243; img_size=&#8221;200&#215;200&#8243; alignment=&#8221;center&#8221; css=&#8221;.vc_custom_1672310085158{margin-bottom: 20px !important;}&#8221;][vc_column_text css=&#8221;.vc_custom_1685974068633{margin-top: 10px !important;}&#8221;]<\/p>\n<p class=\"sppb-addon-title\" style=\"text-align: center;\"><strong>Stabilisateurs standard <\/strong>(Autoportant)<\/p>\n<p>[\/vc_column_text][\/vc_column_inner][vc_column_inner width=&#8221;1\/4&#8243;][vc_single_image image=&#8221;9208&#8243; img_size=&#8221;200&#215;200&#8243; alignment=&#8221;center&#8221; css=&#8221;.vc_custom_1672310044186{margin-bottom: 20px !important;}&#8221;][vc_column_text css=&#8221;.vc_custom_1685974087417{margin-top: 10px !important;}&#8221;]<\/p>\n<p class=\"sppb-addon-title\" style=\"text-align: center;\"><strong>Stabilisateurs courts avec des poids de ballast <\/strong>(Autoportant)<\/p>\n<p>[\/vc_column_text][\/vc_column_inner][vc_column_inner width=&#8221;1\/4&#8243;][vc_single_image image=&#8221;9219&#8243; img_size=&#8221;200&#215;200&#8243; alignment=&#8221;center&#8221; css=&#8221;.vc_custom_1672310366624{margin-bottom: 20px !important;}&#8221;][vc_column_text css=&#8221;.vc_custom_1685974104721{margin-top: 10px !important;}&#8221;]<\/p>\n<p class=\"sppb-addon-title\" style=\"text-align: center;\"><strong>Base de tour ancr\u00e9e sur le pont <\/strong>(Ancr\u00e9e)<\/p>\n<p>[\/vc_column_text][\/vc_column_inner][\/vc_row_inner][\/vc_column][\/vc_row][vc_row][vc_column][vc_custom_heading text=&#8221;Accessories&#8221; font_container=&#8221;tag:h2|text_align:center&#8221; google_fonts=&#8221;font_family:Source%20Serif%20Pro%3A400%2C600%2C700|font_style:700%20bold%20regular%3A700%3Anormal&#8221; css=&#8221;.vc_custom_1674564607769{margin-top: 20px !important;}&#8221;][\/vc_column][\/vc_row][vc_row][vc_column width=&#8221;1\/3&#8243;][vc_single_image image=&#8221;9070&#8243; alignment=&#8221;center&#8221;][vc_column_text]<\/p>\n<p style=\"text-align: center;\"><strong>Vannes de d\u00e9viation hydraulique<\/strong><br \/>\n(avec pompe \u00e0 main et \/ ou connexion de ligne hydraulique externe)<\/p>\n<p>[\/vc_column_text][\/vc_column][vc_column width=&#8221;1\/3&#8243;][vc_single_image image=&#8221;9059&#8243; alignment=&#8221;center&#8221;][vc_column_text]<\/p>\n<p style=\"text-align: center;\"><strong>Packs d&#8217;alimentation pour les vannes de d\u00e9tournement<\/strong><br \/>\n(\u00e9lectrique ou diesel)<\/p>\n<p>[\/vc_column_text][\/vc_column][vc_column width=&#8221;1\/3&#8243;][vc_single_image image=&#8221;9052&#8243; alignment=&#8221;center&#8221;][vc_column_text]<\/p>\n<p style=\"text-align: center;\"><strong>Ciseaux de pipeline<\/strong><br \/>\n(connexion de pipeline de moule coulissant)<\/p>\n<p>[\/vc_column_text][\/vc_column][\/vc_row][vc_row full_width=&#8221;stretch_row&#8221; gap=&#8221;5&#8243;][vc_column][vc_empty_space][vc_custom_heading text=&#8221;Galerie de Photos&#8221; font_container=&#8221;tag:h2|text_align:center&#8221; google_fonts=&#8221;font_family:Source%20Serif%20Pro%3A400%2C600%2C700|font_style:700%20bold%20regular%3A700%3Anormal&#8221; css=&#8221;.vc_custom_1674564626240{margin-top: 20px !important;}&#8221;][vc_gallery type=&#8221;image_grid&#8221; images=&#8221;8224,8220,11676,8236,8240,8204,11671,8208,8252,8280,8268,8256,8248,8228&#8243; css_animation=&#8221;fadeInUp&#8221; css=&#8221;&#8221;][\/vc_column][\/vc_row]<\/p>\n<\/div>","protected":false},"excerpt":{"rendered":"<p>[vc_row css=&#8221;.vc_custom_1637578846052{margin-bottom: 80px !important;}&#8221;][vc_column width=&#8221;1\/2&#8243;][\/vc_column][vc_column width=&#8221;1\/2&#8243;][vc_custom_heading text=&#8221;B S\u00e9rie Caract\u00e9ristiques G\u00e9n\u00e9rales&#8221; google_fonts=&#8221;font_family:Source%20Serif%20Pro%3A400%2C600%2C700|font_style:700%20bold%20regular%3A700%3Anormal&#8221;][vc_column_text css=&#8221;.vc_custom_1686738039640{margin-bottom: 20px !important;}&#8221;] Le m\u00e9canisme &#8220;Slip-Ring&#8221; fournit une rotation [&hellip;]<\/p>\n","protected":false},"author":1,"featured_media":0,"parent":9685,"menu_order":0,"comment_status":"closed","ping_status":"closed","template":"","meta":{"sfsi_plus_gutenberg_text_before_share":"","sfsi_plus_gutenberg_show_text_before_share":"","sfsi_plus_gutenberg_icon_type":"","sfsi_plus_gutenberg_icon_alignemt":"","sfsi_plus_gutenburg_max_per_row":"","footnotes":""},"class_list":["post-9690","page","type-page","status-publish","hentry"],"_links":{"self":[{"href":"https:\/\/atabeymakina.com\/fr\/wp-json\/wp\/v2\/pages\/9690","targetHints":{"allow":["GET"]}}],"collection":[{"href":"https:\/\/atabeymakina.com\/fr\/wp-json\/wp\/v2\/pages"}],"about":[{"href":"https:\/\/atabeymakina.com\/fr\/wp-json\/wp\/v2\/types\/page"}],"author":[{"embeddable":true,"href":"https:\/\/atabeymakina.com\/fr\/wp-json\/wp\/v2\/users\/1"}],"replies":[{"embeddable":true,"href":"https:\/\/atabeymakina.com\/fr\/wp-json\/wp\/v2\/comments?post=9690"}],"version-history":[{"count":13,"href":"https:\/\/atabeymakina.com\/fr\/wp-json\/wp\/v2\/pages\/9690\/revisions"}],"predecessor-version":[{"id":12344,"href":"https:\/\/atabeymakina.com\/fr\/wp-json\/wp\/v2\/pages\/9690\/revisions\/12344"}],"up":[{"embeddable":true,"href":"https:\/\/atabeymakina.com\/fr\/wp-json\/wp\/v2\/pages\/9685"}],"wp:attachment":[{"href":"https:\/\/atabeymakina.com\/fr\/wp-json\/wp\/v2\/media?parent=9690"}],"curies":[{"name":"wp","href":"https:\/\/api.w.org\/{rel}","templated":true}]}}