{"id":9691,"date":"2021-11-22T16:08:28","date_gmt":"2021-11-22T13:08:28","guid":{"rendered":"https:\/\/atabeymakina.com\/epandeurs-de-beton\/wheeled-placing-boom\/"},"modified":"2025-09-19T11:45:09","modified_gmt":"2025-09-19T08:45:09","slug":"distributeurs-de-beton-mobiles","status":"publish","type":"page","link":"https:\/\/atabeymakina.com\/fr\/epandeurs-de-beton\/distributeurs-de-beton-mobiles\/","title":{"rendered":"Distributeurs de B\u00e9ton Mobiles"},"content":{"rendered":"<div class=\"wpb-content-wrapper\"><p>[vc_row css=&#8221;.vc_custom_1637578846052{margin-bottom: 80px !important;}&#8221;][vc_column width=&#8221;1\/2&#8243;]<div class=\"video-container play-button-center\" ><img loading=\"lazy\" decoding=\"async\" width=\"1024\" height=\"1024\" src=\"https:\/\/atabeymakina.com\/wp-content\/uploads\/2021\/11\/bw-series-10.jpg\" class=\"attachment-full\" alt=\"\" title=\"bw-series-10\" srcset=\"https:\/\/atabeymakina.com\/wp-content\/uploads\/2021\/11\/bw-series-10.jpg 1024w, https:\/\/atabeymakina.com\/wp-content\/uploads\/2021\/11\/bw-series-10-800x800.jpg 800w, https:\/\/atabeymakina.com\/wp-content\/uploads\/2021\/11\/bw-series-10-300x300.jpg 300w, https:\/\/atabeymakina.com\/wp-content\/uploads\/2021\/11\/bw-series-10-150x150.jpg 150w, https:\/\/atabeymakina.com\/wp-content\/uploads\/2021\/11\/bw-series-10-768x768.jpg 768w, https:\/\/atabeymakina.com\/wp-content\/uploads\/2021\/11\/bw-series-10-320x320.jpg 320w\" sizes=\"auto, (max-width: 1024px) 100vw, 1024px\" \/><a data-toggle=\"modal\" data-target=\"#video-modal-kd-video-modal-69e73716c7d15\" data-src=\"\" data-backdrop=\"true\" class=\"\"><span class=\"play-video\"><span class=\"fas fa-play\"><\/span><\/span><\/a><\/div><div class=\"modal fade video-modal\" id=\"video-modal-kd-video-modal-69e73716c7d15\" role=\"dialog\">\n                            <div class=\"modal-content\">\n                            <button type=\"button\" class=\"close\" data-dismiss=\"modal\">\u00d7<\/button>\n                            <div class=\"row\"><video class=\"video-modal-local\" title=\"\" poster=\"\" height=\"400px\" controls>\n                              <source src=\"https:\/\/atabeymakina.com\/video\/en\/bw-series-costa-rica_en.mp4\" type=\"video\/mp4\"><img decoding=\"async\" alt=\"\" src=\"\" title=\"Video playback is not supported by your browser\" \/>\n                              <\/video><\/div>\n                            <\/div>\n                        <\/div>[\/vc_column][vc_column width=&#8221;1\/2&#8243;][vc_custom_heading text=&#8221;BW 21 S\u00e9rie Caract\u00e9ristiques G\u00e9n\u00e9rales&#8221; google_fonts=&#8221;font_family:Source%20Serif%20Pro%3A400%2C600%2C700|font_style:700%20bold%20regular%3A700%3Anormal&#8221;][vc_column_text]<\/p>\n<ul>\n<li>Innovation dans les pompes \u00e0 b\u00e9ton stationnaires! Nos pompes \u00e0 b\u00e9ton stationnaires sont devenues mobiles!<\/li>\n<li>Transport\u00e9 facilement gr\u00e2ce \u00e0 sa structure modulaire<\/li>\n<li>Avec le syst\u00e8me de t\u00e9l\u00e9commande sans fil (Optionel)<\/li>\n<li>Options du moteur diesel, \u00e0 essence ou electrique<\/li>\n<li>L\u2019unique 4-roues motrices, epandeur hydraulique au monde!<\/li>\n<li>Hydrostatique 4 roues motrices<\/li>\n<\/ul>\n<p>[\/vc_column_text][vc_custom_heading text=&#8221;BW 24 S\u00e9rie Caract\u00e9ristiques G\u00e9n\u00e9rales&#8221; google_fonts=&#8221;font_family:Source%20Serif%20Pro%3A400%2C600%2C700|font_style:700%20bold%20regular%3A700%3Anormal&#8221; css=&#8221;.vc_custom_1674564762912{margin-top: 30px !important;}&#8221;][vc_column_text css=&#8221;.vc_custom_1686742456610{margin-bottom: 20px !important;}&#8221;]<\/p>\n<ul>\n<li>Il y a une t\u00e9l\u00e9commande sans fil<\/li>\n<li>Moteur diesel<\/li>\n<\/ul>\n<p>[\/vc_column_text]<a  href=\"https:\/\/atabeymakina.com\/pdf\/en\/250919_bw_series_en.pdf\"  target=\"_blank\"  title=\"\" class=\"tt_button tt_primary_button btn_primary_color hover_solid_secondary pull-left button-action-link\" ><span class=\"prim_text\">Catalog de la S\u00e9rie BW<\/span><\/a>[\/vc_column][\/vc_row][vc_row][vc_column width=&#8221;1\/3&#8243;][vc_single_image image=&#8221;9123&#8243; alignment=&#8221;center&#8221;][vc_custom_heading text=&#8221;BW 313&#8243; font_container=&#8221;tag:h3|text_align:center&#8221; google_fonts=&#8221;font_family:Source%20Serif%20Pro%3A400%2C600%2C700|font_style:700%20bold%20regular%3A700%3Anormal&#8221;][vc_column_text css=&#8221;.vc_custom_1721891234064{margin-bottom: 20px !important;}&#8221;]<\/p>\n<p style=\"text-align: center;\"><strong>Sp\u00e9cification Principale<\/strong><br \/>\n<strong>Max. port\u00e9e verticale:<\/strong> 13 m<br \/>\n<strong>Max. port\u00e9e horizontale:<\/strong> 11 m<br \/>\n<strong>Poids op\u00e9rationnel:<\/strong> 2700 kg<br \/>\nMouvement de balayage 360<sup>0<\/sup><\/p>\n<p>[\/vc_column_text][\/vc_column][vc_column width=&#8221;1\/3&#8243;][vc_single_image image=&#8221;9128&#8243; alignment=&#8221;center&#8221;][vc_custom_heading text=&#8221;BW 21&#8243; font_container=&#8221;tag:h3|text_align:center&#8221; google_fonts=&#8221;font_family:Source%20Serif%20Pro%3A400%2C600%2C700|font_style:700%20bold%20regular%3A700%3Anormal&#8221;][vc_column_text css=&#8221;.vc_custom_1721894819052{margin-bottom: 20px !important;}&#8221;]<\/p>\n<p style=\"text-align: center;\"><strong>Sp\u00e9cification Principale<\/strong><br \/>\n<strong>Max. port\u00e9e verticale:<\/strong> 21 m<br \/>\n<strong>Max. port\u00e9e horizontale:<\/strong> 18 m<br \/>\n<strong>Poids op\u00e9rationnel:<\/strong>\u00a09000 kg<br \/>\nMouvement de balayage 360<sup>0<\/sup><\/p>\n<p>[\/vc_column_text][\/vc_column][vc_column width=&#8221;1\/3&#8243;][vc_single_image image=&#8221;9133&#8243; alignment=&#8221;center&#8221;][vc_custom_heading text=&#8221;BW 24&#8243; font_container=&#8221;tag:h3|text_align:center&#8221; google_fonts=&#8221;font_family:Source%20Serif%20Pro%3A400%2C600%2C700|font_style:700%20bold%20regular%3A700%3Anormal&#8221;][vc_column_text css=&#8221;.vc_custom_1721891203840{margin-bottom: 20px !important;}&#8221;]<\/p>\n<p style=\"text-align: center;\"><strong>Sp\u00e9cification Principale<\/strong><br \/>\n<strong>Max. port\u00e9e verticale:<\/strong> 24 m<br \/>\n<strong>Max. port\u00e9e horizontale:<\/strong> 21 m<br \/>\n<strong>Poids op\u00e9rationnel:<\/strong> 13130 kg<br \/>\n(Y compris le ballast)<br \/>\nMouvement de balayage 360<sup>0<\/sup><\/p>\n<p>[\/vc_column_text][\/vc_column][\/vc_row][vc_row full_width=&#8221;stretch_row&#8221; gap=&#8221;5&#8243;][vc_column][vc_empty_space][vc_custom_heading text=&#8221;Galerie de Photos&#8221; font_container=&#8221;tag:h2|text_align:center&#8221; google_fonts=&#8221;font_family:Source%20Serif%20Pro%3A400%2C600%2C700|font_style:700%20bold%20regular%3A700%3Anormal&#8221; css=&#8221;.vc_custom_1674564856147{margin-top: 20px !important;}&#8221;][vc_gallery type=&#8221;image_grid&#8221; images=&#8221;8476,8484,8508,8500,8520,8524,8512&#8243; css_animation=&#8221;fadeInUp&#8221; css=&#8221;&#8221;][\/vc_column][\/vc_row]<\/p>\n<\/div>","protected":false},"excerpt":{"rendered":"<p>[vc_row css=&#8221;.vc_custom_1637578846052{margin-bottom: 80px !important;}&#8221;][vc_column width=&#8221;1\/2&#8243;][\/vc_column][vc_column width=&#8221;1\/2&#8243;][vc_custom_heading text=&#8221;BW 21 S\u00e9rie Caract\u00e9ristiques G\u00e9n\u00e9rales&#8221; google_fonts=&#8221;font_family:Source%20Serif%20Pro%3A400%2C600%2C700|font_style:700%20bold%20regular%3A700%3Anormal&#8221;][vc_column_text] Innovation dans les pompes \u00e0 b\u00e9ton stationnaires! Nos [&hellip;]<\/p>\n","protected":false},"author":1,"featured_media":0,"parent":9685,"menu_order":0,"comment_status":"closed","ping_status":"closed","template":"","meta":{"sfsi_plus_gutenberg_text_before_share":"","sfsi_plus_gutenberg_show_text_before_share":"","sfsi_plus_gutenberg_icon_type":"","sfsi_plus_gutenberg_icon_alignemt":"","sfsi_plus_gutenburg_max_per_row":"","footnotes":""},"class_list":["post-9691","page","type-page","status-publish","hentry"],"_links":{"self":[{"href":"https:\/\/atabeymakina.com\/fr\/wp-json\/wp\/v2\/pages\/9691","targetHints":{"allow":["GET"]}}],"collection":[{"href":"https:\/\/atabeymakina.com\/fr\/wp-json\/wp\/v2\/pages"}],"about":[{"href":"https:\/\/atabeymakina.com\/fr\/wp-json\/wp\/v2\/types\/page"}],"author":[{"embeddable":true,"href":"https:\/\/atabeymakina.com\/fr\/wp-json\/wp\/v2\/users\/1"}],"replies":[{"embeddable":true,"href":"https:\/\/atabeymakina.com\/fr\/wp-json\/wp\/v2\/comments?post=9691"}],"version-history":[{"count":10,"href":"https:\/\/atabeymakina.com\/fr\/wp-json\/wp\/v2\/pages\/9691\/revisions"}],"predecessor-version":[{"id":12326,"href":"https:\/\/atabeymakina.com\/fr\/wp-json\/wp\/v2\/pages\/9691\/revisions\/12326"}],"up":[{"embeddable":true,"href":"https:\/\/atabeymakina.com\/fr\/wp-json\/wp\/v2\/pages\/9685"}],"wp:attachment":[{"href":"https:\/\/atabeymakina.com\/fr\/wp-json\/wp\/v2\/media?parent=9691"}],"curies":[{"name":"wp","href":"https:\/\/api.w.org\/{rel}","templated":true}]}}