{"id":9693,"date":"2021-11-22T16:58:41","date_gmt":"2021-11-22T13:58:41","guid":{"rendered":"https:\/\/atabeymakina.com\/concrete-pumps\/scorpion-concrete-pump\/"},"modified":"2025-07-03T10:56:09","modified_gmt":"2025-07-03T07:56:09","slug":"pompes-en-beton-mobile-scorpion","status":"publish","type":"page","link":"https:\/\/atabeymakina.com\/fr\/pompes-a-beton\/pompes-en-beton-mobile-scorpion\/","title":{"rendered":"Pompes en B\u00e9ton Mobile &#8220;Scorpion&#8221;"},"content":{"rendered":"<div class=\"wpb-content-wrapper\"><p>[vc_row css=&#8221;.vc_custom_1637578846052{margin-bottom: 80px !important;}&#8221;][vc_column width=&#8221;1\/2&#8243;]<div class=\"video-container play-button-center\" ><img loading=\"lazy\" decoding=\"async\" width=\"1024\" height=\"1024\" src=\"https:\/\/atabeymakina.com\/wp-content\/uploads\/2021\/11\/scp-series-19.jpg\" class=\"attachment-full\" alt=\"\" title=\"scp-series-19\" srcset=\"https:\/\/atabeymakina.com\/wp-content\/uploads\/2021\/11\/scp-series-19.jpg 1024w, https:\/\/atabeymakina.com\/wp-content\/uploads\/2021\/11\/scp-series-19-800x800.jpg 800w, https:\/\/atabeymakina.com\/wp-content\/uploads\/2021\/11\/scp-series-19-300x300.jpg 300w, https:\/\/atabeymakina.com\/wp-content\/uploads\/2021\/11\/scp-series-19-150x150.jpg 150w, https:\/\/atabeymakina.com\/wp-content\/uploads\/2021\/11\/scp-series-19-768x768.jpg 768w, https:\/\/atabeymakina.com\/wp-content\/uploads\/2021\/11\/scp-series-19-320x320.jpg 320w\" sizes=\"auto, (max-width: 1024px) 100vw, 1024px\" \/><a data-toggle=\"modal\" data-target=\"#video-modal-kd-video-modal-69e739dc8c9d7\" data-src=\"\" data-backdrop=\"true\" class=\"\"><span class=\"play-video\"><span class=\"fas fa-play\"><\/span><\/span><\/a><\/div><div class=\"modal fade video-modal\" id=\"video-modal-kd-video-modal-69e739dc8c9d7\" role=\"dialog\">\n                            <div class=\"modal-content\">\n                            <button type=\"button\" class=\"close\" data-dismiss=\"modal\">\u00d7<\/button>\n                            <div class=\"row\"><video class=\"video-modal-local\" title=\"\" poster=\"\" height=\"400px\" controls>\n                              <source src=\"https:\/\/atabeymakina.com\/video\/en\/scp-series-introduction_en.mp4\" type=\"video\/mp4\"><img decoding=\"async\" alt=\"\" src=\"\" title=\"Video playback is not supported by your browser\" \/>\n                              <\/video><\/div>\n                            <\/div>\n                        <\/div>[\/vc_column][vc_column width=&#8221;1\/2&#8243;][vc_custom_heading text=&#8221;SCP S\u00e9rie Caract\u00e9ristiques G\u00e9n\u00e9rales&#8221; google_fonts=&#8221;font_family:Source%20Serif%20Pro%3A400%2C600%2C700|font_style:700%20bold%20regular%3A700%3Anormal&#8221;][vc_column_text css=&#8221;.vc_custom_1686054506067{margin-bottom: 20px !important;}&#8221;]<\/p>\n<ul>\n<li>Unique au monde! Syst\u00e8me de t\u00e9l\u00e9commande sans fil<\/li>\n<li>\u00c9pandeur en trois morceaux int\u00e9gr\u00e9s<\/li>\n<li>4X4 syst\u00e8me de propulsion<\/li>\n<li>Options de moteur diesel quatre cylindres<\/li>\n<li>Syst\u00e8me central de graissage automatique<\/li>\n<li>Positionnement plus proche et parfait \u00e0 la zone d\u2019application<\/li>\n<li>Transport\u00e9 dans le monde entier gr\u00e2ce \u00e0 son ajustement parfait dans un conteneur<\/li>\n<\/ul>\n<p>[\/vc_column_text]<a  href=\"https:\/\/atabeymakina.com\/pdf\/en\/250407_scp_series_en.pdf\"  target=\"_blank\"  title=\"\" class=\"tt_button tt_primary_button btn_primary_color hover_solid_secondary pull-left button-action-link\" ><span class=\"prim_text\">Catalogue de la S\u00e9rie SCP<\/span><\/a>[\/vc_column][\/vc_row][vc_row][vc_column width=&#8221;1\/3&#8243;][vc_single_image image=&#8221;9091&#8243; alignment=&#8221;center&#8221;][vc_custom_heading text=&#8221;SCP 3.24 (+3)&#8221; font_container=&#8221;tag:h3|text_align:center&#8221; google_fonts=&#8221;font_family:Source%20Serif%20Pro%3A400%2C600%2C700|font_style:700%20bold%20regular%3A700%3Anormal&#8221;][vc_column_text css=&#8221;.vc_custom_1686738819766{margin-bottom: 20px !important;}&#8221;]<\/p>\n<p style=\"text-align: center;\"><strong>Sp\u00e9cification Principale<\/strong><br \/>\n<strong>Puissance du moteur:<\/strong><br \/>\n50 \u2013 165 kW \/ 67 \u2013 220 Hp<br \/>\n<strong>Flux de pompage en b\u00e9ton:<\/strong>\u00a038 \u2013 82 m\u00b3\/h<br \/>\n<strong>Options du moteur<\/strong><br \/>\nMoteur diesel Perkins, Cummins, Yavuz, Kubota<\/p>\n<p>[\/vc_column_text][\/vc_column][vc_column width=&#8221;1\/3&#8243;][vc_single_image image=&#8221;9085&#8243; alignment=&#8221;center&#8221;][vc_custom_heading text=&#8221;SCP 3.21 (+3)&#8221; font_container=&#8221;tag:h3|text_align:center&#8221; google_fonts=&#8221;font_family:Source%20Serif%20Pro%3A400%2C600%2C700|font_style:700%20bold%20regular%3A700%3Anormal&#8221;][vc_column_text css=&#8221;.vc_custom_1687506998846{margin-bottom: 20px !important;}&#8221;]<\/p>\n<p style=\"text-align: center;\"><strong>Sp\u00e9cification Principale<\/strong><br \/>\n<strong>Puissance du moteur:<\/strong> 50 \u2013 120 kW \/ 67 \u2013 160 Hp<br \/>\n<strong>Flux de pompage en b\u00e9ton:<\/strong>\u00a025 \u2013 60 m\u00b3\/h<br \/>\n<strong>Options du moteur<\/strong><br \/>\nMoteur diesel Perkins, Cummins, Yavuz, Kubota<\/p>\n<p>[\/vc_column_text][\/vc_column][vc_column width=&#8221;1\/3&#8243;][vc_single_image image=&#8221;9098&#8243; alignment=&#8221;center&#8221;][vc_custom_heading text=&#8221;Remorque Porteuse \u00c0 Ch\u00e2ssis Pliable FT 208&#8243; font_container=&#8221;tag:h3|text_align:center&#8221; google_fonts=&#8221;font_family:Source%20Serif%20Pro%3A400%2C600%2C700|font_style:700%20bold%20regular%3A700%3Anormal&#8221;][vc_column_text css=&#8221;.vc_custom_1686738904811{margin-bottom: 20px !important;}&#8221;]<\/p>\n<p style=\"text-align: center;\"><strong>Sp\u00e9cification Principale<\/strong><br \/>\nLa remorque FT 208 peut \u00e9tre pli\u00e9e pour les exp\u00e9ditions dans des conteneurs \u00e0 l&#8217;\u00e9tranger. Pour les exp\u00e9ditions \u00e0 l&#8217;\u00e9tranger, la pompe Scorpion et sa remorque de transporteur peuvent \u00eatre exp\u00e9di\u00e9es avec le m\u00eame conteneur HC 40\u2032.<\/p>\n<p>[\/vc_column_text][\/vc_column][\/vc_row][vc_row full_width=&#8221;stretch_row&#8221; gap=&#8221;5&#8243;][vc_column][vc_empty_space][vc_custom_heading text=&#8221;Galerie de Photos&#8221; font_container=&#8221;tag:h2|text_align:center&#8221; google_fonts=&#8221;font_family:Source%20Serif%20Pro%3A400%2C600%2C700|font_style:700%20bold%20regular%3A700%3Anormal&#8221; css=&#8221;.vc_custom_1674566143817{margin-top: 20px !important;}&#8221;][vc_gallery type=&#8221;image_grid&#8221; images=&#8221;8720,8712,8708,8704,8700,8688,8684,8680,8668,8664,8740,8732,8676,8736&#8243; css_animation=&#8221;fadeInUp&#8221; css=&#8221;&#8221;][\/vc_column][\/vc_row]<\/p>\n<\/div>","protected":false},"excerpt":{"rendered":"<p>[vc_row css=&#8221;.vc_custom_1637578846052{margin-bottom: 80px !important;}&#8221;][vc_column width=&#8221;1\/2&#8243;][\/vc_column][vc_column width=&#8221;1\/2&#8243;][vc_custom_heading text=&#8221;SCP S\u00e9rie Caract\u00e9ristiques G\u00e9n\u00e9rales&#8221; google_fonts=&#8221;font_family:Source%20Serif%20Pro%3A400%2C600%2C700|font_style:700%20bold%20regular%3A700%3Anormal&#8221;][vc_column_text css=&#8221;.vc_custom_1686054506067{margin-bottom: 20px !important;}&#8221;] Unique au monde! Syst\u00e8me de t\u00e9l\u00e9commande [&hellip;]<\/p>\n","protected":false},"author":1,"featured_media":0,"parent":9692,"menu_order":0,"comment_status":"closed","ping_status":"closed","template":"","meta":{"sfsi_plus_gutenberg_text_before_share":"","sfsi_plus_gutenberg_show_text_before_share":"","sfsi_plus_gutenberg_icon_type":"","sfsi_plus_gutenberg_icon_alignemt":"","sfsi_plus_gutenburg_max_per_row":"","footnotes":""},"class_list":["post-9693","page","type-page","status-publish","hentry"],"_links":{"self":[{"href":"https:\/\/atabeymakina.com\/fr\/wp-json\/wp\/v2\/pages\/9693","targetHints":{"allow":["GET"]}}],"collection":[{"href":"https:\/\/atabeymakina.com\/fr\/wp-json\/wp\/v2\/pages"}],"about":[{"href":"https:\/\/atabeymakina.com\/fr\/wp-json\/wp\/v2\/types\/page"}],"author":[{"embeddable":true,"href":"https:\/\/atabeymakina.com\/fr\/wp-json\/wp\/v2\/users\/1"}],"replies":[{"embeddable":true,"href":"https:\/\/atabeymakina.com\/fr\/wp-json\/wp\/v2\/comments?post=9693"}],"version-history":[{"count":3,"href":"https:\/\/atabeymakina.com\/fr\/wp-json\/wp\/v2\/pages\/9693\/revisions"}],"predecessor-version":[{"id":12249,"href":"https:\/\/atabeymakina.com\/fr\/wp-json\/wp\/v2\/pages\/9693\/revisions\/12249"}],"up":[{"embeddable":true,"href":"https:\/\/atabeymakina.com\/fr\/wp-json\/wp\/v2\/pages\/9692"}],"wp:attachment":[{"href":"https:\/\/atabeymakina.com\/fr\/wp-json\/wp\/v2\/media?parent=9693"}],"curies":[{"name":"wp","href":"https:\/\/api.w.org\/{rel}","templated":true}]}}