{"id":9694,"date":"2022-12-19T14:13:26","date_gmt":"2022-12-19T11:13:26","guid":{"rendered":"https:\/\/atabeymakina.com\/concrete-pumps\/stationary-concrete-pump\/"},"modified":"2025-07-02T17:37:25","modified_gmt":"2025-07-02T14:37:25","slug":"pompes-a-beton-stationnaires","status":"publish","type":"page","link":"https:\/\/atabeymakina.com\/fr\/pompes-a-beton\/pompes-a-beton-stationnaires\/","title":{"rendered":"Pompes \u00e0 B\u00e9ton Stationnaires"},"content":{"rendered":"<div class=\"wpb-content-wrapper\"><p>[vc_row css=&#8221;.vc_custom_1637578846052{margin-bottom: 80px !important;}&#8221;][vc_column width=&#8221;1\/2&#8243;][vc_single_image image=&#8221;11814&#8243; img_size=&#8221;512&#215;512&#8243; alignment=&#8221;center&#8221; style=&#8221;vc_box_rounded&#8221;][\/vc_column][vc_column width=&#8221;1\/2&#8243;][vc_custom_heading text=&#8221;CP S\u00e9rie Caract\u00e9ristiques G\u00e9n\u00e9rales&#8221; google_fonts=&#8221;font_family:Source%20Serif%20Pro%3A400%2C600%2C700|font_style:700%20bold%20regular%3A700%3Anormal&#8221;][vc_column_text css=&#8221;.vc_custom_1686054307811{margin-bottom: 20px !important;}&#8221;]<\/p>\n<ul>\n<li>Syst\u00e8me de graissage centralis\u00e9 automatique<\/li>\n<li>Cylindres de b\u00e9ton chrome forts<\/li>\n<li>Syst\u00e8me de refroidissement d\u2019huile avec une haute capacit\u00e9<\/li>\n<li>Syst\u00e8me automatique de r\u00e9gulation de puissance avec une pression hydraulique r\u00e9glable<\/li>\n<\/ul>\n<p>[\/vc_column_text]<a  href=\"https:\/\/atabeymakina.com\/pdf\/en\/250428_cp_series_en.pdf\"  target=\"_blank\"  title=\"\" class=\"tt_button tt_primary_button btn_primary_color hover_solid_secondary pull-left button-action-link\" ><span class=\"prim_text\">Catalogue de la S\u00e9rie CP<\/span><\/a>[\/vc_column][\/vc_row][vc_row][vc_column width=&#8221;1\/3&#8243;][\/vc_column][vc_column width=&#8221;1\/3&#8243;][vc_single_image image=&#8221;11849&#8243; alignment=&#8221;center&#8221;][vc_custom_heading text=&#8221;CP 25 &#8211; 40 &#8211; 50 &#8211; 60 &#8211; 80 &#8211; 100&#8243; font_container=&#8221;tag:h3|text_align:center&#8221; google_fonts=&#8221;font_family:Source%20Serif%20Pro%3A400%2C600%2C700|font_style:700%20bold%20regular%3A700%3Anormal&#8221;][vc_column_text css=&#8221;.vc_custom_1686054326777{margin-bottom: 20px !important;}&#8221;]<\/p>\n<p style=\"text-align: center;\"><strong>Sp\u00e9cification Principale<\/strong><br \/>\n<strong>Puissance du moteur:<\/strong>\u00a050 \u2013 230 kW<br \/>\n<strong>Flux de pompage en b\u00e9ton:<\/strong>\u00a018 \u2013 80.2 m\u00b3\/h<\/p>\n<p>[\/vc_column_text][\/vc_column][vc_column width=&#8221;1\/3&#8243;][\/vc_column][\/vc_row][vc_row full_width=&#8221;stretch_row&#8221; gap=&#8221;5&#8243;][vc_column][vc_empty_space][vc_custom_heading text=&#8221;Galerie de Photos&#8221; font_container=&#8221;tag:h2|text_align:center&#8221; google_fonts=&#8221;font_family:Source%20Serif%20Pro%3A400%2C600%2C700|font_style:700%20bold%20regular%3A700%3Anormal&#8221; css=&#8221;.vc_custom_1674566000737{margin-top: 20px !important;}&#8221;][vc_gallery type=&#8221;image_grid&#8221; images=&#8221;8640,11819,11824,8624,11814,8612,11809,8632,8608,8616,11834,12211,11829,12206&#8243; css_animation=&#8221;fadeInUp&#8221; css=&#8221;&#8221;][\/vc_column][\/vc_row]<\/p>\n<\/div>","protected":false},"excerpt":{"rendered":"<p>[vc_row css=&#8221;.vc_custom_1637578846052{margin-bottom: 80px !important;}&#8221;][vc_column width=&#8221;1\/2&#8243;][vc_single_image image=&#8221;11814&#8243; img_size=&#8221;512&#215;512&#8243; alignment=&#8221;center&#8221; style=&#8221;vc_box_rounded&#8221;][\/vc_column][vc_column width=&#8221;1\/2&#8243;][vc_custom_heading text=&#8221;CP S\u00e9rie Caract\u00e9ristiques G\u00e9n\u00e9rales&#8221; google_fonts=&#8221;font_family:Source%20Serif%20Pro%3A400%2C600%2C700|font_style:700%20bold%20regular%3A700%3Anormal&#8221;][vc_column_text css=&#8221;.vc_custom_1686054307811{margin-bottom: 20px !important;}&#8221;] Syst\u00e8me de [&hellip;]<\/p>\n","protected":false},"author":1,"featured_media":0,"parent":9692,"menu_order":0,"comment_status":"closed","ping_status":"closed","template":"","meta":{"sfsi_plus_gutenberg_text_before_share":"","sfsi_plus_gutenberg_show_text_before_share":"","sfsi_plus_gutenberg_icon_type":"","sfsi_plus_gutenberg_icon_alignemt":"","sfsi_plus_gutenburg_max_per_row":"","footnotes":""},"class_list":["post-9694","page","type-page","status-publish","hentry"],"_links":{"self":[{"href":"https:\/\/atabeymakina.com\/fr\/wp-json\/wp\/v2\/pages\/9694","targetHints":{"allow":["GET"]}}],"collection":[{"href":"https:\/\/atabeymakina.com\/fr\/wp-json\/wp\/v2\/pages"}],"about":[{"href":"https:\/\/atabeymakina.com\/fr\/wp-json\/wp\/v2\/types\/page"}],"author":[{"embeddable":true,"href":"https:\/\/atabeymakina.com\/fr\/wp-json\/wp\/v2\/users\/1"}],"replies":[{"embeddable":true,"href":"https:\/\/atabeymakina.com\/fr\/wp-json\/wp\/v2\/comments?post=9694"}],"version-history":[{"count":5,"href":"https:\/\/atabeymakina.com\/fr\/wp-json\/wp\/v2\/pages\/9694\/revisions"}],"predecessor-version":[{"id":12243,"href":"https:\/\/atabeymakina.com\/fr\/wp-json\/wp\/v2\/pages\/9694\/revisions\/12243"}],"up":[{"embeddable":true,"href":"https:\/\/atabeymakina.com\/fr\/wp-json\/wp\/v2\/pages\/9692"}],"wp:attachment":[{"href":"https:\/\/atabeymakina.com\/fr\/wp-json\/wp\/v2\/media?parent=9694"}],"curies":[{"name":"wp","href":"https:\/\/api.w.org\/{rel}","templated":true}]}}