{"id":9393,"date":"2021-11-22T17:18:10","date_gmt":"2021-11-22T14:18:10","guid":{"rendered":"https:\/\/atabeymakina.com\/beton-sevk-ekipmanlari\/pipeline-elements\/"},"modified":"2024-04-17T14:10:04","modified_gmt":"2024-04-17T11:10:04","slug":"beton-borulari-dirsekler","status":"publish","type":"page","link":"https:\/\/atabeymakina.com\/tr\/beton-sevk-ekipmanlari\/beton-borulari-dirsekler\/","title":{"rendered":"Beton Borular\u0131 ve Dirsekler"},"content":{"rendered":"<div class=\"wpb-content-wrapper\"><p>[vc_row css=&#8221;.vc_custom_1637657572550{margin-top: 20px !important;margin-bottom: 20px !important;}&#8221;][vc_column width=&#8221;1\/3&#8243;]<div class=\"kd-photobox  \" ><div class=\"photobox-img\"><a href=\"https:\/\/atabeymakina.com\/pdf\/en\/240202_concrete_delivery_equipment.pdf\" target=\"_blank\" title=\"\"><img loading=\"lazy\" decoding=\"async\" width=\"512\" height=\"512\" src=\"https:\/\/atabeymakina.com\/wp-content\/uploads\/2021\/11\/pipeline-5.5-3000mm.jpg\" class=\"attachment-full\" alt=\"\" title=\"pipeline-5.5-3000mm\" srcset=\"https:\/\/atabeymakina.com\/wp-content\/uploads\/2021\/11\/pipeline-5.5-3000mm.jpg 512w, https:\/\/atabeymakina.com\/wp-content\/uploads\/2021\/11\/pipeline-5.5-3000mm-300x300.jpg 300w, https:\/\/atabeymakina.com\/wp-content\/uploads\/2021\/11\/pipeline-5.5-3000mm-150x150.jpg 150w, https:\/\/atabeymakina.com\/wp-content\/uploads\/2021\/11\/pipeline-5.5-3000mm-320x320.jpg 320w\" sizes=\"auto, (max-width: 512px) 100vw, 512px\" \/><\/a><\/div><div class=\"phb-content text-left \" >\n                  <h5 >Beton Borusu<\/h5>\n                  <p >DN125 5.5'' \u00c7ift flan\u015fl\u0131<br \/>\nbeton borusu<br \/>\nU= 0.5m - 1.0m - 2.0m - 3.0m<\/p><div class=\"phb-btncontainer\">\n                        <a href=\"https:\/\/atabeymakina.com\/pdf\/en\/240202_concrete_delivery_equipment.pdf\" target=\"_blank\" title=\"\" class=\"tt_button tt_primary_button button-action-link btn_primary_color\" >Katalog<\/a>\n                    <\/div><\/div><\/div>[\/vc_column][vc_column width=&#8221;1\/3&#8243;]<div class=\"kd-photobox  \" ><div class=\"photobox-img\"><a href=\"https:\/\/atabeymakina.com\/pdf\/en\/240202_concrete_delivery_equipment.pdf\" target=\"_blank\" title=\"\"><img loading=\"lazy\" decoding=\"async\" width=\"512\" height=\"512\" src=\"https:\/\/atabeymakina.com\/wp-content\/uploads\/2021\/11\/pipeline-dn125-elbow.jpg\" class=\"attachment-full\" alt=\"\" title=\"pipeline-dn125-elbow\" srcset=\"https:\/\/atabeymakina.com\/wp-content\/uploads\/2021\/11\/pipeline-dn125-elbow.jpg 512w, https:\/\/atabeymakina.com\/wp-content\/uploads\/2021\/11\/pipeline-dn125-elbow-300x300.jpg 300w, https:\/\/atabeymakina.com\/wp-content\/uploads\/2021\/11\/pipeline-dn125-elbow-150x150.jpg 150w, https:\/\/atabeymakina.com\/wp-content\/uploads\/2021\/11\/pipeline-dn125-elbow-320x320.jpg 320w\" sizes=\"auto, (max-width: 512px) 100vw, 512px\" \/><\/a><\/div><div class=\"phb-content text-left \" >\n                  <h5 >Beton Borusu<\/h5>\n                  <p >DN125 5.5'' 90\u00b0 R= 1000 mm dirsek<\/p><div class=\"phb-btncontainer\">\n                        <a href=\"https:\/\/atabeymakina.com\/pdf\/en\/240202_concrete_delivery_equipment.pdf\" target=\"_blank\" title=\"\" class=\"tt_button tt_primary_button button-action-link btn_primary_color\" >Katalog<\/a>\n                    <\/div><\/div><\/div>[\/vc_column][vc_column width=&#8221;1\/3&#8243;]<div class=\"kd-photobox  \" ><div class=\"photobox-img\"><a href=\"https:\/\/atabeymakina.com\/pdf\/en\/240202_concrete_delivery_equipment.pdf\" target=\"_blank\" title=\"\"><img loading=\"lazy\" decoding=\"async\" width=\"512\" height=\"512\" src=\"https:\/\/atabeymakina.com\/wp-content\/uploads\/2021\/11\/pipeline-reduction-piece-dn150.jpg\" class=\"attachment-full\" alt=\"\" title=\"pipeline-reduction-piece-dn150\" srcset=\"https:\/\/atabeymakina.com\/wp-content\/uploads\/2021\/11\/pipeline-reduction-piece-dn150.jpg 512w, https:\/\/atabeymakina.com\/wp-content\/uploads\/2021\/11\/pipeline-reduction-piece-dn150-300x300.jpg 300w, https:\/\/atabeymakina.com\/wp-content\/uploads\/2021\/11\/pipeline-reduction-piece-dn150-150x150.jpg 150w, https:\/\/atabeymakina.com\/wp-content\/uploads\/2021\/11\/pipeline-reduction-piece-dn150-320x320.jpg 320w\" sizes=\"auto, (max-width: 512px) 100vw, 512px\" \/><\/a><\/div><div class=\"phb-content text-left \" >\n                  <h5 >Beton Borusu<\/h5>\n                  <p >DN125'den D100'e red\u00fcksiyon boru<\/p><div class=\"phb-btncontainer\">\n                        <a href=\"https:\/\/atabeymakina.com\/pdf\/en\/240202_concrete_delivery_equipment.pdf\" target=\"_blank\" title=\"\" class=\"tt_button tt_primary_button button-action-link btn_primary_color\" >Katalog<\/a>\n                    <\/div><\/div><\/div>[\/vc_column][\/vc_row][vc_row css=&#8221;.vc_custom_1637657625294{margin-top: 20px !important;margin-bottom: 20px !important;}&#8221;][vc_column width=&#8221;1\/3&#8243;]<div class=\"kd-photobox  \" ><div class=\"photobox-img\"><a href=\"https:\/\/atabeymakina.com\/pdf\/en\/240202_concrete_delivery_equipment.pdf\" target=\"_blank\" title=\"\"><img loading=\"lazy\" decoding=\"async\" width=\"512\" height=\"512\" src=\"https:\/\/atabeymakina.com\/wp-content\/uploads\/2021\/11\/concrete-pipe-flange.jpg\" class=\"attachment-full\" alt=\"\" title=\"concrete-pipe-flange\" srcset=\"https:\/\/atabeymakina.com\/wp-content\/uploads\/2021\/11\/concrete-pipe-flange.jpg 512w, https:\/\/atabeymakina.com\/wp-content\/uploads\/2021\/11\/concrete-pipe-flange-300x300.jpg 300w, https:\/\/atabeymakina.com\/wp-content\/uploads\/2021\/11\/concrete-pipe-flange-150x150.jpg 150w, https:\/\/atabeymakina.com\/wp-content\/uploads\/2021\/11\/concrete-pipe-flange-320x320.jpg 320w\" sizes=\"auto, (max-width: 512px) 100vw, 512px\" \/><\/a><\/div><div class=\"phb-content text-left \" >\n                  <h5 >Boru Flan\u015f\u0131<\/h5>\n                  <p >5.5'' \u00e7ift cidarl\u0131 boru flan\u015f\u0131<\/p><div class=\"phb-btncontainer\">\n                        <a href=\"https:\/\/atabeymakina.com\/pdf\/en\/240202_concrete_delivery_equipment.pdf\" target=\"_blank\" title=\"\" class=\"tt_button tt_primary_button button-action-link btn_primary_color\" >Katalog<\/a>\n                    <\/div><\/div><\/div>[\/vc_column][vc_column width=&#8221;1\/3&#8243;]<div class=\"kd-photobox  \" ><div class=\"photobox-img\"><a href=\"https:\/\/atabeymakina.com\/pdf\/en\/240202_concrete_delivery_equipment.pdf\" target=\"_blank\" title=\"\"><img loading=\"lazy\" decoding=\"async\" width=\"512\" height=\"512\" src=\"https:\/\/atabeymakina.com\/wp-content\/uploads\/2021\/11\/elbow-dn25.jpg\" class=\"attachment-full\" alt=\"\" title=\"elbow-dn25\" srcset=\"https:\/\/atabeymakina.com\/wp-content\/uploads\/2021\/11\/elbow-dn25.jpg 512w, https:\/\/atabeymakina.com\/wp-content\/uploads\/2021\/11\/elbow-dn25-300x300.jpg 300w, https:\/\/atabeymakina.com\/wp-content\/uploads\/2021\/11\/elbow-dn25-150x150.jpg 150w, https:\/\/atabeymakina.com\/wp-content\/uploads\/2021\/11\/elbow-dn25-320x320.jpg 320w\" sizes=\"auto, (max-width: 512px) 100vw, 512px\" \/><\/a><\/div><div class=\"phb-content text-left \" >\n                  <h5 >Dirsek<\/h5>\n                  <p >DN125 90\u00b0 derece dirsek<\/p><div class=\"phb-btncontainer\">\n                        <a href=\"https:\/\/atabeymakina.com\/pdf\/en\/240202_concrete_delivery_equipment.pdf\" target=\"_blank\" title=\"\" class=\"tt_button tt_primary_button button-action-link btn_primary_color\" >Katalog<\/a>\n                    <\/div><\/div><\/div>[\/vc_column][vc_column width=&#8221;1\/3&#8243;]<div class=\"kd-photobox  \" ><div class=\"photobox-img\"><a href=\"https:\/\/atabeymakina.com\/pdf\/en\/240202_concrete_delivery_equipment.pdf\" target=\"_blank\" title=\"\"><img loading=\"lazy\" decoding=\"async\" width=\"512\" height=\"512\" src=\"https:\/\/atabeymakina.com\/wp-content\/uploads\/2021\/11\/elbow-dn125_2.jpg\" class=\"attachment-full\" alt=\"\" title=\"elbow-dn125_2\" srcset=\"https:\/\/atabeymakina.com\/wp-content\/uploads\/2021\/11\/elbow-dn125_2.jpg 512w, https:\/\/atabeymakina.com\/wp-content\/uploads\/2021\/11\/elbow-dn125_2-300x300.jpg 300w, https:\/\/atabeymakina.com\/wp-content\/uploads\/2021\/11\/elbow-dn125_2-150x150.jpg 150w, https:\/\/atabeymakina.com\/wp-content\/uploads\/2021\/11\/elbow-dn125_2-320x320.jpg 320w\" sizes=\"auto, (max-width: 512px) 100vw, 512px\" \/><\/a><\/div><div class=\"phb-content text-left \" >\n                  <h5 >Dirsek<\/h5>\n                  <p >DN125 5.5'' 45\u00b0 derece uzun dirsek<\/p><div class=\"phb-btncontainer\">\n                        <a href=\"https:\/\/atabeymakina.com\/pdf\/en\/240202_concrete_delivery_equipment.pdf\" target=\"_blank\" title=\"\" class=\"tt_button tt_primary_button button-action-link btn_primary_color\" >Katalog<\/a>\n                    <\/div><\/div><\/div>[\/vc_column][\/vc_row][vc_row css=&#8221;.vc_custom_1637657633605{margin-top: 20px !important;margin-bottom: 20px !important;}&#8221;][vc_column width=&#8221;1\/3&#8243;]<div class=\"kd-photobox  \" ><div class=\"photobox-img\"><a href=\"https:\/\/atabeymakina.com\/pdf\/en\/240202_concrete_delivery_equipment.pdf\" target=\"_blank\" title=\"\"><img loading=\"lazy\" decoding=\"async\" width=\"512\" height=\"512\" src=\"https:\/\/atabeymakina.com\/wp-content\/uploads\/2021\/11\/elbow-dn125_1.jpg\" class=\"attachment-full\" alt=\"\" title=\"elbow-dn125_1\" srcset=\"https:\/\/atabeymakina.com\/wp-content\/uploads\/2021\/11\/elbow-dn125_1.jpg 512w, https:\/\/atabeymakina.com\/wp-content\/uploads\/2021\/11\/elbow-dn125_1-300x300.jpg 300w, https:\/\/atabeymakina.com\/wp-content\/uploads\/2021\/11\/elbow-dn125_1-150x150.jpg 150w, https:\/\/atabeymakina.com\/wp-content\/uploads\/2021\/11\/elbow-dn125_1-320x320.jpg 320w\" sizes=\"auto, (max-width: 512px) 100vw, 512px\" \/><\/a><\/div><div class=\"phb-content text-left \" >\n                  <h5 >Dirsek<\/h5>\n                  <p >DN125 dirsek, 5.5'', 30\u00b0<\/p><div class=\"phb-btncontainer\">\n                        <a href=\"https:\/\/atabeymakina.com\/pdf\/en\/240202_concrete_delivery_equipment.pdf\" target=\"_blank\" title=\"\" class=\"tt_button tt_primary_button button-action-link btn_primary_color\" >Katalog<\/a>\n                    <\/div><\/div><\/div>[\/vc_column][vc_column width=&#8221;1\/3&#8243;]<div class=\"kd-photobox  \" ><div class=\"photobox-img\"><a href=\"https:\/\/atabeymakina.com\/pdf\/en\/240202_concrete_delivery_equipment.pdf\" target=\"_blank\" title=\"\"><img loading=\"lazy\" decoding=\"async\" width=\"512\" height=\"512\" src=\"https:\/\/atabeymakina.com\/wp-content\/uploads\/2021\/11\/elbow-dn125_3.jpg\" class=\"attachment-full\" alt=\"\" title=\"elbow-dn125_3\" srcset=\"https:\/\/atabeymakina.com\/wp-content\/uploads\/2021\/11\/elbow-dn125_3.jpg 512w, https:\/\/atabeymakina.com\/wp-content\/uploads\/2021\/11\/elbow-dn125_3-300x300.jpg 300w, https:\/\/atabeymakina.com\/wp-content\/uploads\/2021\/11\/elbow-dn125_3-150x150.jpg 150w, https:\/\/atabeymakina.com\/wp-content\/uploads\/2021\/11\/elbow-dn125_3-320x320.jpg 320w\" sizes=\"auto, (max-width: 512px) 100vw, 512px\" \/><\/a><\/div><div class=\"phb-content text-left \" >\n                  <h5 >Dirsek<\/h5>\n                  <p >DN125 dirsek, 5.5'', 45\u00b0<\/p><div class=\"phb-btncontainer\">\n                        <a href=\"https:\/\/atabeymakina.com\/pdf\/en\/240202_concrete_delivery_equipment.pdf\" target=\"_blank\" title=\"\" class=\"tt_button tt_primary_button button-action-link btn_primary_color\" >Katalog<\/a>\n                    <\/div><\/div><\/div>[\/vc_column][vc_column width=&#8221;1\/3&#8243;]<div class=\"kd-photobox  \" ><div class=\"photobox-img\"><a href=\"https:\/\/atabeymakina.com\/pdf\/en\/240202_concrete_delivery_equipment.pdf\" target=\"_blank\" title=\"\"><img loading=\"lazy\" decoding=\"async\" width=\"512\" height=\"512\" src=\"https:\/\/atabeymakina.com\/wp-content\/uploads\/2021\/11\/concrete-pipeline-coupling-1.jpg\" class=\"attachment-full\" alt=\"\" title=\"concrete-pipeline-coupling-1\" srcset=\"https:\/\/atabeymakina.com\/wp-content\/uploads\/2021\/11\/concrete-pipeline-coupling-1.jpg 512w, https:\/\/atabeymakina.com\/wp-content\/uploads\/2021\/11\/concrete-pipeline-coupling-1-300x300.jpg 300w, https:\/\/atabeymakina.com\/wp-content\/uploads\/2021\/11\/concrete-pipeline-coupling-1-150x150.jpg 150w, https:\/\/atabeymakina.com\/wp-content\/uploads\/2021\/11\/concrete-pipeline-coupling-1-320x320.jpg 320w\" sizes=\"auto, (max-width: 512px) 100vw, 512px\" \/><\/a><\/div><div class=\"phb-content text-left \" >\n                  <h5 >Kelep\u00e7e<\/h5>\n                  <p >DN125 5.5'' iki civatal\u0131 ayakl\u0131 kelep\u00e7e<\/p><div class=\"phb-btncontainer\">\n                        <a href=\"https:\/\/atabeymakina.com\/pdf\/en\/240202_concrete_delivery_equipment.pdf\" target=\"_blank\" title=\"\" class=\"tt_button tt_primary_button button-action-link btn_primary_color\" >Katalog<\/a>\n                    <\/div><\/div><\/div>[\/vc_column][\/vc_row][vc_row css=&#8221;.vc_custom_1637657802632{margin-top: 20px !important;margin-bottom: 20px !important;}&#8221;][vc_column width=&#8221;1\/3&#8243;]<div class=\"kd-photobox  \" ><div class=\"photobox-img\"><a href=\"https:\/\/atabeymakina.com\/pdf\/en\/240202_concrete_delivery_equipment.pdf\" target=\"_blank\" title=\"\"><img loading=\"lazy\" decoding=\"async\" width=\"512\" height=\"512\" src=\"https:\/\/atabeymakina.com\/wp-content\/uploads\/2021\/11\/concrete-pipeline-coupling-2.jpg\" class=\"attachment-full\" alt=\"\" title=\"concrete-pipeline-coupling-2\" srcset=\"https:\/\/atabeymakina.com\/wp-content\/uploads\/2021\/11\/concrete-pipeline-coupling-2.jpg 512w, https:\/\/atabeymakina.com\/wp-content\/uploads\/2021\/11\/concrete-pipeline-coupling-2-300x300.jpg 300w, https:\/\/atabeymakina.com\/wp-content\/uploads\/2021\/11\/concrete-pipeline-coupling-2-150x150.jpg 150w, https:\/\/atabeymakina.com\/wp-content\/uploads\/2021\/11\/concrete-pipeline-coupling-2-320x320.jpg 320w\" sizes=\"auto, (max-width: 512px) 100vw, 512px\" \/><\/a><\/div><div class=\"phb-content text-left \" >\n                  <h5 >Kelep\u00e7e<\/h5>\n                  <p >DN125 5.5'' iki civatal\u0131 kelep\u00e7e<\/p><div class=\"phb-btncontainer\">\n                        <a href=\"https:\/\/atabeymakina.com\/pdf\/en\/240202_concrete_delivery_equipment.pdf\" target=\"_blank\" title=\"\" class=\"tt_button tt_primary_button button-action-link btn_primary_color\" >Katalog<\/a>\n                    <\/div><\/div><\/div>[\/vc_column][vc_column width=&#8221;1\/3&#8243;]<div class=\"kd-photobox  \" ><div class=\"photobox-img\"><a href=\"https:\/\/atabeymakina.com\/pdf\/en\/240202_concrete_delivery_equipment.pdf\" target=\"_blank\" title=\"\"><img loading=\"lazy\" decoding=\"async\" width=\"512\" height=\"512\" src=\"https:\/\/atabeymakina.com\/wp-content\/uploads\/2021\/11\/concrete-pipeline-coupling-3.jpg\" class=\"attachment-full\" alt=\"\" title=\"concrete-pipeline-coupling-3\" srcset=\"https:\/\/atabeymakina.com\/wp-content\/uploads\/2021\/11\/concrete-pipeline-coupling-3.jpg 512w, https:\/\/atabeymakina.com\/wp-content\/uploads\/2021\/11\/concrete-pipeline-coupling-3-300x300.jpg 300w, https:\/\/atabeymakina.com\/wp-content\/uploads\/2021\/11\/concrete-pipeline-coupling-3-150x150.jpg 150w, https:\/\/atabeymakina.com\/wp-content\/uploads\/2021\/11\/concrete-pipeline-coupling-3-320x320.jpg 320w\" sizes=\"auto, (max-width: 512px) 100vw, 512px\" \/><\/a><\/div><div class=\"phb-content text-left \" >\n                  <h5 >Kelep\u00e7e<\/h5>\n                  <p >DN150 5.5'' kamal\u0131 kelep\u00e7e ZX-W<\/p><div class=\"phb-btncontainer\">\n                        <a href=\"https:\/\/atabeymakina.com\/pdf\/en\/240202_concrete_delivery_equipment.pdf\" target=\"_blank\" title=\"\" class=\"tt_button tt_primary_button button-action-link btn_primary_color\" >Katalog<\/a>\n                    <\/div><\/div><\/div>[\/vc_column][vc_column width=&#8221;1\/3&#8243;]<div class=\"kd-photobox  \" ><div class=\"photobox-img\"><a href=\"https:\/\/atabeymakina.com\/pdf\/en\/240202_concrete_delivery_equipment.pdf\" target=\"_blank\" title=\"\"><img loading=\"lazy\" decoding=\"async\" width=\"512\" height=\"512\" src=\"https:\/\/atabeymakina.com\/wp-content\/uploads\/2021\/11\/concrete-pipeline-coupling-4.jpg\" class=\"attachment-full\" alt=\"\" title=\"concrete-pipeline-coupling-4\" srcset=\"https:\/\/atabeymakina.com\/wp-content\/uploads\/2021\/11\/concrete-pipeline-coupling-4.jpg 512w, https:\/\/atabeymakina.com\/wp-content\/uploads\/2021\/11\/concrete-pipeline-coupling-4-300x300.jpg 300w, https:\/\/atabeymakina.com\/wp-content\/uploads\/2021\/11\/concrete-pipeline-coupling-4-150x150.jpg 150w, https:\/\/atabeymakina.com\/wp-content\/uploads\/2021\/11\/concrete-pipeline-coupling-4-320x320.jpg 320w\" sizes=\"auto, (max-width: 512px) 100vw, 512px\" \/><\/a><\/div><div class=\"phb-content text-left \" >\n                  <h5 >Kelep\u00e7e<\/h5>\n                  <p >DN125 5.5'' kollu kelep\u00e7e<\/p><div class=\"phb-btncontainer\">\n                        <a href=\"https:\/\/atabeymakina.com\/pdf\/en\/240202_concrete_delivery_equipment.pdf\" target=\"_blank\" title=\"\" class=\"tt_button tt_primary_button button-action-link btn_primary_color\" >Katalog<\/a>\n                    <\/div><\/div><\/div>[\/vc_column][\/vc_row][vc_row css=&#8221;.vc_custom_1637657858785{margin-top: 20px !important;margin-bottom: 20px !important;}&#8221;][vc_column width=&#8221;1\/3&#8243;]<div class=\"kd-photobox  \" ><div class=\"photobox-img\"><a href=\"https:\/\/atabeymakina.com\/pdf\/en\/240202_concrete_delivery_equipment.pdf\" target=\"_blank\" title=\"\"><img loading=\"lazy\" decoding=\"async\" width=\"512\" height=\"512\" src=\"https:\/\/atabeymakina.com\/wp-content\/uploads\/2021\/11\/concrete-pipeline-coupling-5.jpg\" class=\"attachment-full\" alt=\"\" title=\"concrete-pipeline-coupling-5\" srcset=\"https:\/\/atabeymakina.com\/wp-content\/uploads\/2021\/11\/concrete-pipeline-coupling-5.jpg 512w, https:\/\/atabeymakina.com\/wp-content\/uploads\/2021\/11\/concrete-pipeline-coupling-5-300x300.jpg 300w, https:\/\/atabeymakina.com\/wp-content\/uploads\/2021\/11\/concrete-pipeline-coupling-5-150x150.jpg 150w, https:\/\/atabeymakina.com\/wp-content\/uploads\/2021\/11\/concrete-pipeline-coupling-5-320x320.jpg 320w\" sizes=\"auto, (max-width: 512px) 100vw, 512px\" \/><\/a><\/div><div class=\"phb-content text-left \" >\n                  <h5 >Kelep\u00e7e<\/h5>\n                  <p >5.5'' U kelep\u00e7e<\/p><div class=\"phb-btncontainer\">\n                        <a href=\"https:\/\/atabeymakina.com\/pdf\/en\/240202_concrete_delivery_equipment.pdf\" target=\"_blank\" title=\"\" class=\"tt_button tt_primary_button button-action-link btn_primary_color\" >Katalog<\/a>\n                    <\/div><\/div><\/div>[\/vc_column][vc_column width=&#8221;1\/3&#8243;]<div class=\"kd-photobox  \" ><div class=\"photobox-img\"><a href=\"https:\/\/atabeymakina.com\/pdf\/en\/240202_concrete_delivery_equipment.pdf\" target=\"_blank\" title=\"\"><img loading=\"lazy\" decoding=\"async\" width=\"512\" height=\"512\" src=\"https:\/\/atabeymakina.com\/wp-content\/uploads\/2021\/11\/concrete-pipeline-coupling-6.jpg\" class=\"attachment-full\" alt=\"\" title=\"concrete-pipeline-coupling-6\" srcset=\"https:\/\/atabeymakina.com\/wp-content\/uploads\/2021\/11\/concrete-pipeline-coupling-6.jpg 512w, https:\/\/atabeymakina.com\/wp-content\/uploads\/2021\/11\/concrete-pipeline-coupling-6-300x300.jpg 300w, https:\/\/atabeymakina.com\/wp-content\/uploads\/2021\/11\/concrete-pipeline-coupling-6-150x150.jpg 150w, https:\/\/atabeymakina.com\/wp-content\/uploads\/2021\/11\/concrete-pipeline-coupling-6-320x320.jpg 320w\" sizes=\"auto, (max-width: 512px) 100vw, 512px\" \/><\/a><\/div><div class=\"phb-content text-left \" >\n                  <h5 >Kelep\u00e7e<\/h5>\n                  <p >DN125, 5.5'', bar kelep\u00e7e<\/p><div class=\"phb-btncontainer\">\n                        <a href=\"https:\/\/atabeymakina.com\/pdf\/en\/240202_concrete_delivery_equipment.pdf\" target=\"_blank\" title=\"\" class=\"tt_button tt_primary_button button-action-link btn_primary_color\" >Katalog<\/a>\n                    <\/div><\/div><\/div>[\/vc_column][vc_column width=&#8221;1\/3&#8243;]<div class=\"kd-photobox  \" ><div class=\"photobox-img\"><a href=\"https:\/\/atabeymakina.com\/pdf\/en\/240202_concrete_delivery_equipment.pdf\" target=\"_blank\" title=\"\"><img loading=\"lazy\" decoding=\"async\" width=\"512\" height=\"512\" src=\"https:\/\/atabeymakina.com\/wp-content\/uploads\/2021\/11\/coupling-seal.jpg\" class=\"attachment-full\" alt=\"\" title=\"coupling-seal\" srcset=\"https:\/\/atabeymakina.com\/wp-content\/uploads\/2021\/11\/coupling-seal.jpg 512w, https:\/\/atabeymakina.com\/wp-content\/uploads\/2021\/11\/coupling-seal-300x300.jpg 300w, https:\/\/atabeymakina.com\/wp-content\/uploads\/2021\/11\/coupling-seal-150x150.jpg 150w, https:\/\/atabeymakina.com\/wp-content\/uploads\/2021\/11\/coupling-seal-320x320.jpg 320w\" sizes=\"auto, (max-width: 512px) 100vw, 512px\" \/><\/a><\/div><div class=\"phb-content text-left \" >\n                  <h5 >Kelep\u00e7e Contas\u0131<\/h5>\n                  <p >5.5'' kelep\u00e7e contas\u0131<\/p><div class=\"phb-btncontainer\">\n                        <a href=\"https:\/\/atabeymakina.com\/pdf\/en\/240202_concrete_delivery_equipment.pdf\" target=\"_blank\" title=\"\" class=\"tt_button tt_primary_button button-action-link btn_primary_color\" >Katalog<\/a>\n                    <\/div><\/div><\/div>[\/vc_column][\/vc_row][vc_row css=&#8221;.vc_custom_1637657802632{margin-top: 20px !important;margin-bottom: 20px !important;}&#8221;][vc_column width=&#8221;1\/3&#8243;]<div class=\"kd-photobox  \" ><div class=\"photobox-img\"><a href=\"https:\/\/atabeymakina.com\/pdf\/en\/240202_concrete_delivery_equipment.pdf\" target=\"_blank\" title=\"\"><img loading=\"lazy\" decoding=\"async\" width=\"512\" height=\"512\" src=\"https:\/\/atabeymakina.com\/wp-content\/uploads\/2021\/11\/pipe-holder-steel.jpg\" class=\"attachment-full\" alt=\"\" title=\"pipe-holder-steel\" srcset=\"https:\/\/atabeymakina.com\/wp-content\/uploads\/2021\/11\/pipe-holder-steel.jpg 512w, https:\/\/atabeymakina.com\/wp-content\/uploads\/2021\/11\/pipe-holder-steel-300x300.jpg 300w, https:\/\/atabeymakina.com\/wp-content\/uploads\/2021\/11\/pipe-holder-steel-150x150.jpg 150w, https:\/\/atabeymakina.com\/wp-content\/uploads\/2021\/11\/pipe-holder-steel-320x320.jpg 320w\" sizes=\"auto, (max-width: 512px) 100vw, 512px\" \/><\/a><\/div><div class=\"phb-content text-left \" >\n                  <h5 >Kelep\u00e7e Lasti\u011fi<\/h5>\n                  <p >U kelep\u00e7e lasti\u011fi<\/p><div class=\"phb-btncontainer\">\n                        <a href=\"https:\/\/atabeymakina.com\/pdf\/en\/240202_concrete_delivery_equipment.pdf\" target=\"_blank\" title=\"\" class=\"tt_button tt_primary_button button-action-link btn_primary_color\" >Katalog<\/a>\n                    <\/div><\/div><\/div>[\/vc_column][vc_column width=&#8221;1\/3&#8243;]<div class=\"kd-photobox  \" ><div class=\"photobox-img\"><a href=\"https:\/\/atabeymakina.com\/pdf\/en\/240202_concrete_delivery_equipment.pdf\" target=\"_blank\" title=\"\"><img loading=\"lazy\" decoding=\"async\" width=\"512\" height=\"512\" src=\"https:\/\/atabeymakina.com\/wp-content\/uploads\/2021\/11\/cleaning-sponge-ball.jpg\" class=\"attachment-full\" alt=\"\" title=\"cleaning-sponge-ball\" srcset=\"https:\/\/atabeymakina.com\/wp-content\/uploads\/2021\/11\/cleaning-sponge-ball.jpg 512w, https:\/\/atabeymakina.com\/wp-content\/uploads\/2021\/11\/cleaning-sponge-ball-300x300.jpg 300w, https:\/\/atabeymakina.com\/wp-content\/uploads\/2021\/11\/cleaning-sponge-ball-150x150.jpg 150w, https:\/\/atabeymakina.com\/wp-content\/uploads\/2021\/11\/cleaning-sponge-ball-320x320.jpg 320w\" sizes=\"auto, (max-width: 512px) 100vw, 512px\" \/><\/a><\/div><div class=\"phb-content text-left \" >\n                  <h5 >Temizleme Topu<\/h5>\n                  <p >S\u00fcnger boru temizleme topu<\/p><div class=\"phb-btncontainer\">\n                        <a href=\"https:\/\/atabeymakina.com\/pdf\/en\/240202_concrete_delivery_equipment.pdf\" target=\"_blank\" title=\"\" class=\"tt_button tt_primary_button button-action-link btn_primary_color\" >Katalog<\/a>\n                    <\/div><\/div><\/div>[\/vc_column][vc_column width=&#8221;1\/3&#8243;][\/vc_column][\/vc_row]<\/p>\n<\/div>","protected":false},"excerpt":{"rendered":"<p>[vc_row css=&#8221;.vc_custom_1637657572550{margin-top: 20px !important;margin-bottom: 20px !important;}&#8221;][vc_column width=&#8221;1\/3&#8243;][\/vc_column][vc_column width=&#8221;1\/3&#8243;][\/vc_column][vc_column width=&#8221;1\/3&#8243;][\/vc_column][\/vc_row][vc_row css=&#8221;.vc_custom_1637657625294{margin-top: 20px !important;margin-bottom: 20px !important;}&#8221;][vc_column width=&#8221;1\/3&#8243;][\/vc_column][vc_column width=&#8221;1\/3&#8243;][\/vc_column][vc_column width=&#8221;1\/3&#8243;][\/vc_column][\/vc_row][vc_row css=&#8221;.vc_custom_1637657633605{margin-top: 20px !important;margin-bottom: [&hellip;]<\/p>\n","protected":false},"author":1,"featured_media":0,"parent":9375,"menu_order":0,"comment_status":"closed","ping_status":"closed","template":"","meta":{"sfsi_plus_gutenberg_text_before_share":"","sfsi_plus_gutenberg_show_text_before_share":"","sfsi_plus_gutenberg_icon_type":"","sfsi_plus_gutenberg_icon_alignemt":"","sfsi_plus_gutenburg_max_per_row":"","footnotes":""},"class_list":["post-9393","page","type-page","status-publish","hentry"],"_links":{"self":[{"href":"https:\/\/atabeymakina.com\/tr\/wp-json\/wp\/v2\/pages\/9393","targetHints":{"allow":["GET"]}}],"collection":[{"href":"https:\/\/atabeymakina.com\/tr\/wp-json\/wp\/v2\/pages"}],"about":[{"href":"https:\/\/atabeymakina.com\/tr\/wp-json\/wp\/v2\/types\/page"}],"author":[{"embeddable":true,"href":"https:\/\/atabeymakina.com\/tr\/wp-json\/wp\/v2\/users\/1"}],"replies":[{"embeddable":true,"href":"https:\/\/atabeymakina.com\/tr\/wp-json\/wp\/v2\/comments?post=9393"}],"version-history":[{"count":4,"href":"https:\/\/atabeymakina.com\/tr\/wp-json\/wp\/v2\/pages\/9393\/revisions"}],"predecessor-version":[{"id":11317,"href":"https:\/\/atabeymakina.com\/tr\/wp-json\/wp\/v2\/pages\/9393\/revisions\/11317"}],"up":[{"embeddable":true,"href":"https:\/\/atabeymakina.com\/tr\/wp-json\/wp\/v2\/pages\/9375"}],"wp:attachment":[{"href":"https:\/\/atabeymakina.com\/tr\/wp-json\/wp\/v2\/media?parent=9393"}],"curies":[{"name":"wp","href":"https:\/\/api.w.org\/{rel}","templated":true}]}}