{"id":9435,"date":"2021-11-20T10:43:18","date_gmt":"2021-11-20T07:43:18","guid":{"rendered":"https:\/\/atabeymakina.com\/beton-dagiticilar\/spider-boom\/"},"modified":"2025-12-08T14:10:08","modified_gmt":"2025-12-08T11:10:08","slug":"orumcek-beton-dagitici","status":"publish","type":"page","link":"https:\/\/atabeymakina.com\/tr\/beton-dagiticilar\/orumcek-beton-dagitici\/","title":{"rendered":"\u00d6r\u00fcmcek Beton Da\u011f\u0131t\u0131c\u0131"},"content":{"rendered":"<div class=\"wpb-content-wrapper\"><p>[vc_row css=&#8221;.vc_custom_1637578846052{margin-bottom: 80px !important;}&#8221;][vc_column width=&#8221;1\/2&#8243;]<div class=\"video-container play-button-center\" ><img loading=\"lazy\" decoding=\"async\" width=\"1024\" height=\"1024\" src=\"https:\/\/atabeymakina.com\/wp-content\/uploads\/2021\/11\/b-series-08.jpg\" class=\"attachment-full\" alt=\"\" title=\"b-series-08\" srcset=\"https:\/\/atabeymakina.com\/wp-content\/uploads\/2021\/11\/b-series-08.jpg 1024w, https:\/\/atabeymakina.com\/wp-content\/uploads\/2021\/11\/b-series-08-800x800.jpg 800w, https:\/\/atabeymakina.com\/wp-content\/uploads\/2021\/11\/b-series-08-300x300.jpg 300w, https:\/\/atabeymakina.com\/wp-content\/uploads\/2021\/11\/b-series-08-150x150.jpg 150w, https:\/\/atabeymakina.com\/wp-content\/uploads\/2021\/11\/b-series-08-768x768.jpg 768w, https:\/\/atabeymakina.com\/wp-content\/uploads\/2021\/11\/b-series-08-320x320.jpg 320w\" sizes=\"auto, (max-width: 1024px) 100vw, 1024px\" \/><a data-toggle=\"modal\" data-target=\"#video-modal-kd-video-modal-69e7519bd5576\" data-src=\"\" data-backdrop=\"true\" class=\"\"><span class=\"play-video\"><span class=\"fas fa-play\"><\/span><\/span><\/a><\/div><div class=\"modal fade video-modal\" id=\"video-modal-kd-video-modal-69e7519bd5576\" role=\"dialog\">\n                            <div class=\"modal-content\">\n                            <button type=\"button\" class=\"close\" data-dismiss=\"modal\">\u00d7<\/button>\n                            <div class=\"row\"><video class=\"video-modal-local\" title=\"\" poster=\"\" height=\"400px\" controls>\n                              <source src=\"https:\/\/atabeymakina.com\/video\/en\/b-series-podium-avm.mp4\" type=\"video\/mp4\"><img decoding=\"async\" alt=\"\" src=\"\" title=\"Video playback is not supported by your browser\" \/>\n                              <\/video><\/div>\n                            <\/div>\n                        <\/div>[\/vc_column][vc_column width=&#8221;1\/2&#8243;][vc_custom_heading text=&#8221;B Serisi Genel \u00d6zellikler&#8221; google_fonts=&#8221;font_family:Source%20Serif%20Pro%3A400%2C600%2C700|font_style:700%20bold%20regular%3A700%3Anormal&#8221;][vc_column_text css=&#8221;.vc_custom_1686229929725{margin-bottom: 20px !important;}&#8221;]<\/p>\n<ul>\n<li>Ayr\u0131labilir g\u00f6vdesi sayesinde ta\u015f\u0131nabilir ve konumland\u0131r\u0131labilir<\/li>\n<li>Kullan\u0131m\u0131 kolay oldu\u011fu i\u00e7in betonlama maliyetlerinizi d\u00fc\u015f\u00fcr\u00fcr<\/li>\n<li>\u0130kiye ayr\u0131labilen \u015fasesi (split frame) sayesinde kule vin\u00e7 kapasitesine uyumlu hale gelir, kolayca ta\u015f\u0131nabilir<\/li>\n<li>E\u015fsiz merkezi d\u00f6n\u00fc\u015f sistemi sayesinde sonsuz d\u00f6n\u00fc\u015f (kablo sar\u0131ms\u0131z) yapabilir<\/li>\n<li>Tasar\u0131m\u0131 sayesinde s\u0131n\u0131f\u0131n\u0131n en hafifi olmas\u0131na ra\u011fmen dayan\u0131kl\u0131 yap\u0131ya sahiptir<\/li>\n<li>Y\u00fcksek binalar\u0131n betonlamas\u0131 i\u00e7in ideal \u00e7\u00f6z\u00fcm<\/li>\n<li>Kolay temizlik ve bak\u0131m imk\u00e2n\u0131 bulunmaktad\u0131r<\/li>\n<\/ul>\n<p>[\/vc_column_text]<a  href=\"https:\/\/atabeymakina.com\/pdf\/en\/251208_b_serisi_en.pdf\"  target=\"_blank\"  title=\"\" class=\"tt_button tt_primary_button btn_primary_color hover_solid_secondary pull-left button-action-link\" ><span class=\"prim_text\">B Serisi Katalog<\/span><\/a>[\/vc_column][\/vc_row][vc_row][vc_column width=&#8221;1\/3&#8243;][vc_single_image image=&#8221;9153&#8243; alignment=&#8221;center&#8221;][vc_custom_heading text=&#8221;B 21&#8243; font_container=&#8221;tag:h3|text_align:center&#8221; google_fonts=&#8221;font_family:Source%20Serif%20Pro%3A400%2C600%2C700|font_style:700%20bold%20regular%3A700%3Anormal&#8221;][vc_column_text css=&#8221;.vc_custom_1686229969855{margin-bottom: 20px !important;}&#8221;]<\/p>\n<p style=\"text-align: center;\"><strong>Ana \u00d6zellikler<\/strong><br \/>\nY\u00fckseltilmi\u015f kuyruklu 3 elementli bom<br \/>\n<strong>21 m yatay eri\u015fim<\/strong><\/p>\n<p>[\/vc_column_text][\/vc_column][vc_column width=&#8221;1\/3&#8243;][vc_single_image image=&#8221;9159&#8243; alignment=&#8221;center&#8221;][vc_custom_heading text=&#8221;B 308 &#8211; 312 &#8211; 15 &#8211; 17 &#8211; 18&#8243; font_container=&#8221;tag:h3|text_align:center&#8221; google_fonts=&#8221;font_family:Source%20Serif%20Pro%3A400%2C600%2C700|font_style:700%20bold%20regular%3A700%3Anormal&#8221;][vc_column_text css=&#8221;.vc_custom_1686230019997{margin-bottom: 20px !important;}&#8221;]<\/p>\n<p style=\"text-align: center;\"><strong>Ana \u00d6zellikler<\/strong><br \/>\n3 elementli bom<br \/>\n<strong>8 &#8211; 18 m yatay eri\u015fim<\/strong><\/p>\n<p>[\/vc_column_text][\/vc_column][vc_column width=&#8221;1\/3&#8243;][vc_single_image image=&#8221;9166&#8243; alignment=&#8221;center&#8221;][vc_custom_heading text=&#8221;B 212&#8243; font_container=&#8221;tag:h3|text_align:center&#8221; google_fonts=&#8221;font_family:Source%20Serif%20Pro%3A400%2C600%2C700|font_style:700%20bold%20regular%3A700%3Anormal&#8221;][vc_column_text css=&#8221;.vc_custom_1686230009389{margin-bottom: 20px !important;}&#8221;]<\/p>\n<p style=\"text-align: center;\"><strong>Ana \u00d6zellikler<\/strong><br \/>\n2 elementli bom<br \/>\n<strong>12 m yatay eri\u015fim<\/strong><\/p>\n<p>[\/vc_column_text][\/vc_column][\/vc_row][vc_row full_width=&#8221;stretch_row&#8221; css_animation=&#8221;fadeIn&#8221; css=&#8221;.vc_custom_1719917561120{margin-top: 50px !important;background-color: #f5f5f5 !important;border-radius: 5px !important;}&#8221;][vc_column][vc_empty_space height=&#8221;20px&#8221;]<header class=\"kd-section-title col-lg-12 text-center    \" ><h2 class=\"separator_off\" >Atabey Beton Da\u011f\u0131t\u0131c\u0131lar\u0131n\u0131n \u00f6ne \u00e7\u0131kan avantajl\u0131 \u00f6zellikleri<\/h2><h6 class=\"subtitle \" >B Serisi<\/h6><\/header>[vc_empty_space height=&#8221;20px&#8221;][vc_row_inner][vc_column_inner width=&#8221;1\/3&#8243; css=&#8221;.vc_custom_1719917195810{margin-top: 10px !important;margin-right: 10px !important;margin-bottom: 10px !important;margin-left: 10px !important;}&#8221;][vc_single_image image=&#8221;11356&#8243; img_size=&#8221;250&#215;250&#8243; alignment=&#8221;center&#8221; css=&#8221;.vc_custom_1719917203699{margin-top: 10px !important;margin-right: 10px !important;margin-bottom: 10px !important;margin-left: 10px !important;}&#8221;][vc_custom_heading text=&#8221;A\u011f\u0131r Hizmet Tipi D\u00f6n\u00fc\u015f Di\u015flisi&#8221; font_container=&#8221;tag:h4|text_align:left&#8221; google_fonts=&#8221;font_family:Source%20Serif%20Pro%3A400%2C600%2C700|font_style:600%20bold%20regular%3A600%3Anormal&#8221;][vc_column_text]Atabey B Serisi beton da\u011f\u0131t\u0131c\u0131lar\u0131nda, red\u00fckt\u00f6r di\u015fli kutusu ile entegre a\u011f\u0131r hizmet tipi d\u00f6n\u00fc\u015f di\u015flilerine sahiptir. Sistem, genel olarak kullan\u0131lan sonsuz di\u015fli red\u00fckt\u00f6rlere k\u0131yasla \u00e7ok daha g\u00fcvenilirdir.[\/vc_column_text][\/vc_column_inner][vc_column_inner width=&#8221;1\/3&#8243; css=&#8221;.vc_custom_1719917183298{margin-top: 10px !important;margin-right: 10px !important;margin-bottom: 10px !important;margin-left: 10px !important;}&#8221;][vc_single_image image=&#8221;11361&#8243; img_size=&#8221;250&#215;250&#8243; alignment=&#8221;center&#8221; css=&#8221;.vc_custom_1719917187184{margin-top: 10px !important;margin-right: 10px !important;margin-bottom: 10px !important;margin-left: 10px !important;}&#8221;][vc_custom_heading text=&#8221;Ger\u00e7ek Sonsuz D\u00f6n\u00fc\u015f Kabiliyeti&#8221; font_container=&#8221;tag:h4|text_align:left&#8221; google_fonts=&#8221;font_family:Source%20Serif%20Pro%3A400%2C600%2C700|font_style:600%20bold%20regular%3A600%3Anormal&#8221;][vc_column_text]B Serisi makinelerimizde herhangi bir d\u00f6n\u00fc\u015f say\u0131s\u0131 s\u0131n\u0131r\u0131 yoktur. Di\u011fer t\u00fcm markalar\u0131n s\u0131n\u0131rl\u0131 say\u0131da d\u00f6n\u00fc\u015f\u00fc vard\u0131r. Ve makineleri tam bir d\u00f6n\u00fc\u015f (360\u00ba) yapt\u0131\u011f\u0131nda bunun \u201csonsuz d\u00f6n\u00fc\u015f\u201d oldu\u011funu iddia ediyorlar, ger\u00e7ek sonsuz d\u00f6n\u00fc\u015f sistemi sadece Atabey B Serisinde bulunmaktad\u0131r.[\/vc_column_text][\/vc_column_inner][vc_column_inner width=&#8221;1\/3&#8243; css=&#8221;.vc_custom_1719915443395{margin-top: 10px !important;margin-right: 10px !important;margin-bottom: 10px !important;margin-left: 10px !important;}&#8221;][vc_single_image image=&#8221;11366&#8243; img_size=&#8221;250&#215;250&#8243; alignment=&#8221;center&#8221; css=&#8221;.vc_custom_1719917176207{margin-top: 10px !important;margin-right: 10px !important;margin-bottom: 10px !important;margin-left: 10px !important;}&#8221;][vc_custom_heading text=&#8221;Elektrik Kesintisi \u0130\u00e7in Yedekleme: Acil Durum El Pompas\u0131&#8221; font_container=&#8221;tag:h4|text_align:left&#8221; google_fonts=&#8221;font_family:Source%20Serif%20Pro%3A400%2C600%2C700|font_style:600%20bold%20regular%3A600%3Anormal&#8221;][vc_column_text]Acil durum el pompas\u0131 t\u00fcm Atabey B Serisi ekipmanlarda standartt\u0131r. Beton d\u00f6k\u00fcm\u00fcn\u00fc asla durdurma; elektrik kesilmesi durumunda dahi manuel el pompas\u0131 ile beton d\u00f6k\u00fcm\u00fcn\u00fc bitirebilirsiniz. Atabey B Serisi ile \u201cso\u011fuk derz\u201d sorunu yok.[\/vc_column_text][\/vc_column_inner][\/vc_row_inner][vc_row_inner][vc_column_inner width=&#8221;1\/3&#8243; css=&#8221;.vc_custom_1719917195810{margin-top: 10px !important;margin-right: 10px !important;margin-bottom: 10px !important;margin-left: 10px !important;}&#8221;][vc_single_image image=&#8221;11371&#8243; img_size=&#8221;250&#215;250&#8243; alignment=&#8221;center&#8221; css=&#8221;.vc_custom_1719917301731{margin-top: 10px !important;margin-right: 10px !important;margin-bottom: 10px !important;margin-left: 10px !important;}&#8221;][vc_custom_heading text=&#8221;TW: Mobil Kolon Sistemi (Opsiyonel)&#8221; font_container=&#8221;tag:h4|text_align:left&#8221; google_fonts=&#8221;font_family:Source%20Serif%20Pro%3A400%2C600%2C700|font_style:600%20bold%20regular%3A600%3Anormal&#8221;][vc_column_text]Piyasada benzersiz bir \u00f6zelliktir. Bu se\u00e7enek, d\u00f6\u015femelerde konumland\u0131rma s\u0131n\u0131rlamas\u0131na neden olan duvar ve kolonlar\u0131n \u00e7ok oldu\u011fu projelerde daha kolay uygulama sa\u011flar. Kendinden y\u00fckselen kolon sisteminin aksine, bu, ayn\u0131 \u015fantiyede birka\u00e7 bina ve lokasyonda bir \u00fcnitenin kullan\u0131lmas\u0131na izin veren mobil sistemdir.<br \/>\nB\u00fckre\u015f\/Romanya\u2019daki d\u00fcnyan\u0131n en b\u00fcy\u00fck katedralinin yap\u0131m a\u015famas\u0131nda bu se\u00e7enek, beton d\u00f6k\u00fcm gereksinimlerinin \u00e7\u00f6z\u00fcm\u00fcnde kilit rol oynam\u0131\u015ft\u0131r.[\/vc_column_text][\/vc_column_inner][vc_column_inner width=&#8221;1\/3&#8243; css=&#8221;.vc_custom_1719917183298{margin-top: 10px !important;margin-right: 10px !important;margin-bottom: 10px !important;margin-left: 10px !important;}&#8221;][vc_single_image image=&#8221;11376&#8243; img_size=&#8221;250&#215;250&#8243; alignment=&#8221;center&#8221; css=&#8221;.vc_custom_1719917311651{margin-top: 10px !important;margin-right: 10px !important;margin-bottom: 10px !important;margin-left: 10px !important;}&#8221;][vc_custom_heading text=&#8221;K Opsiyonu: B-Serisi \u00d6r\u00fcmcek Bom \u0130\u00e7in Tekerlek Ta\u015f\u0131y\u0131c\u0131 (Opsiyonel)&#8221; font_container=&#8221;tag:h4|text_align:left&#8221; google_fonts=&#8221;font_family:Source%20Serif%20Pro%3A400%2C600%2C700|font_style:600%20bold%20regular%3A600%3Anormal&#8221;][vc_column_text]Atabey\u2019den benzersiz bir \u00e7\u00f6z\u00fcm daha! D\u00f6\u015femelerde kule vin\u00e7 eri\u015fimi s\u0131n\u0131rl\u0131 oldu\u011funda, bu araba sistemi mobilizasyon i\u00e7in idealdir. D\u00f6rt hidrolik payanda ve her biri arabay\u0131 y\u00f6nlendirebilen 2 \u00e7ekme \u00e7ubu\u011fu (\u00f6n-arka) vard\u0131r. \u00c7eki demiri ile \u00e7ekme veya kendinden tahrikli (4\u00d72 veya 4\u00d74 tahrikli hidrostatik g\u00fc\u00e7 \u00e7eki\u015fi) versiyonlar\u0131 mevcuttur.[\/vc_column_text][\/vc_column_inner][vc_column_inner width=&#8221;1\/3&#8243; css=&#8221;.vc_custom_1719915443395{margin-top: 10px !important;margin-right: 10px !important;margin-bottom: 10px !important;margin-left: 10px !important;}&#8221;][vc_single_image image=&#8221;11381&#8243; img_size=&#8221;250&#215;250&#8243; alignment=&#8221;center&#8221; css=&#8221;.vc_custom_1719917321007{margin-top: 10px !important;margin-right: 10px !important;margin-bottom: 10px !important;margin-left: 10px !important;}&#8221;][vc_custom_heading text=&#8221;H\u0131zl\u0131 Ba\u015flang\u0131\u00e7 \u0130\u00e7in Balast Kal\u0131plar\u0131 \u00dccretsiz Verilir&#8221; font_container=&#8221;tag:h4|text_align:left&#8221; google_fonts=&#8221;font_family:Source%20Serif%20Pro%3A400%2C600%2C700|font_style:600%20bold%20regular%3A600%3Anormal&#8221;][vc_column_text]Ekipmanla birlikte verilen haz\u0131r denge ta\u015f\u0131 kal\u0131plar\u0131 ile h\u0131zl\u0131 kurulum. Sadece betonu doldurun ve ba\u015flay\u0131n; Atabey B Serisinde balastlar\u0131 in\u015fa etmek i\u00e7in kal\u0131p vb. yapmaya gerek yoktur. Rakipler ne yapar?<br \/>\nSadece balastlar\u0131n \u00e7izimlerini sa\u011flarlar. M\u00fc\u015fteri, beton d\u00f6k\u00fcm\u00fcne ba\u015flamadan \u00f6nce gerekli balastlar\u0131 elde etmek i\u00e7in bir haz\u0131rl\u0131k \u00e7al\u0131\u015fmas\u0131 yapmal\u0131d\u0131r.[\/vc_column_text][\/vc_column_inner][\/vc_row_inner][\/vc_column][\/vc_row][vc_row css=&#8221;.vc_custom_1637576008203{margin-top: 20px !important;}&#8221;][vc_column][vc_custom_heading text=&#8221;Opsiyonlar&#8221; font_container=&#8221;tag:h2|text_align:center&#8221; google_fonts=&#8221;font_family:Source%20Serif%20Pro%3A400%2C600%2C700|font_style:700%20bold%20regular%3A700%3Anormal&#8221; css=&#8221;.vc_custom_1686230026464{margin-top: 20px !important;}&#8221;][\/vc_column][\/vc_row][vc_row css=&#8221;.vc_custom_1637585227970{margin-top: 20px !important;margin-bottom: 20px !important;}&#8221;][vc_column][vc_custom_heading text=&#8221;4 Tekerlekli ta\u015f\u0131ma se\u00e7enekleri&#8221; font_container=&#8221;tag:h3|font_size:24|text_align:left&#8221; google_fonts=&#8221;font_family:Source%20Serif%20Pro%3A400%2C600%2C700|font_style:700%20bold%20regular%3A700%3Anormal&#8221;][vc_row_inner][vc_column_inner width=&#8221;1\/3&#8243;][vc_single_image image=&#8221;9173&#8243; img_size=&#8221;400&#215;400&#8243;][\/vc_column_inner][vc_column_inner width=&#8221;2\/3&#8243;][vc_column_text]<\/p>\n<ul>\n<li>\u00c7eki\u015fli veya \u00e7eki\u015fsiz<\/li>\n<li>Hidrolik destek ayaklar\u0131<\/li>\n<li>Kendi kendine seyahat ve direksiyon i\u00e7in uzaktan kumanda<\/li>\n<\/ul>\n<p>[\/vc_column_text][vc_gallery type=&#8221;image_grid&#8221; images=&#8221;9179,9185,9190&#8243; img_size=&#8221;250&#215;250&#8243; css=&#8221;.vc_custom_1672308972500{margin-top: 20px !important;margin-left: 20px !important;}&#8221;][\/vc_column_inner][\/vc_row_inner][\/vc_column][\/vc_row][vc_row css=&#8221;.vc_custom_1637577831440{margin-top: 20px !important;margin-bottom: 20px !important;}&#8221;][vc_column][vc_custom_heading text=&#8221;Kule Se\u00e7enekleri<br \/>\n<small>Standart ve \u00f6zel tasar\u0131m \u00e7\u00f6z\u00fcmler<\/small>&#8221; font_container=&#8221;tag:h3|font_size:24|text_align:left&#8221; google_fonts=&#8221;font_family:Source%20Serif%20Pro%3A400%2C600%2C700|font_style:700%20bold%20regular%3A700%3Anormal&#8221;][vc_row_inner css=&#8221;.vc_custom_1637577617407{margin-top: 20px !important;margin-bottom: 20px !important;}&#8221;][vc_column_inner width=&#8221;1\/4&#8243;][vc_single_image image=&#8221;9213&#8243; img_size=&#8221;300&#215;300&#8243;][\/vc_column_inner][vc_column_inner width=&#8221;1\/4&#8243;][vc_single_image image=&#8221;9196&#8243; img_size=&#8221;200&#215;200&#8243; alignment=&#8221;center&#8221; css=&#8221;.vc_custom_1672310085158{margin-bottom: 20px !important;}&#8221;][vc_column_text css=&#8221;.vc_custom_1686230133541{margin-top: 10px !important;}&#8221;]<\/p>\n<p class=\"sppb-addon-title\" style=\"text-align: center;\"><strong>Standart payandalar <\/strong>(desteksiz)<\/p>\n<p>[\/vc_column_text][\/vc_column_inner][vc_column_inner width=&#8221;1\/4&#8243;][vc_single_image image=&#8221;9208&#8243; img_size=&#8221;200&#215;200&#8243; alignment=&#8221;center&#8221; css=&#8221;.vc_custom_1672310044186{margin-bottom: 20px !important;}&#8221;][vc_column_text css=&#8221;.vc_custom_1686230150205{margin-top: 10px !important;}&#8221;]<\/p>\n<p class=\"sppb-addon-title\" style=\"text-align: center;\"><strong>Balast a\u011f\u0131rl\u0131\u011f\u0131na sahip k\u0131sa payandalar <\/strong>(desteksiz)<\/p>\n<p>[\/vc_column_text][\/vc_column_inner][vc_column_inner width=&#8221;1\/4&#8243;][vc_single_image image=&#8221;9219&#8243; img_size=&#8221;200&#215;200&#8243; alignment=&#8221;center&#8221; css=&#8221;.vc_custom_1672310366624{margin-bottom: 20px !important;}&#8221;][vc_column_text css=&#8221;.vc_custom_1686230162614{margin-top: 10px !important;}&#8221;]<\/p>\n<p class=\"sppb-addon-title\" style=\"text-align: center;\"><strong>Kule tabana ba\u011fl\u0131 <\/strong>(ba\u011flant\u0131l\u0131)<\/p>\n<p>[\/vc_column_text][\/vc_column_inner][\/vc_row_inner][\/vc_column][\/vc_row][vc_row][vc_column][vc_custom_heading text=&#8221;Aksesuarlar&#8221; font_container=&#8221;tag:h2|text_align:center&#8221; google_fonts=&#8221;font_family:Source%20Serif%20Pro%3A400%2C600%2C700|font_style:700%20bold%20regular%3A700%3Anormal&#8221; css=&#8221;.vc_custom_1674629046315{margin-top: 20px !important;}&#8221;][\/vc_column][\/vc_row][vc_row][vc_column width=&#8221;1\/3&#8243;][vc_single_image image=&#8221;9070&#8243; alignment=&#8221;center&#8221;][vc_column_text]<\/p>\n<p style=\"text-align: center;\"><strong>Hidrolik Y\u00f6nlendirme Valfleri<\/strong><br \/>\n(el pompas\u0131 ve\/veya harici hidrolik hat ba\u011flant\u0131s\u0131 ile)<\/p>\n<p>[\/vc_column_text][\/vc_column][vc_column width=&#8221;1\/3&#8243;][vc_single_image image=&#8221;9059&#8243; alignment=&#8221;center&#8221;][vc_column_text]<\/p>\n<p style=\"text-align: center;\"><strong>Y\u00f6nlendirme Valfleri \u0130\u00e7in G\u00fc\u00e7<\/strong><br \/>\n(elektrikli veya dizel tahrikli)<\/p>\n<p>[\/vc_column_text][\/vc_column][vc_column width=&#8221;1\/3&#8243;][vc_single_image image=&#8221;9052&#8243; alignment=&#8221;center&#8221;][vc_column_text]<\/p>\n<p style=\"text-align: center;\"><strong>Boru Hatt\u0131 Makas\u0131<\/strong><br \/>\n(kayar kal\u0131p boru hatt\u0131 ba\u011flant\u0131s\u0131)<\/p>\n<p>[\/vc_column_text][\/vc_column][\/vc_row][vc_row full_width=&#8221;stretch_row&#8221; gap=&#8221;5&#8243;][vc_column][vc_empty_space][vc_custom_heading text=&#8221;Foto\u011fraf Galerisi&#8221; font_container=&#8221;tag:h2|text_align:center&#8221; google_fonts=&#8221;font_family:Source%20Serif%20Pro%3A400%2C600%2C700|font_style:700%20bold%20regular%3A700%3Anormal&#8221; css=&#8221;.vc_custom_1674629068453{margin-top: 20px !important;}&#8221;][vc_gallery type=&#8221;image_grid&#8221; images=&#8221;8235,8223,11679,8239,8243,8207,11674,8211,8255,8283,8271,8259,8251,8231&#8243; css_animation=&#8221;fadeInUp&#8221; css=&#8221;&#8221;][\/vc_column][\/vc_row]<\/p>\n<\/div>","protected":false},"excerpt":{"rendered":"<p>[vc_row css=&#8221;.vc_custom_1637578846052{margin-bottom: 80px !important;}&#8221;][vc_column width=&#8221;1\/2&#8243;][\/vc_column][vc_column width=&#8221;1\/2&#8243;][vc_custom_heading text=&#8221;B Serisi Genel \u00d6zellikler&#8221; google_fonts=&#8221;font_family:Source%20Serif%20Pro%3A400%2C600%2C700|font_style:700%20bold%20regular%3A700%3Anormal&#8221;][vc_column_text css=&#8221;.vc_custom_1686229929725{margin-bottom: 20px !important;}&#8221;] Ayr\u0131labilir g\u00f6vdesi sayesinde ta\u015f\u0131nabilir ve konumland\u0131r\u0131labilir [&hellip;]<\/p>\n","protected":false},"author":1,"featured_media":0,"parent":9379,"menu_order":0,"comment_status":"closed","ping_status":"closed","template":"","meta":{"sfsi_plus_gutenberg_text_before_share":"","sfsi_plus_gutenberg_show_text_before_share":"","sfsi_plus_gutenberg_icon_type":"","sfsi_plus_gutenberg_icon_alignemt":"","sfsi_plus_gutenburg_max_per_row":"","footnotes":""},"class_list":["post-9435","page","type-page","status-publish","hentry"],"_links":{"self":[{"href":"https:\/\/atabeymakina.com\/tr\/wp-json\/wp\/v2\/pages\/9435","targetHints":{"allow":["GET"]}}],"collection":[{"href":"https:\/\/atabeymakina.com\/tr\/wp-json\/wp\/v2\/pages"}],"about":[{"href":"https:\/\/atabeymakina.com\/tr\/wp-json\/wp\/v2\/types\/page"}],"author":[{"embeddable":true,"href":"https:\/\/atabeymakina.com\/tr\/wp-json\/wp\/v2\/users\/1"}],"replies":[{"embeddable":true,"href":"https:\/\/atabeymakina.com\/tr\/wp-json\/wp\/v2\/comments?post=9435"}],"version-history":[{"count":11,"href":"https:\/\/atabeymakina.com\/tr\/wp-json\/wp\/v2\/pages\/9435\/revisions"}],"predecessor-version":[{"id":11704,"href":"https:\/\/atabeymakina.com\/tr\/wp-json\/wp\/v2\/pages\/9435\/revisions\/11704"}],"up":[{"embeddable":true,"href":"https:\/\/atabeymakina.com\/tr\/wp-json\/wp\/v2\/pages\/9379"}],"wp:attachment":[{"href":"https:\/\/atabeymakina.com\/tr\/wp-json\/wp\/v2\/media?parent=9435"}],"curies":[{"name":"wp","href":"https:\/\/api.w.org\/{rel}","templated":true}]}}