{"id":9446,"date":"2021-11-22T16:08:28","date_gmt":"2021-11-22T13:08:28","guid":{"rendered":"https:\/\/atabeymakina.com\/beton-dagiticilar\/wheeled-placing-boom\/"},"modified":"2025-09-19T11:47:53","modified_gmt":"2025-09-19T08:47:53","slug":"yuruyuslu-beton-dagitici","status":"publish","type":"page","link":"https:\/\/atabeymakina.com\/tr\/beton-dagiticilar\/yuruyuslu-beton-dagitici\/","title":{"rendered":"4&#215;4 Y\u00fcr\u00fcy\u00fc\u015fl\u00fc Beton Da\u011f\u0131t\u0131c\u0131"},"content":{"rendered":"<div class=\"wpb-content-wrapper\"><p>[vc_row css=&#8221;.vc_custom_1637578846052{margin-bottom: 80px !important;}&#8221;][vc_column width=&#8221;1\/2&#8243;]<div class=\"video-container play-button-center\" ><img loading=\"lazy\" decoding=\"async\" width=\"1024\" height=\"1024\" src=\"https:\/\/atabeymakina.com\/wp-content\/uploads\/2021\/11\/bw-series-10.jpg\" class=\"attachment-full\" alt=\"\" title=\"bw-series-10\" srcset=\"https:\/\/atabeymakina.com\/wp-content\/uploads\/2021\/11\/bw-series-10.jpg 1024w, https:\/\/atabeymakina.com\/wp-content\/uploads\/2021\/11\/bw-series-10-800x800.jpg 800w, https:\/\/atabeymakina.com\/wp-content\/uploads\/2021\/11\/bw-series-10-300x300.jpg 300w, https:\/\/atabeymakina.com\/wp-content\/uploads\/2021\/11\/bw-series-10-150x150.jpg 150w, https:\/\/atabeymakina.com\/wp-content\/uploads\/2021\/11\/bw-series-10-768x768.jpg 768w, https:\/\/atabeymakina.com\/wp-content\/uploads\/2021\/11\/bw-series-10-320x320.jpg 320w\" sizes=\"auto, (max-width: 1024px) 100vw, 1024px\" \/><a data-toggle=\"modal\" data-target=\"#video-modal-kd-video-modal-6a006f254de25\" data-src=\"\" data-backdrop=\"true\" class=\"\"><span class=\"play-video\"><span class=\"fas fa-play\"><\/span><\/span><\/a><\/div><div class=\"modal fade video-modal\" id=\"video-modal-kd-video-modal-6a006f254de25\" role=\"dialog\">\n                            <div class=\"modal-content\">\n                            <button type=\"button\" class=\"close\" data-dismiss=\"modal\">\u00d7<\/button>\n                            <div class=\"row\"><video class=\"video-modal-local\" title=\"\" poster=\"\" height=\"400px\" controls>\n                              <source src=\"https:\/\/atabeymakina.com\/video\/en\/bw-series-costa-rica_en.mp4\" type=\"video\/mp4\"><img decoding=\"async\" alt=\"\" src=\"\" title=\"Video playback is not supported by your browser\" \/>\n                              <\/video><\/div>\n                            <\/div>\n                        <\/div>[\/vc_column][vc_column width=&#8221;1\/2&#8243;][vc_custom_heading text=&#8221;BW 21 Serisi Genel \u00d6zellikler&#8221; google_fonts=&#8221;font_family:Source%20Serif%20Pro%3A400%2C600%2C700|font_style:700%20bold%20regular%3A700%3Anormal&#8221;][vc_column_text]<\/p>\n<ul>\n<li>Sabit pompada yenilik! Sabit pompalar\u0131m\u0131z\u0131 mobil hale getirdik!<\/li>\n<li>Mod\u00fcler yap\u0131s\u0131 sayesinde kolayca ta\u015f\u0131n\u0131r<\/li>\n<li>Kablosuz uzaktan kumanda (opsiyonel) bulunmaktad\u0131r<\/li>\n<li>Dizel, benzinli ve elektrikli olmak \u00fczere \u00fc\u00e7 motor se\u00e7ene\u011fine sahiptir<\/li>\n<li>4 Tekerden \u00e7eki\u015fli y\u00fcr\u00fcy\u00fc\u015f sistemiyle d\u00fcnyada tek hidrolik beton da\u011f\u0131t\u0131c\u0131<\/li>\n<li>4 Tekerden \u00e7eki\u015fli hidrostatik y\u00fcr\u00fcy\u00fc\u015f sistemi<\/li>\n<\/ul>\n<p>[\/vc_column_text][vc_custom_heading text=&#8221;BW 24 Serisi Genel \u00d6zellikler&#8221; google_fonts=&#8221;font_family:Source%20Serif%20Pro%3A400%2C600%2C700|font_style:700%20bold%20regular%3A700%3Anormal&#8221; css=&#8221;.vc_custom_1674568641544{margin-top: 30px !important;}&#8221;][vc_column_text css=&#8221;.vc_custom_1686743582924{margin-bottom: 20px !important;}&#8221;]<\/p>\n<ul>\n<li>Kablosuz uzaktan kumanda bulunmaktad\u0131r<\/li>\n<li>Dizel motor bulunmaktad\u0131r<\/li>\n<\/ul>\n<p>[\/vc_column_text]<a  href=\"https:\/\/atabeymakina.com\/pdf\/en\/250919_bw_series_en.pdf\"  target=\"_blank\"  title=\"\" class=\"tt_button tt_primary_button btn_primary_color hover_solid_secondary pull-left button-action-link\" ><span class=\"prim_text\">BW Serisi Katalog<\/span><\/a>[\/vc_column][\/vc_row][vc_row][vc_column width=&#8221;1\/3&#8243;][vc_single_image image=&#8221;9123&#8243; alignment=&#8221;center&#8221;][vc_custom_heading text=&#8221;BW 313&#8243; font_container=&#8221;tag:h3|text_align:center&#8221; google_fonts=&#8221;font_family:Source%20Serif%20Pro%3A400%2C600%2C700|font_style:700%20bold%20regular%3A700%3Anormal&#8221;][vc_column_text css=&#8221;.vc_custom_1721893945572{margin-bottom: 20px !important;}&#8221;]<\/p>\n<p style=\"text-align: center;\"><strong>Ana \u00d6zellikler<\/strong><br \/>\n<strong>Maks. dikey eri\u015fim:<\/strong> 13 m<br \/>\n<strong>Maks. yatay eri\u015fim:<\/strong> 11 m<br \/>\n<strong>Toplam a\u011f\u0131rl\u0131k:<\/strong> 2700 kg<br \/>\n360\u00b0 d\u00f6n\u00fc\u015f hareketi<\/p>\n<p>[\/vc_column_text][\/vc_column][vc_column width=&#8221;1\/3&#8243;][vc_single_image image=&#8221;9128&#8243; alignment=&#8221;center&#8221;][vc_custom_heading text=&#8221;BW 21&#8243; font_container=&#8221;tag:h3|text_align:center&#8221; google_fonts=&#8221;font_family:Source%20Serif%20Pro%3A400%2C600%2C700|font_style:700%20bold%20regular%3A700%3Anormal&#8221;][vc_column_text css=&#8221;.vc_custom_1721894087957{margin-bottom: 20px !important;}&#8221;]<\/p>\n<p style=\"text-align: center;\"><strong>Ana \u00d6zellikler<\/strong><br \/>\n<strong>Maks. dikey eri\u015fim:<\/strong> 21 m<br \/>\n<strong>Maks. yatay eri\u015fim:<\/strong> 18 m<br \/>\n<strong>Toplam a\u011f\u0131rl\u0131k:<\/strong>\u00a09000 kg<br \/>\n360\u00b0 d\u00f6n\u00fc\u015f hareketi<\/p>\n<p>[\/vc_column_text][\/vc_column][vc_column width=&#8221;1\/3&#8243;][vc_single_image image=&#8221;9133&#8243; alignment=&#8221;center&#8221;][vc_custom_heading text=&#8221;BW 24&#8243; font_container=&#8221;tag:h3|text_align:center&#8221; google_fonts=&#8221;font_family:Source%20Serif%20Pro%3A400%2C600%2C700|font_style:700%20bold%20regular%3A700%3Anormal&#8221;][vc_column_text css=&#8221;.vc_custom_1721894149061{margin-bottom: 20px !important;}&#8221;]<\/p>\n<p style=\"text-align: center;\"><strong>Main Specification<\/strong><br \/>\n<strong>Maks. dikey eri\u015fim:<\/strong> 24 m<br \/>\n<strong>Maks. yatay eri\u015fim:<\/strong> 21 m<br \/>\n<strong>Toplam a\u011f\u0131rl\u0131k:<\/strong>\u00a012000 kg<br \/>\n(balast dahil)<br \/>\n360\u00b0 d\u00f6n\u00fc\u015f hareketi<\/p>\n<p>[\/vc_column_text][\/vc_column][\/vc_row][vc_row full_width=&#8221;stretch_row&#8221; gap=&#8221;5&#8243;][vc_column][vc_empty_space][vc_custom_heading text=&#8221;Foto\u011fraf Galerisi&#8221; font_container=&#8221;tag:h2|text_align:center&#8221; google_fonts=&#8221;font_family:Source%20Serif%20Pro%3A400%2C600%2C700|font_style:700%20bold%20regular%3A700%3Anormal&#8221; css=&#8221;.vc_custom_1674628643604{margin-top: 20px !important;}&#8221;][vc_gallery type=&#8221;image_grid&#8221; images=&#8221;8479,8487,8775,8503,8523,8527,8515&#8243; css_animation=&#8221;fadeInUp&#8221; css=&#8221;&#8221;][\/vc_column][\/vc_row]<\/p>\n<\/div>","protected":false},"excerpt":{"rendered":"<p>[vc_row css=&#8221;.vc_custom_1637578846052{margin-bottom: 80px !important;}&#8221;][vc_column width=&#8221;1\/2&#8243;][\/vc_column][vc_column width=&#8221;1\/2&#8243;][vc_custom_heading text=&#8221;BW 21 Serisi Genel \u00d6zellikler&#8221; google_fonts=&#8221;font_family:Source%20Serif%20Pro%3A400%2C600%2C700|font_style:700%20bold%20regular%3A700%3Anormal&#8221;][vc_column_text] Sabit pompada yenilik! Sabit pompalar\u0131m\u0131z\u0131 mobil hale getirdik! [&hellip;]<\/p>\n","protected":false},"author":1,"featured_media":0,"parent":9379,"menu_order":0,"comment_status":"closed","ping_status":"closed","template":"","meta":{"sfsi_plus_gutenberg_text_before_share":"","sfsi_plus_gutenberg_show_text_before_share":"","sfsi_plus_gutenberg_icon_type":"","sfsi_plus_gutenberg_icon_alignemt":"","sfsi_plus_gutenburg_max_per_row":"","footnotes":""},"class_list":["post-9446","page","type-page","status-publish","hentry"],"_links":{"self":[{"href":"https:\/\/atabeymakina.com\/tr\/wp-json\/wp\/v2\/pages\/9446","targetHints":{"allow":["GET"]}}],"collection":[{"href":"https:\/\/atabeymakina.com\/tr\/wp-json\/wp\/v2\/pages"}],"about":[{"href":"https:\/\/atabeymakina.com\/tr\/wp-json\/wp\/v2\/types\/page"}],"author":[{"embeddable":true,"href":"https:\/\/atabeymakina.com\/tr\/wp-json\/wp\/v2\/users\/1"}],"replies":[{"embeddable":true,"href":"https:\/\/atabeymakina.com\/tr\/wp-json\/wp\/v2\/comments?post=9446"}],"version-history":[{"count":11,"href":"https:\/\/atabeymakina.com\/tr\/wp-json\/wp\/v2\/pages\/9446\/revisions"}],"predecessor-version":[{"id":12329,"href":"https:\/\/atabeymakina.com\/tr\/wp-json\/wp\/v2\/pages\/9446\/revisions\/12329"}],"up":[{"embeddable":true,"href":"https:\/\/atabeymakina.com\/tr\/wp-json\/wp\/v2\/pages\/9379"}],"wp:attachment":[{"href":"https:\/\/atabeymakina.com\/tr\/wp-json\/wp\/v2\/media?parent=9446"}],"curies":[{"name":"wp","href":"https:\/\/api.w.org\/{rel}","templated":true}]}}