{"id":9457,"date":"2021-11-22T16:48:08","date_gmt":"2021-11-22T13:48:08","guid":{"rendered":"https:\/\/atabeymakina.com\/beton-dagiticilar\/mini-spider-boom-on-trolley\/"},"modified":"2025-07-03T14:17:35","modified_gmt":"2025-07-03T11:17:35","slug":"tekerlekli-mini-beton-dagitici","status":"publish","type":"page","link":"https:\/\/atabeymakina.com\/tr\/beton-dagiticilar\/tekerlekli-mini-beton-dagitici\/","title":{"rendered":"Tekerlekli Mini Beton Da\u011f\u0131t\u0131c\u0131"},"content":{"rendered":"<div class=\"wpb-content-wrapper\"><p>[vc_row css=&#8221;.vc_custom_1637578846052{margin-bottom: 80px !important;}&#8221;][vc_column width=&#8221;1\/2&#8243;][vc_single_image image=&#8221;11941&#8243; img_size=&#8221;512&#215;512&#8243; alignment=&#8221;center&#8221; style=&#8221;vc_box_rounded&#8221; css=&#8221;&#8221;][\/vc_column][vc_column width=&#8221;1\/2&#8243;][vc_custom_heading text=&#8221;ALZ Serisinin \u00dcst\u00fcn \u00d6zellikleri&#8221; google_fonts=&#8221;font_family:Source%20Serif%20Pro%3A400%2C600%2C700|font_style:700%20bold%20regular%3A700%3Anormal&#8221;][vc_column_text css=&#8221;.vc_custom_1722325551599{margin-bottom: 20px !important;}&#8221;]<\/p>\n<ul>\n<li>Bomun sonsuz d\u00f6n\u00fc\u015f hareketi<\/li>\n<li>Bom katlama ve d\u00f6nd\u00fcrme hidrolik olarak \u00e7al\u0131\u015ft\u0131r\u0131l\u0131r<\/li>\n<li>Hidrolik sistem bir elektrik motoru veya motorla \u00e7al\u0131\u015ft\u0131r\u0131l\u0131r, ayr\u0131ca yedek olarak bir el pompas\u0131 da bulunur<\/li>\n<li>4 tekerlek daha kolay konumland\u0131rma sa\u011flar<\/li>\n<li>Hidrolik katlan\u0131r ayaklara sahip, katlanabilir destek ayaklar\u0131 daha kolay yeniden konumland\u0131rma sa\u011flar<\/li>\n<\/ul>\n<p>[\/vc_column_text]<a  href=\"https:\/\/atabeymakina.com\/pdf\/en\/250409_alz_series_en.pdf\"  target=\"_blank\"  title=\"\" class=\"tt_button tt_primary_button btn_primary_color hover_solid_secondary pull-left button-action-link\" ><span class=\"prim_text\">ALZ Serisi Katalog<\/span><\/a>[vc_empty_space height=&#8221;20px&#8221;][vc_custom_heading text=&#8221;PS Serisinin \u00dcst\u00fcn \u00d6zellikleri&#8221; google_fonts=&#8221;font_family:Source%20Serif%20Pro%3A400%2C600%2C700|font_style:700%20bold%20regular%3A700%3Anormal&#8221;][vc_column_text css=&#8221;.vc_custom_1722324719391{margin-bottom: 20px !important;}&#8221;]<\/p>\n<ul>\n<li>Bomun sonsuz d\u00f6n\u00fc\u015f hareketi<\/li>\n<li>Bom katlama ve d\u00f6nd\u00fcrme hidrolik olarak \u00e7al\u0131\u015ft\u0131r\u0131l\u0131r<\/li>\n<li>Hidrolik sistem bir elektrik motoru veya motorla \u00e7al\u0131\u015ft\u0131r\u0131l\u0131r, ayr\u0131ca yedek olarak bir el pompas\u0131 da bulunur<\/li>\n<li>4 tekerlek daha kolay konumland\u0131rma sa\u011flar<\/li>\n<li>Mekanik kriko ile katlanabilir destek ayaklar\u0131, daha kolay konumland\u0131rma sa\u011flamak i\u00e7in ideal kompakt bir boyuta katk\u0131da bulunur<\/li>\n<\/ul>\n<p>[\/vc_column_text]<a  href=\"https:\/\/atabeymakina.com\/pdf\/en\/250407_ps_series_en.pdf\"  target=\"_blank\"  title=\"\" class=\"tt_button tt_primary_button btn_primary_color hover_solid_secondary pull-left button-action-link\" ><span class=\"prim_text\">PS Serisi Katalog<\/span><\/a>[\/vc_column][\/vc_row][vc_row][vc_column width=&#8221;1\/4&#8243;][vc_single_image image=&#8221;9111&#8243; alignment=&#8221;center&#8221;][vc_custom_heading text=&#8221;PS 05&#8243; font_container=&#8221;tag:h3|text_align:center&#8221; google_fonts=&#8221;font_family:Source%20Serif%20Pro%3A400%2C600%2C700|font_style:700%20bold%20regular%3A700%3Anormal&#8221;][vc_column_text css=&#8221;.vc_custom_1722249212879{margin-bottom: 20px !important;}&#8221;]<\/p>\n<p style=\"text-align: center;\"><strong>Ana \u00d6zellikler<\/strong><br \/>\n<strong>Da\u011f\u0131t\u0131m y\u00fcksekli\u011fi:<\/strong><br \/>\nMaksimum 7.5 m<br \/>\n<strong>Yatay da\u011f\u0131t\u0131m \u00e7ap\u0131:<\/strong> 5 m<br \/>\n(+2 m fil hortumu)<br \/>\nKompakt boyutu ile d\u00fc\u015f\u00fck alanlarda \u00e7al\u0131\u015fma<br \/>\n<strong>A\u011f\u0131rl\u0131k:<\/strong>\u00a0980 kg<\/p>\n<p>[\/vc_column_text][\/vc_column][vc_column width=&#8221;1\/4&#8243;][vc_single_image image=&#8221;9117&#8243; alignment=&#8221;center&#8221;][vc_custom_heading text=&#8221;PS 07&#8243; font_container=&#8221;tag:h3|text_align:center&#8221; google_fonts=&#8221;font_family:Source%20Serif%20Pro%3A400%2C600%2C700|font_style:700%20bold%20regular%3A700%3Anormal&#8221;][vc_column_text css=&#8221;.vc_custom_1722249222207{margin-bottom: 20px !important;}&#8221;]<\/p>\n<p style=\"text-align: center;\"><strong>Ana \u00d6zellikler<\/strong><br \/>\n<strong>Da\u011f\u0131t\u0131m y\u00fcksekli\u011fi:<\/strong><br \/>\nMaksimum 9.5 m<br \/>\n<strong>Yatay da\u011f\u0131t\u0131m \u00e7ap\u0131::<\/strong> 7 m<br \/>\n(+2 m fil hortumu)<br \/>\nKompakt boyutu ile d\u00fc\u015f\u00fck alanlarda \u00e7al\u0131\u015fma<br \/>\n<strong>A\u011f\u0131rl\u0131k:<\/strong>\u00a01500 kg<\/p>\n<p>[\/vc_column_text][\/vc_column][vc_column width=&#8221;1\/4&#8243;][vc_single_image image=&#8221;11559&#8243; alignment=&#8221;center&#8221;][vc_custom_heading text=&#8221;ALZ 07&#8243; font_container=&#8221;tag:h3|text_align:center&#8221; google_fonts=&#8221;font_family:Source%20Serif%20Pro%3A400%2C600%2C700|font_style:700%20bold%20regular%3A700%3Anormal&#8221;][vc_column_text css=&#8221;.vc_custom_1744198292048{margin-bottom: 20px !important;}&#8221;]<\/p>\n<p style=\"text-align: center;\"><strong>Ana \u00d6zellikler<\/strong><br \/>\n<strong>Da\u011f\u0131t\u0131m y\u00fcksekli\u011fi:<\/strong><br \/>\nMaksimum 8.5 m<br \/>\n<strong>Yatay da\u011f\u0131t\u0131m \u00e7ap\u0131::<\/strong> 7 m<br \/>\n(+2 m fil hortumu)<br \/>\nKompakt boyutu ile d\u00fc\u015f\u00fck alanlarda \u00e7al\u0131\u015fma<br \/>\n<strong>A\u011f\u0131rl\u0131k:<\/strong> 1360 kg<\/p>\n<p>[\/vc_column_text][\/vc_column][vc_column width=&#8221;1\/4&#8243;][vc_single_image image=&#8221;11559&#8243; alignment=&#8221;center&#8221;][vc_custom_heading text=&#8221;ALZ 09&#8243; font_container=&#8221;tag:h3|text_align:center&#8221; google_fonts=&#8221;font_family:Source%20Serif%20Pro%3A400%2C600%2C700|font_style:700%20bold%20regular%3A700%3Anormal&#8221;][vc_column_text css=&#8221;.vc_custom_1744198300784{margin-bottom: 20px !important;}&#8221;]<\/p>\n<p style=\"text-align: center;\"><strong>Ana \u00d6zellikler<\/strong><br \/>\n<strong>Da\u011f\u0131t\u0131m y\u00fcksekli\u011fi:<\/strong><br \/>\nMaksimum 10.5 m<br \/>\n<strong>Yatay da\u011f\u0131t\u0131m \u00e7ap\u0131::<\/strong> 9 m<br \/>\n(+2 m fil hortumu)<br \/>\nKompakt boyutu ile d\u00fc\u015f\u00fck alanlarda \u00e7al\u0131\u015fma<br \/>\n<strong>A\u011f\u0131rl\u0131k:<\/strong> 1480 kg<\/p>\n<p>[\/vc_column_text][\/vc_column][\/vc_row][vc_row full_width=&#8221;stretch_row&#8221; gap=&#8221;5&#8243;][vc_column][vc_empty_space][vc_custom_heading text=&#8221;Foto\u011fraf Galerisi&#8221; font_container=&#8221;tag:h2|text_align:center&#8221; google_fonts=&#8221;font_family:Source%20Serif%20Pro%3A400%2C600%2C700|font_style:700%20bold%20regular%3A700%3Anormal&#8221; css=&#8221;.vc_custom_1674629245811{margin-top: 20px !important;}&#8221;][vc_gallery type=&#8221;image_grid&#8221; images=&#8221;11951,11551,11541,11941,11931,11936,11531&#8243; css_animation=&#8221;fadeInUp&#8221; css=&#8221;&#8221;][vc_gallery type=&#8221;image_grid&#8221; images=&#8221;8575,8195,8539,8555,8531,8583,8559&#8243; css_animation=&#8221;fadeInUp&#8221; css=&#8221;&#8221;][\/vc_column][\/vc_row]<\/p>\n<\/div>","protected":false},"excerpt":{"rendered":"<p>[vc_row css=&#8221;.vc_custom_1637578846052{margin-bottom: 80px !important;}&#8221;][vc_column width=&#8221;1\/2&#8243;][vc_single_image image=&#8221;11941&#8243; img_size=&#8221;512&#215;512&#8243; alignment=&#8221;center&#8221; style=&#8221;vc_box_rounded&#8221; css=&#8221;&#8221;][\/vc_column][vc_column width=&#8221;1\/2&#8243;][vc_custom_heading text=&#8221;ALZ Serisinin \u00dcst\u00fcn \u00d6zellikleri&#8221; google_fonts=&#8221;font_family:Source%20Serif%20Pro%3A400%2C600%2C700|font_style:700%20bold%20regular%3A700%3Anormal&#8221;][vc_column_text css=&#8221;.vc_custom_1722325551599{margin-bottom: 20px !important;}&#8221;] Bomun [&hellip;]<\/p>\n","protected":false},"author":1,"featured_media":0,"parent":9379,"menu_order":0,"comment_status":"closed","ping_status":"closed","template":"","meta":{"sfsi_plus_gutenberg_text_before_share":"","sfsi_plus_gutenberg_show_text_before_share":"","sfsi_plus_gutenberg_icon_type":"","sfsi_plus_gutenberg_icon_alignemt":"","sfsi_plus_gutenburg_max_per_row":"","footnotes":""},"class_list":["post-9457","page","type-page","status-publish","hentry"],"_links":{"self":[{"href":"https:\/\/atabeymakina.com\/tr\/wp-json\/wp\/v2\/pages\/9457","targetHints":{"allow":["GET"]}}],"collection":[{"href":"https:\/\/atabeymakina.com\/tr\/wp-json\/wp\/v2\/pages"}],"about":[{"href":"https:\/\/atabeymakina.com\/tr\/wp-json\/wp\/v2\/types\/page"}],"author":[{"embeddable":true,"href":"https:\/\/atabeymakina.com\/tr\/wp-json\/wp\/v2\/users\/1"}],"replies":[{"embeddable":true,"href":"https:\/\/atabeymakina.com\/tr\/wp-json\/wp\/v2\/comments?post=9457"}],"version-history":[{"count":19,"href":"https:\/\/atabeymakina.com\/tr\/wp-json\/wp\/v2\/pages\/9457\/revisions"}],"predecessor-version":[{"id":12259,"href":"https:\/\/atabeymakina.com\/tr\/wp-json\/wp\/v2\/pages\/9457\/revisions\/12259"}],"up":[{"embeddable":true,"href":"https:\/\/atabeymakina.com\/tr\/wp-json\/wp\/v2\/pages\/9379"}],"wp:attachment":[{"href":"https:\/\/atabeymakina.com\/tr\/wp-json\/wp\/v2\/media?parent=9457"}],"curies":[{"name":"wp","href":"https:\/\/api.w.org\/{rel}","templated":true}]}}