{"id":9469,"date":"2021-11-22T16:58:41","date_gmt":"2021-11-22T13:58:41","guid":{"rendered":"https:\/\/atabeymakina.com\/beton-pompalari\/scorpion-concrete-pump\/"},"modified":"2025-07-03T11:12:08","modified_gmt":"2025-07-03T08:12:08","slug":"scorpion-beton-pompasi","status":"publish","type":"page","link":"https:\/\/atabeymakina.com\/tr\/beton-pompalari\/scorpion-beton-pompasi\/","title":{"rendered":"Scorpion Beton Pompas\u0131"},"content":{"rendered":"<div class=\"wpb-content-wrapper\"><p>[vc_row css=&#8221;.vc_custom_1637578846052{margin-bottom: 80px !important;}&#8221;][vc_column width=&#8221;1\/2&#8243;]<div class=\"video-container play-button-center\" ><img loading=\"lazy\" decoding=\"async\" width=\"1024\" height=\"1024\" src=\"https:\/\/atabeymakina.com\/wp-content\/uploads\/2021\/11\/scp-series-19.jpg\" class=\"attachment-full\" alt=\"\" title=\"scp-series-19\" srcset=\"https:\/\/atabeymakina.com\/wp-content\/uploads\/2021\/11\/scp-series-19.jpg 1024w, https:\/\/atabeymakina.com\/wp-content\/uploads\/2021\/11\/scp-series-19-800x800.jpg 800w, https:\/\/atabeymakina.com\/wp-content\/uploads\/2021\/11\/scp-series-19-300x300.jpg 300w, https:\/\/atabeymakina.com\/wp-content\/uploads\/2021\/11\/scp-series-19-150x150.jpg 150w, https:\/\/atabeymakina.com\/wp-content\/uploads\/2021\/11\/scp-series-19-768x768.jpg 768w, https:\/\/atabeymakina.com\/wp-content\/uploads\/2021\/11\/scp-series-19-320x320.jpg 320w\" sizes=\"auto, (max-width: 1024px) 100vw, 1024px\" \/><a data-toggle=\"modal\" data-target=\"#video-modal-kd-video-modal-69e735f78bb08\" data-src=\"\" data-backdrop=\"true\" class=\"\"><span class=\"play-video\"><span class=\"fas fa-play\"><\/span><\/span><\/a><\/div><div class=\"modal fade video-modal\" id=\"video-modal-kd-video-modal-69e735f78bb08\" role=\"dialog\">\n                            <div class=\"modal-content\">\n                            <button type=\"button\" class=\"close\" data-dismiss=\"modal\">\u00d7<\/button>\n                            <div class=\"row\"><video class=\"video-modal-local\" title=\"\" poster=\"\" height=\"400px\" controls>\n                              <source src=\"https:\/\/atabeymakina.com\/video\/en\/scp-series-introduction_en.mp4\" type=\"video\/mp4\"><img decoding=\"async\" alt=\"\" src=\"\" title=\"Video playback is not supported by your browser\" \/>\n                              <\/video><\/div>\n                            <\/div>\n                        <\/div>[\/vc_column][vc_column width=&#8221;1\/2&#8243;][vc_custom_heading text=&#8221;Scorpion Serisi Genel \u00d6zellikler&#8221; google_fonts=&#8221;font_family:Source%20Serif%20Pro%3A400%2C600%2C700|font_style:700%20bold%20regular%3A700%3Anormal&#8221;][vc_column_text css=&#8221;.vc_custom_1686234874260{margin-bottom: 20px !important;}&#8221;]<\/p>\n<ul>\n<li>D\u00fcnya&#8217;da tek! Kablosuz uzaktan kumanda kontrol\u00fc<\/li>\n<li>Entegre edilmi\u015f \u00fc\u00e7 par\u00e7al\u0131 bom<\/li>\n<li>4X4 y\u00fcr\u00fcy\u00fc\u015f \u00f6zelli\u011fi<\/li>\n<li>D\u00f6rt silindirli dizel motor alternatifleri<\/li>\n<li>Otomatik merkezi ya\u011flama sistemi<\/li>\n<li>M\u00fckemmel kal\u0131ba yakla\u015fma<\/li>\n<li>Konteyn\u0131ra s\u0131\u011fma \u00f6zelli\u011fi sayesinde d\u00fcnyan\u0131n her yerine g\u00f6nderilebilme<\/li>\n<\/ul>\n<p>[\/vc_column_text]<a  href=\"https:\/\/atabeymakina.com\/pdf\/en\/250407_scp_series_en.pdf\"  target=\"_blank\"  title=\"\" class=\"tt_button tt_primary_button btn_primary_color hover_solid_secondary pull-left button-action-link\" ><span class=\"prim_text\">SCP Serisi Katalog<\/span><\/a>[\/vc_column][\/vc_row][vc_row][vc_column width=&#8221;1\/3&#8243;][vc_single_image image=&#8221;9091&#8243; alignment=&#8221;center&#8221;][vc_custom_heading text=&#8221;SCP 3.24 (+3)&#8221; font_container=&#8221;tag:h3|text_align:center&#8221; google_fonts=&#8221;font_family:Source%20Serif%20Pro%3A400%2C600%2C700|font_style:700%20bold%20regular%3A700%3Anormal&#8221;][vc_column_text css=&#8221;.vc_custom_1686296682763{margin-bottom: 20px !important;}&#8221;]<\/p>\n<p style=\"text-align: center;\"><strong>Ana \u00d6zellikler<\/strong><br \/>\n<strong>Motor g\u00fcc\u00fc:<\/strong>\u00a050 \u2013 165 kW \/ 67 \u2013 220 Hp<br \/>\n<strong>Beton pompalama ak\u0131\u015f\u0131:<\/strong>\u00a038 \u2013 82 m\u00b3\/h<br \/>\n<strong>Motor se\u00e7enekleri<\/strong><br \/>\nPerkins, Cummins, Yavuz, Kubota dizel motorlar<\/p>\n<p>[\/vc_column_text][\/vc_column][vc_column width=&#8221;1\/3&#8243;][vc_single_image image=&#8221;9085&#8243; alignment=&#8221;center&#8221;][vc_custom_heading text=&#8221;SCP 3.21 (+3)&#8221; font_container=&#8221;tag:h3|text_align:center&#8221; google_fonts=&#8221;font_family:Source%20Serif%20Pro%3A400%2C600%2C700|font_style:700%20bold%20regular%3A700%3Anormal&#8221;][vc_column_text css=&#8221;.vc_custom_1687506676583{margin-bottom: 20px !important;}&#8221;]<\/p>\n<p style=\"text-align: center;\"><strong>Ana \u00d6zellikler<\/strong><br \/>\n<strong>Motor g\u00fcc\u00fc:<\/strong> 50 \u2013 120 kW \/ 67 \u2013 160 Hp<br \/>\n<strong>Beton pompalama ak\u0131\u015f\u0131:<\/strong>\u00a025 \u2013 60 m\u00b3\/h<br \/>\n<strong>Motor se\u00e7enekleri<\/strong><br \/>\nPerkins, Cummins, Yavuz, Kubota dizel motorlar<\/p>\n<p>[\/vc_column_text][\/vc_column][vc_column width=&#8221;1\/3&#8243;][vc_single_image image=&#8221;9098&#8243; alignment=&#8221;center&#8221;][vc_custom_heading text=&#8221;Katlanabilir Ta\u015f\u0131y\u0131c\u0131 Treyler<br \/>\nFT 208&#8243; font_container=&#8221;tag:h3|text_align:center&#8221; google_fonts=&#8221;font_family:Source%20Serif%20Pro%3A400%2C600%2C700|font_style:700%20bold%20regular%3A700%3Anormal&#8221;][vc_column_text css=&#8221;.vc_custom_1672731733347{margin-bottom: 20px !important;}&#8221;]<\/p>\n<p style=\"text-align: center;\"><strong>Ana \u00d6zellikler<\/strong><br \/>\nFT 208 Treyler, deniza\u015f\u0131r\u0131 konteynerlerde yap\u0131lan g\u00f6nderiler i\u00e7in katlanabilir. Deniza\u015f\u0131r\u0131 g\u00f6nderiler i\u00e7in Scorpion beton pompas\u0131n\u0131 ve ta\u015f\u0131y\u0131c\u0131 r\u00f6morku ayn\u0131 40&#8242; HC konteyner ile g\u00f6nderilebilir.<\/p>\n<p>[\/vc_column_text][\/vc_column][\/vc_row][vc_row full_width=&#8221;stretch_row&#8221; gap=&#8221;5&#8243;][vc_column][vc_empty_space][vc_custom_heading text=&#8221;Foto\u011fraf Galerisi&#8221; font_container=&#8221;tag:h2|text_align:center&#8221; google_fonts=&#8221;font_family:Source%20Serif%20Pro%3A400%2C600%2C700|font_style:700%20bold%20regular%3A700%3Anormal&#8221; css=&#8221;.vc_custom_1674629734675{margin-top: 20px !important;}&#8221;][vc_gallery type=&#8221;image_grid&#8221; images=&#8221;8723,8715,8711,8707,8703,8691,8687,8683,8671,8667,8743,8735,8679,8739&#8243; css_animation=&#8221;fadeInUp&#8221; css=&#8221;&#8221;][\/vc_column][\/vc_row]<\/p>\n<\/div>","protected":false},"excerpt":{"rendered":"<p>[vc_row css=&#8221;.vc_custom_1637578846052{margin-bottom: 80px !important;}&#8221;][vc_column width=&#8221;1\/2&#8243;][\/vc_column][vc_column width=&#8221;1\/2&#8243;][vc_custom_heading text=&#8221;Scorpion Serisi Genel \u00d6zellikler&#8221; google_fonts=&#8221;font_family:Source%20Serif%20Pro%3A400%2C600%2C700|font_style:700%20bold%20regular%3A700%3Anormal&#8221;][vc_column_text css=&#8221;.vc_custom_1686234874260{margin-bottom: 20px !important;}&#8221;] D\u00fcnya&#8217;da tek! Kablosuz uzaktan kumanda kontrol\u00fc [&hellip;]<\/p>\n","protected":false},"author":1,"featured_media":0,"parent":9377,"menu_order":0,"comment_status":"closed","ping_status":"closed","template":"","meta":{"sfsi_plus_gutenberg_text_before_share":"","sfsi_plus_gutenberg_show_text_before_share":"","sfsi_plus_gutenberg_icon_type":"","sfsi_plus_gutenberg_icon_alignemt":"","sfsi_plus_gutenburg_max_per_row":"","footnotes":""},"class_list":["post-9469","page","type-page","status-publish","hentry"],"_links":{"self":[{"href":"https:\/\/atabeymakina.com\/tr\/wp-json\/wp\/v2\/pages\/9469","targetHints":{"allow":["GET"]}}],"collection":[{"href":"https:\/\/atabeymakina.com\/tr\/wp-json\/wp\/v2\/pages"}],"about":[{"href":"https:\/\/atabeymakina.com\/tr\/wp-json\/wp\/v2\/types\/page"}],"author":[{"embeddable":true,"href":"https:\/\/atabeymakina.com\/tr\/wp-json\/wp\/v2\/users\/1"}],"replies":[{"embeddable":true,"href":"https:\/\/atabeymakina.com\/tr\/wp-json\/wp\/v2\/comments?post=9469"}],"version-history":[{"count":3,"href":"https:\/\/atabeymakina.com\/tr\/wp-json\/wp\/v2\/pages\/9469\/revisions"}],"predecessor-version":[{"id":12255,"href":"https:\/\/atabeymakina.com\/tr\/wp-json\/wp\/v2\/pages\/9469\/revisions\/12255"}],"up":[{"embeddable":true,"href":"https:\/\/atabeymakina.com\/tr\/wp-json\/wp\/v2\/pages\/9377"}],"wp:attachment":[{"href":"https:\/\/atabeymakina.com\/tr\/wp-json\/wp\/v2\/media?parent=9469"}],"curies":[{"name":"wp","href":"https:\/\/api.w.org\/{rel}","templated":true}]}}